{"id":22388,"date":"2022-11-26T11:47:45","date_gmt":"2022-11-26T08:47:45","guid":{"rendered":"https:\/\/www.discoveramari.gr\/%ce%bc%ce%bf%ce%bd%ce%b1%cf%83%cf%84%ce%ae%cf%81%ce%b9%ce%b1-%ce%bd%ce%b1%ce%bf%ce%af\/"},"modified":"2023-07-10T10:40:49","modified_gmt":"2023-07-10T07:40:49","slug":"kloester-kirchen","status":"publish","type":"page","link":"https:\/\/www.discoveramari.gr\/de\/kloester-kirchen\/","title":{"rendered":"Kl\u00f6ster &#8211; Kirchen"},"content":{"rendered":"<p>[et_pb_section fb_built=&#8220;1&#8243; admin_label=&#8220;section&#8220; _builder_version=&#8220;4.21.0&#8243; background_color=&#8220;#d7dcc5&#8243; custom_margin=&#8220;0px||0px||true|false&#8220; global_colors_info=&#8220;{}&#8220;][et_pb_row admin_label=&#8220;row&#8220; _builder_version=&#8220;4.21.0&#8243; background_color=&#8220;#FFFFFF&#8220; background_size=&#8220;initial&#8220; background_position=&#8220;top_left&#8220; background_repeat=&#8220;repeat&#8220; custom_padding=&#8220;60px|60px|60px|60px|true|true&#8220; global_colors_info=&#8220;{}&#8220;][et_pb_column type=&#8220;4_4&#8243; _builder_version=&#8220;4.16&#8243; custom_padding=&#8220;|||&#8220; global_colors_info=&#8220;{}&#8220; custom_padding__hover=&#8220;|||&#8220;][et_pb_post_title meta=&#8220;off&#8220; featured_image=&#8220;off&#8220; _builder_version=&#8220;4.21.0&#8243; _module_preset=&#8220;default&#8220; title_font=&#8220;sports_tourism_font||||||||&#8220; hover_enabled=&#8220;0&#8243; global_colors_info=&#8220;{}&#8220; sticky_enabled=&#8220;0&#8243;][\/et_pb_post_title][et_pb_text admin_label=&#8220;\u039a\u03b5\u03af\u03bc\u03b5\u03bd\u03bf&#8220; _builder_version=&#8220;4.21.0&#8243; background_size=&#8220;initial&#8220; background_position=&#8220;top_left&#8220; background_repeat=&#8220;repeat&#8220; use_border_color=&#8220;off&#8220; border_color=&#8220;#ffffff&#8220; border_style=&#8220;solid&#8220; global_colors_info=&#8220;{}&#8220;]<\/p>\n<p>Basilikas der fr\u00fchen byzantinischen Zeit, Kirchen der venezianischen Zeit mit Fresken und Familienwappen, byzantinische Kloster, H\u00f6hlen-Kirchen und viele andere Kirchen verstreut im ganzen Amari \u2013 Tal. Besuchen Sie das historische Asomaton Kloster, die byzaninische Kirche der Heiligen Anna mit den \u00e4ltesten Fresken Kretas und das byzantinische Kloster des Heiligen Antonios bei Weni. Erkundigen Sie das Land von Amari und entdecken Sie kleine Kirchen, gebaut an wundersch\u00f6nen Orten mit Blick. Vergessen Sie nicht, die Kirche in H\u00f6hle, Agios Antonios bei Patsos zu besuchen, f\u00fcr ein einzigartiges Erlebnis!<\/p>\n<p>[\/et_pb_text][et_pb_text _builder_version=&#8220;4.17.6&#8243; _module_preset=&#8220;default&#8220; global_colors_info=&#8220;{}&#8220;]<\/p>\n<form autocomplete=\"off\" name=\"wpv-filter-5411-CATTR89073fb2f944ac5c1ae9bae1d71a8a7a\" action=\"\/de\/wp-json\/wp\/v2\/pages\/22388?wpv_view_count=5411-CATTR89073fb2f944ac5c1ae9bae1d71a8a7a\" method=\"get\" class=\"wpv-filter-form js-wpv-filter-form js-wpv-filter-form-5411-CATTR89073fb2f944ac5c1ae9bae1d71a8a7a js-wpv-form-full js-wpv-ajax-results-submit-enabled\" data-viewnumber=\"5411-CATTR89073fb2f944ac5c1ae9bae1d71a8a7a\" data-viewid=\"5411\" data-viewhash=\"eyJuYW1lIjoicG9pcyIsIndwdnBvaWNhdGVnb3J5IjoiZWtrbGhzaWVzLW1vbmFzdGhyaWEifQ==\" data-viewwidgetid=\"0\" data-orderby=\"\" data-order=\"\" data-orderbyas=\"\" data-orderbysecond=\"\" data-ordersecond=\"\" data-parametric=\"{&quot;query&quot;:&quot;normal&quot;,&quot;id&quot;:5411,&quot;view_id&quot;:5411,&quot;widget_id&quot;:0,&quot;view_hash&quot;:&quot;5411-CATTR89073fb2f944ac5c1ae9bae1d71a8a7a&quot;,&quot;action&quot;:&quot;\\\/de\\\/wp-json\\\/wp\\\/v2\\\/pages\\\/22388?wpv_view_count=5411-CATTR89073fb2f944ac5c1ae9bae1d71a8a7a&quot;,&quot;sort&quot;:{&quot;orderby&quot;:&quot;&quot;,&quot;order&quot;:&quot;&quot;,&quot;orderby_as&quot;:&quot;&quot;,&quot;orderby_second&quot;:&quot;&quot;,&quot;order_second&quot;:&quot;&quot;},&quot;orderby&quot;:&quot;&quot;,&quot;order&quot;:&quot;&quot;,&quot;orderby_as&quot;:&quot;&quot;,&quot;orderby_second&quot;:&quot;&quot;,&quot;order_second&quot;:&quot;&quot;,&quot;ajax_form&quot;:&quot;&quot;,&quot;ajax_results&quot;:&quot;&quot;,&quot;effect&quot;:&quot;fade&quot;,&quot;prebefore&quot;:&quot;&quot;,&quot;before&quot;:&quot;&quot;,&quot;after&quot;:&quot;&quot;,&quot;attributes&quot;:{&quot;wpvpoicategory&quot;:&quot;ekklhsies-monasthria&quot;},&quot;environment&quot;:{&quot;current_post_id&quot;:22388,&quot;parent_post_id&quot;:22388,&quot;parent_term_id&quot;:0,&quot;parent_user_id&quot;:0,&quot;archive&quot;:{&quot;type&quot;:&quot;&quot;,&quot;name&quot;:&quot;&quot;,&quot;data&quot;:[]}},&quot;loop&quot;:{&quot;type&quot;:&quot;&quot;,&quot;name&quot;:&quot;&quot;,&quot;data&quot;:[],&quot;id&quot;:0}}\" data-attributes=\"{&quot;wpvpoicategory&quot;:&quot;ekklhsies-monasthria&quot;}\" data-environment=\"{&quot;current_post_id&quot;:22388,&quot;parent_post_id&quot;:22388,&quot;parent_term_id&quot;:0,&quot;parent_user_id&quot;:0,&quot;archive&quot;:{&quot;type&quot;:&quot;&quot;,&quot;name&quot;:&quot;&quot;,&quot;data&quot;:[]}}\"><input type=\"hidden\" class=\"js-wpv-dps-filter-data js-wpv-filter-data-for-this-form\" data-action=\"\/de\/wp-json\/wp\/v2\/pages\/22388?wpv_view_count=5411-CATTR89073fb2f944ac5c1ae9bae1d71a8a7a\" data-page=\"1\" data-ajax=\"disable\" data-effect=\"fade\" data-maxpages=\"4\" data-ajaxprebefore=\"\" data-ajaxbefore=\"\" data-ajaxafter=\"\" \/><input class=\"wpv_view_count wpv_view_count-5411-CATTR89073fb2f944ac5c1ae9bae1d71a8a7a\" type=\"hidden\" name=\"wpv_view_count\" value=\"5411-CATTR89073fb2f944ac5c1ae9bae1d71a8a7a\" \/>\n\n<\/form>\n<div id=\"wpv-view-layout-5411-CATTR89073fb2f944ac5c1ae9bae1d71a8a7a\" class=\"js-wpv-view-layout js-wpv-layout-responsive js-wpv-view-layout-5411-CATTR89073fb2f944ac5c1ae9bae1d71a8a7a wpv-pagination js-wpv-layout-has-pagination wpv-pagination-preload-images js-wpv-layout-preload-images wpv-pagination-preload-pages js-wpv-layout-preload-pages\" style=\"visibility:hidden;\" data-viewnumber=\"5411-CATTR89073fb2f944ac5c1ae9bae1d71a8a7a\" data-pagination=\"{&quot;id&quot;:5411,&quot;query&quot;:&quot;normal&quot;,&quot;type&quot;:&quot;ajaxed&quot;,&quot;effect&quot;:&quot;fade&quot;,&quot;duration&quot;:500,&quot;speed&quot;:5,&quot;pause_on_hover&quot;:&quot;enabled&quot;,&quot;stop_rollover&quot;:&quot;false&quot;,&quot;cache_pages&quot;:&quot;enabled&quot;,&quot;preload_images&quot;:&quot;enabled&quot;,&quot;preload_pages&quot;:&quot;enabled&quot;,&quot;preload_reach&quot;:1,&quot;spinner&quot;:&quot;builtin&quot;,&quot;spinner_image&quot;:&quot;&quot;,&quot;callback_next&quot;:&quot;&quot;,&quot;manage_history&quot;:&quot;enabled&quot;,&quot;has_controls_in_form&quot;:&quot;disabled&quot;,&quot;infinite_tolerance&quot;:0,&quot;max_pages&quot;:4,&quot;page&quot;:1,&quot;base_permalink&quot;:&quot;\/de\/wp-json\/wp\/v2\/pages\/22388?wpv_view_count=5411-CATTR89073fb2f944ac5c1ae9bae1d71a8a7a&amp;wpv_paged=WPV_PAGE_NUM&quot;,&quot;loop&quot;:{&quot;type&quot;:&quot;&quot;,&quot;name&quot;:&quot;&quot;,&quot;data&quot;:[],&quot;id&quot;:0}}\" data-permalink=\"\/de\/wp-json\/wp\/v2\/pages\/22388?wpv_view_count=5411-CATTR89073fb2f944ac5c1ae9bae1d71a8a7a\">\n\n<div >\n  <div >\n  <div >\n\t\n\t\n\t\t          \n          <div class=\"mygrid\">\n            <a href=\"https:\/\/www.discoveramari.gr\/de\/poi\/asomaton-kloster\/\" title=\"Asomaton Kloster\"><span class=\"myimage et_portfolio_image\"><img decoding=\"async\" src=\"https:\/\/www.discoveramari.gr\/wp-content\/uploads\/2022\/07\/IMG_1825-300x200.jpg\"><\/span><\/a>\n            <a href=\"https:\/\/www.discoveramari.gr\/de\/poi\/asomaton-kloster\/\" title=\"Asomaton Kloster\"><div class=\"mytitle\">Asomaton Kloster<\/div><\/a>\n          <\/div>\n\t\t          \n          <div class=\"mygrid\">\n            <a href=\"https:\/\/www.discoveramari.gr\/de\/poi\/heilige-kirche-agia-paraskevi-woliones\/\" title=\"Heilige Kirche Agia Paraskevi (Woliones)\"><span class=\"myimage et_portfolio_image\"><img decoding=\"async\" src=\"https:\/\/www.discoveramari.gr\/wp-content\/uploads\/2023\/01\/IMG_1878-300x200.jpg\"><\/span><\/a>\n            <a href=\"https:\/\/www.discoveramari.gr\/de\/poi\/heilige-kirche-agia-paraskevi-woliones\/\" title=\"Heilige Kirche Agia Paraskevi (Woliones)\"><div class=\"mytitle\">Heilige Kirche Agia Paraskevi (Woliones)<\/div><\/a>\n          <\/div>\n\t\t          \n          <div class=\"mygrid\">\n            <a href=\"https:\/\/www.discoveramari.gr\/de\/poi\/heilige-kirche-panagia-meronas\/\" title=\"Heilige Kirche Panagia (Meronas)\"><span class=\"myimage et_portfolio_image\"><img decoding=\"async\" src=\"https:\/\/www.discoveramari.gr\/wp-content\/uploads\/2022\/07\/IMG_2925-300x200.jpg\"><\/span><\/a>\n            <a href=\"https:\/\/www.discoveramari.gr\/de\/poi\/heilige-kirche-panagia-meronas\/\" title=\"Heilige Kirche Panagia (Meronas)\"><div class=\"mytitle\">Heilige Kirche Panagia (Meronas)<\/div><\/a>\n          <\/div>\n\t\t          \n          <div class=\"mygrid\">\n            <a href=\"https:\/\/www.discoveramari.gr\/de\/poi\/kaloeidena-kloster\/\" title=\"Kaloeidena Kloster\"><span class=\"myimage et_portfolio_image\"><img decoding=\"async\" src=\"https:\/\/www.discoveramari.gr\/wp-content\/uploads\/2022\/07\/IMG_3036-300x200.jpg\"><\/span><\/a>\n            <a href=\"https:\/\/www.discoveramari.gr\/de\/poi\/kaloeidena-kloster\/\" title=\"Kaloeidena Kloster\"><div class=\"mytitle\">Kaloeidena Kloster<\/div><\/a>\n          <\/div>\n\t\t          \n          <div class=\"mygrid\">\n            <a href=\"https:\/\/www.discoveramari.gr\/de\/poi\/kirche-afentis-christos-monastiraki\/\" title=\"Kirche Afentis Christos (Monastiraki)\"><span class=\"myimage et_portfolio_image\"><img decoding=\"async\" src=\"https:\/\/www.discoveramari.gr\/wp-content\/uploads\/2023\/01\/IMG_3391-200x300.jpg\"><\/span><\/a>\n            <a href=\"https:\/\/www.discoveramari.gr\/de\/poi\/kirche-afentis-christos-monastiraki\/\" title=\"Kirche Afentis Christos (Monastiraki)\"><div class=\"mytitle\">Kirche Afentis Christos (Monastiraki)<\/div><\/a>\n          <\/div>\n\t\t          \n          <div class=\"mygrid\">\n            <a href=\"https:\/\/www.discoveramari.gr\/de\/poi\/kirche-afentis-christou-woleones\/\" title=\"Kirche Afentis Christou (Woleones)\"><span class=\"myimage et_portfolio_image\"><img decoding=\"async\" src=\"https:\/\/www.discoveramari.gr\/wp-content\/uploads\/2023\/01\/IMG_1956-300x200.jpg\"><\/span><\/a>\n            <a href=\"https:\/\/www.discoveramari.gr\/de\/poi\/kirche-afentis-christou-woleones\/\" title=\"Kirche Afentis Christou (Woleones)\"><div class=\"mytitle\">Kirche Afentis Christou (Woleones)<\/div><\/a>\n          <\/div>\n\t\t          \n          <div class=\"mygrid\">\n            <a href=\"https:\/\/www.discoveramari.gr\/de\/poi\/kirche-agia-anna-amari\/\" title=\"Kirche Agia Anna (Amari)\"><span class=\"myimage et_portfolio_image\"><img decoding=\"async\" src=\"https:\/\/www.discoveramari.gr\/wp-content\/uploads\/2022\/07\/IMG_1706-300x200.jpg\"><\/span><\/a>\n            <a href=\"https:\/\/www.discoveramari.gr\/de\/poi\/kirche-agia-anna-amari\/\" title=\"Kirche Agia Anna (Amari)\"><div class=\"mytitle\">Kirche Agia Anna (Amari)<\/div><\/a>\n          <\/div>\n\t\t          \n          <div class=\"mygrid\">\n            <a href=\"https:\/\/www.discoveramari.gr\/de\/poi\/kirche-agios-antonios-mesonisia\/\" title=\"Kirche Agios Antonios (Mesonisia)\"><span class=\"myimage et_portfolio_image\"><img decoding=\"async\" src=\"https:\/\/www.discoveramari.gr\/wp-content\/uploads\/2022\/09\/IMG_3107-300x200.jpg\"><\/span><\/a>\n            <a href=\"https:\/\/www.discoveramari.gr\/de\/poi\/kirche-agios-antonios-mesonisia\/\" title=\"Kirche Agios Antonios (Mesonisia)\"><div class=\"mytitle\">Kirche Agios Antonios (Mesonisia)<\/div><\/a>\n          <\/div>\n\t\t          \n          <div class=\"mygrid\">\n            <a href=\"https:\/\/www.discoveramari.gr\/de\/poi\/kirche-agios-antonios-patsos\/\" title=\"Kirche Agios Antonios (Patsos)\"><span class=\"myimage et_portfolio_image\"><img decoding=\"async\" src=\"https:\/\/www.discoveramari.gr\/wp-content\/uploads\/2022\/07\/IMG_2256-300x200.jpg\"><\/span><\/a>\n            <a href=\"https:\/\/www.discoveramari.gr\/de\/poi\/kirche-agios-antonios-patsos\/\" title=\"Kirche Agios Antonios (Patsos)\"><div class=\"mytitle\">Kirche Agios Antonios (Patsos)<\/div><\/a>\n          <\/div>\n\t\t          \n          <div class=\"mygrid\">\n            <a href=\"https:\/\/www.discoveramari.gr\/de\/poi\/%ce%b9-%ce%ba%ce%b1%ce%b8%ce%b5%ce%b4%cf%81%ce%b9%ce%ba%cf%8c%cf%82-%ce%bd%ce%b1%cf%8c%cf%82-%ce%b1%ce%b3%ce%af%ce%bf%cf%85-%ce%b3%ce%b5%cf%89%cf%81%ce%b3%ce%af%ce%bf%cf%85-%ce%ba%ce%bf\/\" title=\"Kirche Agios Georgios \u2013 Mari\u00e4himmelfahrt (Fourfouras)\"><span class=\"myimage et_portfolio_image\"><img decoding=\"async\" src=\"https:\/\/www.discoveramari.gr\/wp-content\/uploads\/2023\/05\/IMG_2426-300x200.jpg\"><\/span><\/a>\n            <a href=\"https:\/\/www.discoveramari.gr\/de\/poi\/%ce%b9-%ce%ba%ce%b1%ce%b8%ce%b5%ce%b4%cf%81%ce%b9%ce%ba%cf%8c%cf%82-%ce%bd%ce%b1%cf%8c%cf%82-%ce%b1%ce%b3%ce%af%ce%bf%cf%85-%ce%b3%ce%b5%cf%89%cf%81%ce%b3%ce%af%ce%bf%cf%85-%ce%ba%ce%bf\/\" title=\"Kirche Agios Georgios \u2013 Mari\u00e4himmelfahrt (Fourfouras)\"><div class=\"mytitle\">Kirche Agios Georgios \u2013 Mari\u00e4himmelfahrt (Fourfouras)<\/div><\/a>\n          <\/div>\n\t\t          \n          <div class=\"mygrid\">\n            <a href=\"https:\/\/www.discoveramari.gr\/de\/poi\/kirche-agios-georgios-elenes\/\" title=\"Kirche Agios Georgios (Elenes)\"><span class=\"myimage et_portfolio_image\"><img decoding=\"async\" src=\"https:\/\/www.discoveramari.gr\/wp-content\/uploads\/2022\/07\/IMG_3145-300x200.jpg\"><\/span><\/a>\n            <a href=\"https:\/\/www.discoveramari.gr\/de\/poi\/kirche-agios-georgios-elenes\/\" title=\"Kirche Agios Georgios (Elenes)\"><div class=\"mytitle\">Kirche Agios Georgios (Elenes)<\/div><\/a>\n          <\/div>\n\t\t          \n          <div class=\"mygrid\">\n            <a href=\"https:\/\/www.discoveramari.gr\/de\/poi\/%ce%ac%ce%b3%ce%b9%ce%bf%cf%82-%ce%b3%ce%b5%cf%8e%cf%81%ce%b3%ce%b9%ce%bf%cf%82-%cf%86%ce%bf%cf%85%cf%81%cf%86%ce%bf%cf%85%cf%81%ce%ac%cf%82\/\" title=\"Kirche Agios Georgios (Fourfouras)\"><span class=\"myimage et_portfolio_image\"><img decoding=\"async\" src=\"https:\/\/www.discoveramari.gr\/wp-content\/uploads\/2022\/07\/IMG_2440-300x200.jpg\"><\/span><\/a>\n            <a href=\"https:\/\/www.discoveramari.gr\/de\/poi\/%ce%ac%ce%b3%ce%b9%ce%bf%cf%82-%ce%b3%ce%b5%cf%8e%cf%81%ce%b3%ce%b9%ce%bf%cf%82-%cf%86%ce%bf%cf%85%cf%81%cf%86%ce%bf%cf%85%cf%81%ce%ac%cf%82\/\" title=\"Kirche Agios Georgios (Fourfouras)\"><div class=\"mytitle\">Kirche Agios Georgios (Fourfouras)<\/div><\/a>\n          <\/div>\n\t\t\n\t\n\t\n\t<\/div>\n<\/div>\n  <\/div>\n<div class=\"row\">\n    \n <div class=\"form-inline\">\n<div class=\"form-group\">\nSeite 1 auf 4\n<\/div>\n \n<div class=\"form-group form-middle form-last\">\n<span class=\"wpv-filter-previous-link page-link \">Vorherige<\/span> <ul class=\"wpv-pagination-nav-links-container js-wpv-pagination-nav-links-container pagination\"><li class=\"wpv-pagination-nav-links-item js-wpv-pagination-nav-links-item page-item wpv-page-link-5411-CATTR89073fb2f944ac5c1ae9bae1d71a8a7a-1 js-wpv-page-link-5411-CATTR89073fb2f944ac5c1ae9bae1d71a8a7a-1 wpv_page_current wpv-pagination-nav-links-item-current active\"><span class=\"wpv-filter-pagination-link page-link\">1<\/span><\/li><li class=\"wpv-pagination-nav-links-item js-wpv-pagination-nav-links-item page-item wpv-page-link-5411-CATTR89073fb2f944ac5c1ae9bae1d71a8a7a-2 js-wpv-page-link-5411-CATTR89073fb2f944ac5c1ae9bae1d71a8a7a-2\"><a class=\"wpv-filter-pagination-link js-wpv-pagination-link page-link\" title=\"2\" href=\"\/de\/wp-json\/wp\/v2\/pages\/22388?wpv_view_count=5411-CATTR89073fb2f944ac5c1ae9bae1d71a8a7a&#038;wpv_paged=2\" data-viewnumber=\"5411-CATTR89073fb2f944ac5c1ae9bae1d71a8a7a\" data-page=\"2\">2<\/a><\/li><li class=\"wpv-pagination-nav-links-item js-wpv-pagination-nav-links-item page-item wpv-page-link-5411-CATTR89073fb2f944ac5c1ae9bae1d71a8a7a-3 js-wpv-page-link-5411-CATTR89073fb2f944ac5c1ae9bae1d71a8a7a-3\"><a class=\"wpv-filter-pagination-link js-wpv-pagination-link page-link\" title=\"3\" href=\"\/de\/wp-json\/wp\/v2\/pages\/22388?wpv_view_count=5411-CATTR89073fb2f944ac5c1ae9bae1d71a8a7a&#038;wpv_paged=3\" data-viewnumber=\"5411-CATTR89073fb2f944ac5c1ae9bae1d71a8a7a\" data-page=\"3\">3<\/a><\/li><li class=\"wpv-pagination-nav-links-item js-wpv-pagination-nav-links-item page-item wpv-page-link-5411-CATTR89073fb2f944ac5c1ae9bae1d71a8a7a-4 js-wpv-page-link-5411-CATTR89073fb2f944ac5c1ae9bae1d71a8a7a-4\"><a class=\"wpv-filter-pagination-link js-wpv-pagination-link page-link\" title=\"4\" href=\"\/de\/wp-json\/wp\/v2\/pages\/22388?wpv_view_count=5411-CATTR89073fb2f944ac5c1ae9bae1d71a8a7a&#038;wpv_paged=4\" data-viewnumber=\"5411-CATTR89073fb2f944ac5c1ae9bae1d71a8a7a\" data-page=\"4\">4<\/a><\/li><\/ul> <a class=\"wpv-filter-next-link js-wpv-pagination-next-link page-link \"  href=\"\/de\/wp-json\/wp\/v2\/pages\/22388?wpv_view_count=5411-CATTR89073fb2f944ac5c1ae9bae1d71a8a7a&#038;wpv_paged=2\"\n\t\t\t\t\tdata-viewnumber=\"5411-CATTR89073fb2f944ac5c1ae9bae1d71a8a7a\" data-page=\"2\">N\u00e4chste<\/a>\n<\/div> \n\n<\/div>\n\n \n<\/div>\n\n\n<p>[\/et_pb_text][\/et_pb_column][\/et_pb_row][\/et_pb_section]<\/p>\n","protected":false},"excerpt":{"rendered":"<p>Basilikas der fr\u00fchen byzantinischen Zeit, Kirchen der venezianischen Zeit mit Fresken und Familienwappen, byzantinische Kloster, H\u00f6hlen-Kirchen und viele andere Kirchen verstreut im ganzen Amari \u2013 Tal. Besuchen Sie das historische Asomaton Kloster, die byzaninische Kirche der Heiligen Anna mit den \u00e4ltesten Fresken Kretas und das byzantinische Kloster des Heiligen Antonios bei Weni. Erkundigen Sie das [&hellip;]<\/p>\n","protected":false},"author":4,"featured_media":0,"parent":0,"menu_order":0,"comment_status":"closed","ping_status":"closed","template":"","meta":{"_et_pb_use_builder":"on","_et_pb_old_content":"","_et_gb_content_width":"","footnotes":""},"class_list":["post-22388","page","type-page","status-publish","hentry"],"_links":{"self":[{"href":"https:\/\/www.discoveramari.gr\/de\/wp-json\/wp\/v2\/pages\/22388","targetHints":{"allow":["GET"]}}],"collection":[{"href":"https:\/\/www.discoveramari.gr\/de\/wp-json\/wp\/v2\/pages"}],"about":[{"href":"https:\/\/www.discoveramari.gr\/de\/wp-json\/wp\/v2\/types\/page"}],"author":[{"embeddable":true,"href":"https:\/\/www.discoveramari.gr\/de\/wp-json\/wp\/v2\/users\/4"}],"replies":[{"embeddable":true,"href":"https:\/\/www.discoveramari.gr\/de\/wp-json\/wp\/v2\/comments?post=22388"}],"version-history":[{"count":10,"href":"https:\/\/www.discoveramari.gr\/de\/wp-json\/wp\/v2\/pages\/22388\/revisions"}],"predecessor-version":[{"id":25467,"href":"https:\/\/www.discoveramari.gr\/de\/wp-json\/wp\/v2\/pages\/22388\/revisions\/25467"}],"wp:attachment":[{"href":"https:\/\/www.discoveramari.gr\/de\/wp-json\/wp\/v2\/media?parent=22388"}],"curies":[{"name":"wp","href":"https:\/\/api.w.org\/{rel}","templated":true}]}}