{"id":22410,"date":"2022-11-18T13:00:31","date_gmt":"2022-11-18T10:00:31","guid":{"rendered":"https:\/\/www.discoveramari.gr\/%ce%b1%cf%81%cf%87%ce%b1%ce%b9%ce%bf%ce%bb%ce%bf%ce%b3%ce%b9%ce%ba%ce%bf%ce%af-%cf%87%cf%8e%cf%81%ce%bf%ce%b9\/"},"modified":"2023-07-10T10:44:11","modified_gmt":"2023-07-10T07:44:11","slug":"archaeologische-staetten","status":"publish","type":"page","link":"https:\/\/www.discoveramari.gr\/de\/archaeologische-staetten\/","title":{"rendered":"Arch\u00e4ologische St\u00e4tten"},"content":{"rendered":"<p>[et_pb_section fb_built=&#8220;1&#8243; admin_label=&#8220;section&#8220; _builder_version=&#8220;4.20.2&#8243; background_color=&#8220;#d7dcc5&#8243; custom_margin=&#8220;0px||0px||true|false&#8220; global_colors_info=&#8220;{}&#8220;][et_pb_row admin_label=&#8220;\u03a3\u03b5\u03b9\u03c1\u03ac&#8220; _builder_version=&#8220;4.21.0&#8243; background_color=&#8220;#FFFFFF&#8220; background_size=&#8220;initial&#8220; background_position=&#8220;top_left&#8220; background_repeat=&#8220;repeat&#8220; custom_padding=&#8220;60px|60px|60px|60px|true|true&#8220; global_colors_info=&#8220;{}&#8220;][et_pb_column type=&#8220;4_4&#8243; _builder_version=&#8220;4.16&#8243; custom_padding=&#8220;|||&#8220; global_colors_info=&#8220;{}&#8220; custom_padding__hover=&#8220;|||&#8220;][et_pb_post_title meta=&#8220;off&#8220; featured_image=&#8220;off&#8220; _builder_version=&#8220;4.21.0&#8243; _module_preset=&#8220;default&#8220; title_font=&#8220;sports_tourism_font||||||||&#8220; hover_enabled=&#8220;0&#8243; global_colors_info=&#8220;{}&#8220; sticky_enabled=&#8220;0&#8243;][\/et_pb_post_title][et_pb_text admin_label=&#8220;\u039a\u03b5\u03af\u03bc\u03b5\u03bd\u03bf&#8220; _builder_version=&#8220;4.21.0&#8243; background_size=&#8220;initial&#8220; background_position=&#8220;top_left&#8220; background_repeat=&#8220;repeat&#8220; use_border_color=&#8220;off&#8220; border_color=&#8220;#ffffff&#8220; border_style=&#8220;solid&#8220; global_colors_info=&#8220;{}&#8220;]<\/p>\n<p>Die Gegenwart des Menschen in Amari ist uralt. Arch\u00e4ologische Forschungen haben Siedlungen der fr\u00fchen minoischen Zeit enth\u00fcllt, was darauf hinweist, dass die Geschichte dieses Ortes jahrhunderte lang ist. Syvritos war eine sehr wichtige Stadt der Antike, in der r\u00f6mischen Zeit war sie besonders stark, die Minoische Einrichtung in Apodoulou und\u00a0das minoische Zentrum von Monastiraki sind besuchbare arch\u00e4ologische St\u00e4tten, es lohnt sich sie zu besuchen<\/p>\n<p>[\/et_pb_text][et_pb_text _builder_version=&#8220;4.17.6&#8243; _module_preset=&#8220;default&#8220; global_colors_info=&#8220;{}&#8220;]<\/p>\n<form autocomplete=\"off\" name=\"wpv-filter-5411-CATTRc7d4fcc395892697d9be894d5b43edd9\" action=\"\/de\/wp-json\/wp\/v2\/pages\/22410?wpv_view_count=5411-CATTRc7d4fcc395892697d9be894d5b43edd9\" method=\"get\" class=\"wpv-filter-form js-wpv-filter-form js-wpv-filter-form-5411-CATTRc7d4fcc395892697d9be894d5b43edd9 js-wpv-form-full js-wpv-ajax-results-submit-enabled\" data-viewnumber=\"5411-CATTRc7d4fcc395892697d9be894d5b43edd9\" data-viewid=\"5411\" data-viewhash=\"eyJuYW1lIjoicG9pcyIsIndwdnBvaWNhdGVnb3J5IjoiYXJ4YWlvbG9naWtvaS14d3JvaSJ9\" data-viewwidgetid=\"0\" data-orderby=\"\" data-order=\"\" data-orderbyas=\"\" data-orderbysecond=\"\" data-ordersecond=\"\" data-parametric=\"{&quot;query&quot;:&quot;normal&quot;,&quot;id&quot;:5411,&quot;view_id&quot;:5411,&quot;widget_id&quot;:0,&quot;view_hash&quot;:&quot;5411-CATTRc7d4fcc395892697d9be894d5b43edd9&quot;,&quot;action&quot;:&quot;\\\/de\\\/wp-json\\\/wp\\\/v2\\\/pages\\\/22410?wpv_view_count=5411-CATTRc7d4fcc395892697d9be894d5b43edd9&quot;,&quot;sort&quot;:{&quot;orderby&quot;:&quot;&quot;,&quot;order&quot;:&quot;&quot;,&quot;orderby_as&quot;:&quot;&quot;,&quot;orderby_second&quot;:&quot;&quot;,&quot;order_second&quot;:&quot;&quot;},&quot;orderby&quot;:&quot;&quot;,&quot;order&quot;:&quot;&quot;,&quot;orderby_as&quot;:&quot;&quot;,&quot;orderby_second&quot;:&quot;&quot;,&quot;order_second&quot;:&quot;&quot;,&quot;ajax_form&quot;:&quot;&quot;,&quot;ajax_results&quot;:&quot;&quot;,&quot;effect&quot;:&quot;fade&quot;,&quot;prebefore&quot;:&quot;&quot;,&quot;before&quot;:&quot;&quot;,&quot;after&quot;:&quot;&quot;,&quot;attributes&quot;:{&quot;wpvpoicategory&quot;:&quot;arxaiologikoi-xwroi&quot;},&quot;environment&quot;:{&quot;current_post_id&quot;:22410,&quot;parent_post_id&quot;:22410,&quot;parent_term_id&quot;:0,&quot;parent_user_id&quot;:0,&quot;archive&quot;:{&quot;type&quot;:&quot;&quot;,&quot;name&quot;:&quot;&quot;,&quot;data&quot;:[]}},&quot;loop&quot;:{&quot;type&quot;:&quot;&quot;,&quot;name&quot;:&quot;&quot;,&quot;data&quot;:[],&quot;id&quot;:0}}\" data-attributes=\"{&quot;wpvpoicategory&quot;:&quot;arxaiologikoi-xwroi&quot;}\" data-environment=\"{&quot;current_post_id&quot;:22410,&quot;parent_post_id&quot;:22410,&quot;parent_term_id&quot;:0,&quot;parent_user_id&quot;:0,&quot;archive&quot;:{&quot;type&quot;:&quot;&quot;,&quot;name&quot;:&quot;&quot;,&quot;data&quot;:[]}}\"><input type=\"hidden\" class=\"js-wpv-dps-filter-data js-wpv-filter-data-for-this-form\" data-action=\"\/de\/wp-json\/wp\/v2\/pages\/22410?wpv_view_count=5411-CATTRc7d4fcc395892697d9be894d5b43edd9\" data-page=\"1\" data-ajax=\"disable\" data-effect=\"fade\" data-maxpages=\"1\" data-ajaxprebefore=\"\" data-ajaxbefore=\"\" data-ajaxafter=\"\" \/><input class=\"wpv_view_count wpv_view_count-5411-CATTRc7d4fcc395892697d9be894d5b43edd9\" type=\"hidden\" name=\"wpv_view_count\" value=\"5411-CATTRc7d4fcc395892697d9be894d5b43edd9\" \/>\n\n<\/form>\n<div id=\"wpv-view-layout-5411-CATTRc7d4fcc395892697d9be894d5b43edd9\" class=\"js-wpv-view-layout js-wpv-layout-responsive js-wpv-view-layout-5411-CATTRc7d4fcc395892697d9be894d5b43edd9 wpv-pagination js-wpv-layout-has-pagination wpv-pagination-preload-images js-wpv-layout-preload-images wpv-pagination-preload-pages js-wpv-layout-preload-pages\" style=\"visibility:hidden;\" data-viewnumber=\"5411-CATTRc7d4fcc395892697d9be894d5b43edd9\" data-pagination=\"{&quot;id&quot;:5411,&quot;query&quot;:&quot;normal&quot;,&quot;type&quot;:&quot;ajaxed&quot;,&quot;effect&quot;:&quot;fade&quot;,&quot;duration&quot;:500,&quot;speed&quot;:5,&quot;pause_on_hover&quot;:&quot;enabled&quot;,&quot;stop_rollover&quot;:&quot;false&quot;,&quot;cache_pages&quot;:&quot;enabled&quot;,&quot;preload_images&quot;:&quot;enabled&quot;,&quot;preload_pages&quot;:&quot;enabled&quot;,&quot;preload_reach&quot;:1,&quot;spinner&quot;:&quot;builtin&quot;,&quot;spinner_image&quot;:&quot;&quot;,&quot;callback_next&quot;:&quot;&quot;,&quot;manage_history&quot;:&quot;enabled&quot;,&quot;has_controls_in_form&quot;:&quot;disabled&quot;,&quot;infinite_tolerance&quot;:0,&quot;max_pages&quot;:1,&quot;page&quot;:1,&quot;base_permalink&quot;:&quot;\/de\/wp-json\/wp\/v2\/pages\/22410?wpv_view_count=5411-CATTRc7d4fcc395892697d9be894d5b43edd9&amp;wpv_paged=WPV_PAGE_NUM&quot;,&quot;loop&quot;:{&quot;type&quot;:&quot;&quot;,&quot;name&quot;:&quot;&quot;,&quot;data&quot;:[],&quot;id&quot;:0}}\" data-permalink=\"\/de\/wp-json\/wp\/v2\/pages\/22410?wpv_view_count=5411-CATTRc7d4fcc395892697d9be894d5b43edd9\">\n\n<div >\n  <div >\n  <div >\n\t\n\t\n\t\t          \n          <div class=\"mygrid\">\n            <a href=\"https:\/\/www.discoveramari.gr\/de\/poi\/antike-syvritos\/\" title=\"Antike Syvritos\"><span class=\"myimage et_portfolio_image\"><img decoding=\"async\" src=\"https:\/\/www.discoveramari.gr\/wp-content\/uploads\/2022\/07\/IMG_3457-300x200.jpg\"><\/span><\/a>\n            <a href=\"https:\/\/www.discoveramari.gr\/de\/poi\/antike-syvritos\/\" title=\"Antike Syvritos\"><div class=\"mytitle\">Antike Syvritos<\/div><\/a>\n          <\/div>\n\t\t          \n          <div class=\"mygrid\">\n            <a href=\"https:\/\/www.discoveramari.gr\/de\/poi\/archaeologische-staette-apodoulou\/\" title=\"Arch\u00e4ologische St\u00e4tte Apodoulou\"><span class=\"myimage et_portfolio_image\"><img decoding=\"async\" src=\"https:\/\/www.discoveramari.gr\/wp-content\/uploads\/2022\/07\/apodoulou_7-300x163.jpg\"><\/span><\/a>\n            <a href=\"https:\/\/www.discoveramari.gr\/de\/poi\/archaeologische-staette-apodoulou\/\" title=\"Arch\u00e4ologische St\u00e4tte Apodoulou\"><div class=\"mytitle\">Arch\u00e4ologische St\u00e4tte Apodoulou<\/div><\/a>\n          <\/div>\n\t\t          \n          <div class=\"mygrid\">\n            <a href=\"https:\/\/www.discoveramari.gr\/de\/poi\/archaeologische-staette-monastiraki\/\" title=\"Arch\u00e4ologische St\u00e4tte Monastiraki\"><span class=\"myimage et_portfolio_image\"><img decoding=\"async\" src=\"https:\/\/www.discoveramari.gr\/wp-content\/uploads\/2022\/07\/IMGA0118-300x167.jpg\"><\/span><\/a>\n            <a href=\"https:\/\/www.discoveramari.gr\/de\/poi\/archaeologische-staette-monastiraki\/\" title=\"Arch\u00e4ologische St\u00e4tte Monastiraki\"><div class=\"mytitle\">Arch\u00e4ologische St\u00e4tte Monastiraki<\/div><\/a>\n          <\/div>\n\t\t\n\t\n\t\n\t<\/div>\n<\/div>\n  <\/div>\n<div class=\"row\">\n    \n \n<\/div>\n\n\n<p>[\/et_pb_text][\/et_pb_column][\/et_pb_row][\/et_pb_section]<\/p>\n","protected":false},"excerpt":{"rendered":"<p>Die Gegenwart des Menschen in Amari ist uralt. Arch\u00e4ologische Forschungen haben Siedlungen der fr\u00fchen minoischen Zeit enth\u00fcllt, was darauf hinweist, dass die Geschichte dieses Ortes jahrhunderte lang ist. Syvritos war eine sehr wichtige Stadt der Antike, in der r\u00f6mischen Zeit war sie besonders stark, die Minoische Einrichtung in Apodoulou und\u00a0das minoische Zentrum von Monastiraki sind [&hellip;]<\/p>\n","protected":false},"author":4,"featured_media":0,"parent":0,"menu_order":0,"comment_status":"closed","ping_status":"closed","template":"","meta":{"_et_pb_use_builder":"on","_et_pb_old_content":"<p>[et_pb_section][et_pb_row][et_pb_column type=\"4_4\"][et_pb_filterable_portfolio admin_label=\"\u03a0\u03bf\u03c1\u03c4\u03c6\u03cc\u03bb\u03b9\u03bf \u03bc\u03b5 \u03b4\u03c5\u03bd\u03b1\u03c4\u03cc\u03c4\u03b7\u03c4\u03b1 \u03c6\u03b9\u03bb\u03c4\u03c1\u03b1\u03c1\u03af\u03c3\u03bc\u03b1\u03c4\u03bf\u03c2\" \/][\/et_pb_column][\/et_pb_row][\/et_pb_section]<\/p>","_et_gb_content_width":"","footnotes":""},"class_list":["post-22410","page","type-page","status-publish","hentry"],"_links":{"self":[{"href":"https:\/\/www.discoveramari.gr\/de\/wp-json\/wp\/v2\/pages\/22410","targetHints":{"allow":["GET"]}}],"collection":[{"href":"https:\/\/www.discoveramari.gr\/de\/wp-json\/wp\/v2\/pages"}],"about":[{"href":"https:\/\/www.discoveramari.gr\/de\/wp-json\/wp\/v2\/types\/page"}],"author":[{"embeddable":true,"href":"https:\/\/www.discoveramari.gr\/de\/wp-json\/wp\/v2\/users\/4"}],"replies":[{"embeddable":true,"href":"https:\/\/www.discoveramari.gr\/de\/wp-json\/wp\/v2\/comments?post=22410"}],"version-history":[{"count":6,"href":"https:\/\/www.discoveramari.gr\/de\/wp-json\/wp\/v2\/pages\/22410\/revisions"}],"predecessor-version":[{"id":25473,"href":"https:\/\/www.discoveramari.gr\/de\/wp-json\/wp\/v2\/pages\/22410\/revisions\/25473"}],"wp:attachment":[{"href":"https:\/\/www.discoveramari.gr\/de\/wp-json\/wp\/v2\/media?parent=22410"}],"curies":[{"name":"wp","href":"https:\/\/api.w.org\/{rel}","templated":true}]}}