{"id":22419,"date":"2022-08-28T10:04:09","date_gmt":"2022-08-28T07:04:09","guid":{"rendered":"https:\/\/www.discoveramari.gr\/%cf%86%cf%85%cf%83%ce%b9%ce%ba%cf%8c-%cf%80%ce%b5%cf%81%ce%b9%ce%b2%ce%ac%ce%bb%ce%bb%ce%bf%ce%bd\/"},"modified":"2023-07-10T10:47:46","modified_gmt":"2023-07-10T07:47:46","slug":"natur","status":"publish","type":"page","link":"https:\/\/www.discoveramari.gr\/de\/natur\/","title":{"rendered":"Natur"},"content":{"rendered":"<p>[et_pb_section fb_built=&#8220;1&#8243; admin_label=&#8220;section&#8220; _builder_version=&#8220;4.20.2&#8243; background_color=&#8220;#d7dcc5&#8243; custom_margin=&#8220;0px||0px||true|false&#8220; global_colors_info=&#8220;{}&#8220;][et_pb_row admin_label=&#8220;row&#8220; _builder_version=&#8220;4.21.0&#8243; background_color=&#8220;#FFFFFF&#8220; background_size=&#8220;initial&#8220; background_position=&#8220;top_left&#8220; background_repeat=&#8220;repeat&#8220; custom_padding=&#8220;60px|60px|60px|60px|true|true&#8220; global_colors_info=&#8220;{}&#8220;][et_pb_column type=&#8220;4_4&#8243; _builder_version=&#8220;4.16&#8243; custom_padding=&#8220;|||&#8220; global_colors_info=&#8220;{}&#8220; custom_padding__hover=&#8220;|||&#8220;][et_pb_post_title meta=&#8220;off&#8220; featured_image=&#8220;off&#8220; _builder_version=&#8220;4.21.0&#8243; _module_preset=&#8220;default&#8220; title_font=&#8220;sports_tourism_font||||||||&#8220; hover_enabled=&#8220;0&#8243; global_colors_info=&#8220;{}&#8220; sticky_enabled=&#8220;0&#8243;][\/et_pb_post_title][et_pb_text admin_label=&#8220;\u039a\u03b5\u03af\u03bc\u03b5\u03bd\u03bf&#8220; _builder_version=&#8220;4.21.0&#8243; background_size=&#8220;initial&#8220; background_position=&#8220;top_left&#8220; background_repeat=&#8220;repeat&#8220; use_border_color=&#8220;off&#8220; border_color=&#8220;#ffffff&#8220; border_style=&#8220;solid&#8220; global_colors_info=&#8220;{}&#8220;]<\/p>\n<p>Wilde Berge und steile Bergbeh\u00e4nge, idyllische Landschaften mit viel gr\u00fcn und Wasser, machen dei wundersch\u00f6ne und reiche Natur von Amari aus. \u00d6stlich herrscht Psiloritis, mit felsigem geologischen Boden und H\u00f6hlen, in den niedrigeren Ebenen gibt es W\u00e4lder und Eichen. Westlich wird das Tal vom Berg Kedros umgeben. Auf dem Tal liegt die gesch\u00fctzte Hochebene Gious Kampos. Im Herz des gr\u00fcnen Tales flie\u00dfen Fl\u00fcsse, die eine einzigartige Natursch\u00f6nheit schaffen, mit Schluchten, kleinen Fl\u00fcssen und Wasserf\u00e4llen.<\/p>\n<p>Wenn man in Amari kommt lonht es sich Plati Potamos zu besuchen, den gr\u00f6\u00dferen Fluss Kretas, mit \u00fcppiger Vegetation an seinen Ufern, Patsos Schlucht mit ihrem Fluss und kleinen Wasserf\u00e4llen, wie auch den Wasser\u00f6kotop des Staudamms Potami. Verpassen Sie nicht die Chance, die uralten Olivenb\u00e4umen im Wald Monastiraki und Genna zu sehen.<\/p>\n<p>[\/et_pb_text][et_pb_text admin_label=&#8220;\u039a\u03b5\u03af\u03bc\u03b5\u03bd\u03bf&#8220; _builder_version=&#8220;4.20.0&#8243; background_size=&#8220;initial&#8220; background_position=&#8220;top_left&#8220; background_repeat=&#8220;repeat&#8220; use_border_color=&#8220;off&#8220; border_color=&#8220;#ffffff&#8220; border_style=&#8220;solid&#8220; global_colors_info=&#8220;{}&#8220;]<\/p>\n<form autocomplete=\"off\" name=\"wpv-filter-5411-CATTR42ca666974b8bc8359521600fbfac62d\" action=\"\/de\/wp-json\/wp\/v2\/pages\/22419?wpv_view_count=5411-CATTR42ca666974b8bc8359521600fbfac62d\" method=\"get\" class=\"wpv-filter-form js-wpv-filter-form js-wpv-filter-form-5411-CATTR42ca666974b8bc8359521600fbfac62d js-wpv-form-full js-wpv-ajax-results-submit-enabled\" data-viewnumber=\"5411-CATTR42ca666974b8bc8359521600fbfac62d\" data-viewid=\"5411\" data-viewhash=\"eyJuYW1lIjoicG9pcyIsIndwdnBvaWNhdGVnb3J5IjoicGVyaXZhbGxvbiJ9\" data-viewwidgetid=\"0\" data-orderby=\"\" data-order=\"\" data-orderbyas=\"\" data-orderbysecond=\"\" data-ordersecond=\"\" data-parametric=\"{&quot;query&quot;:&quot;normal&quot;,&quot;id&quot;:5411,&quot;view_id&quot;:5411,&quot;widget_id&quot;:0,&quot;view_hash&quot;:&quot;5411-CATTR42ca666974b8bc8359521600fbfac62d&quot;,&quot;action&quot;:&quot;\\\/de\\\/wp-json\\\/wp\\\/v2\\\/pages\\\/22419?wpv_view_count=5411-CATTR42ca666974b8bc8359521600fbfac62d&quot;,&quot;sort&quot;:{&quot;orderby&quot;:&quot;&quot;,&quot;order&quot;:&quot;&quot;,&quot;orderby_as&quot;:&quot;&quot;,&quot;orderby_second&quot;:&quot;&quot;,&quot;order_second&quot;:&quot;&quot;},&quot;orderby&quot;:&quot;&quot;,&quot;order&quot;:&quot;&quot;,&quot;orderby_as&quot;:&quot;&quot;,&quot;orderby_second&quot;:&quot;&quot;,&quot;order_second&quot;:&quot;&quot;,&quot;ajax_form&quot;:&quot;&quot;,&quot;ajax_results&quot;:&quot;&quot;,&quot;effect&quot;:&quot;fade&quot;,&quot;prebefore&quot;:&quot;&quot;,&quot;before&quot;:&quot;&quot;,&quot;after&quot;:&quot;&quot;,&quot;attributes&quot;:{&quot;wpvpoicategory&quot;:&quot;perivallon&quot;},&quot;environment&quot;:{&quot;current_post_id&quot;:22419,&quot;parent_post_id&quot;:22419,&quot;parent_term_id&quot;:0,&quot;parent_user_id&quot;:0,&quot;archive&quot;:{&quot;type&quot;:&quot;&quot;,&quot;name&quot;:&quot;&quot;,&quot;data&quot;:[]}},&quot;loop&quot;:{&quot;type&quot;:&quot;&quot;,&quot;name&quot;:&quot;&quot;,&quot;data&quot;:[],&quot;id&quot;:0}}\" data-attributes=\"{&quot;wpvpoicategory&quot;:&quot;perivallon&quot;}\" data-environment=\"{&quot;current_post_id&quot;:22419,&quot;parent_post_id&quot;:22419,&quot;parent_term_id&quot;:0,&quot;parent_user_id&quot;:0,&quot;archive&quot;:{&quot;type&quot;:&quot;&quot;,&quot;name&quot;:&quot;&quot;,&quot;data&quot;:[]}}\"><input type=\"hidden\" class=\"js-wpv-dps-filter-data js-wpv-filter-data-for-this-form\" data-action=\"\/de\/wp-json\/wp\/v2\/pages\/22419?wpv_view_count=5411-CATTR42ca666974b8bc8359521600fbfac62d\" data-page=\"1\" data-ajax=\"disable\" data-effect=\"fade\" data-maxpages=\"2\" data-ajaxprebefore=\"\" data-ajaxbefore=\"\" data-ajaxafter=\"\" \/><input class=\"wpv_view_count wpv_view_count-5411-CATTR42ca666974b8bc8359521600fbfac62d\" type=\"hidden\" name=\"wpv_view_count\" value=\"5411-CATTR42ca666974b8bc8359521600fbfac62d\" \/>\n\n<\/form>\n<div id=\"wpv-view-layout-5411-CATTR42ca666974b8bc8359521600fbfac62d\" class=\"js-wpv-view-layout js-wpv-layout-responsive js-wpv-view-layout-5411-CATTR42ca666974b8bc8359521600fbfac62d wpv-pagination js-wpv-layout-has-pagination wpv-pagination-preload-images js-wpv-layout-preload-images wpv-pagination-preload-pages js-wpv-layout-preload-pages\" style=\"visibility:hidden;\" data-viewnumber=\"5411-CATTR42ca666974b8bc8359521600fbfac62d\" data-pagination=\"{&quot;id&quot;:5411,&quot;query&quot;:&quot;normal&quot;,&quot;type&quot;:&quot;ajaxed&quot;,&quot;effect&quot;:&quot;fade&quot;,&quot;duration&quot;:500,&quot;speed&quot;:5,&quot;pause_on_hover&quot;:&quot;enabled&quot;,&quot;stop_rollover&quot;:&quot;false&quot;,&quot;cache_pages&quot;:&quot;enabled&quot;,&quot;preload_images&quot;:&quot;enabled&quot;,&quot;preload_pages&quot;:&quot;enabled&quot;,&quot;preload_reach&quot;:1,&quot;spinner&quot;:&quot;builtin&quot;,&quot;spinner_image&quot;:&quot;&quot;,&quot;callback_next&quot;:&quot;&quot;,&quot;manage_history&quot;:&quot;enabled&quot;,&quot;has_controls_in_form&quot;:&quot;disabled&quot;,&quot;infinite_tolerance&quot;:0,&quot;max_pages&quot;:2,&quot;page&quot;:1,&quot;base_permalink&quot;:&quot;\/de\/wp-json\/wp\/v2\/pages\/22419?wpv_view_count=5411-CATTR42ca666974b8bc8359521600fbfac62d&amp;wpv_paged=WPV_PAGE_NUM&quot;,&quot;loop&quot;:{&quot;type&quot;:&quot;&quot;,&quot;name&quot;:&quot;&quot;,&quot;data&quot;:[],&quot;id&quot;:0}}\" data-permalink=\"\/de\/wp-json\/wp\/v2\/pages\/22419?wpv_view_count=5411-CATTR42ca666974b8bc8359521600fbfac62d\">\n\n<div >\n  <div >\n  <div >\n\t\n\t\n\t\t          \n          <div class=\"mygrid\">\n            <a href=\"https:\/\/www.discoveramari.gr\/de\/poi\/berg-idi-oder-psiloritis\/\" title=\"Berg Idi oder Psiloritis\"><span class=\"myimage et_portfolio_image\"><img decoding=\"async\" src=\"https:\/\/www.discoveramari.gr\/wp-content\/uploads\/2022\/07\/IMG_1751-1-300x200.jpg\"><\/span><\/a>\n            <a href=\"https:\/\/www.discoveramari.gr\/de\/poi\/berg-idi-oder-psiloritis\/\" title=\"Berg Idi oder Psiloritis\"><div class=\"mytitle\">Berg Idi oder Psiloritis<\/div><\/a>\n          <\/div>\n\t\t          \n          <div class=\"mygrid\">\n            <a href=\"https:\/\/www.discoveramari.gr\/de\/poi\/berg-kartalos\/\" title=\"Berg Kartalos\"><span class=\"myimage et_portfolio_image\"><img decoding=\"async\" src=\"https:\/\/www.discoveramari.gr\/wp-content\/uploads\/2023\/01\/IMG_2385-300x200.jpg\"><\/span><\/a>\n            <a href=\"https:\/\/www.discoveramari.gr\/de\/poi\/berg-kartalos\/\" title=\"Berg Kartalos\"><div class=\"mytitle\">Berg Kartalos<\/div><\/a>\n          <\/div>\n\t\t          \n          <div class=\"mygrid\">\n            <a href=\"https:\/\/www.discoveramari.gr\/de\/poi\/berg-samitos\/\" title=\"Berg Samitos\"><span class=\"myimage et_portfolio_image\"><img decoding=\"async\" src=\"https:\/\/www.discoveramari.gr\/wp-content\/uploads\/2023\/04\/IMG_1727-300x200.jpg\"><\/span><\/a>\n            <a href=\"https:\/\/www.discoveramari.gr\/de\/poi\/berg-samitos\/\" title=\"Berg Samitos\"><div class=\"mytitle\">Berg Samitos<\/div><\/a>\n          <\/div>\n\t\t          \n          <div class=\"mygrid\">\n            <a href=\"https:\/\/www.discoveramari.gr\/de\/poi\/bergwanderer-huette-kouroutes\/\" title=\"Bergwanderer-H\u00fctte Kouroutes\"><span class=\"myimage et_portfolio_image\"><img decoding=\"async\" src=\"https:\/\/www.discoveramari.gr\/wp-content\/uploads\/2023\/03\/IMG_3618-300x200.jpg\"><\/span><\/a>\n            <a href=\"https:\/\/www.discoveramari.gr\/de\/poi\/bergwanderer-huette-kouroutes\/\" title=\"Bergwanderer-H\u00fctte Kouroutes\"><div class=\"mytitle\">Bergwanderer-H\u00fctte Kouroutes<\/div><\/a>\n          <\/div>\n\t\t          \n          <div class=\"mygrid\">\n            <a href=\"https:\/\/www.discoveramari.gr\/de\/poi\/eichenwald-peromouriko-kalogerou\/\" title=\"Eichenwald Peromouriko (Kalogerou)\"><span class=\"myimage et_portfolio_image\"><img decoding=\"async\" src=\"https:\/\/www.discoveramari.gr\/wp-content\/uploads\/2023\/02\/IMG_4093-300x200.jpg\"><\/span><\/a>\n            <a href=\"https:\/\/www.discoveramari.gr\/de\/poi\/eichenwald-peromouriko-kalogerou\/\" title=\"Eichenwald Peromouriko (Kalogerou)\"><div class=\"mytitle\">Eichenwald Peromouriko (Kalogerou)<\/div><\/a>\n          <\/div>\n\t\t          \n          <div class=\"mygrid\">\n            <a href=\"https:\/\/www.discoveramari.gr\/de\/poi\/gehoelz-elia-monastiraki-und-denmal-olivenbaums-genna\/\" title=\"Geh\u00f6lz Elia Monastiraki und Denmal-Olivenbaums Genna\"><span class=\"myimage et_portfolio_image\"><img decoding=\"async\" src=\"https:\/\/www.discoveramari.gr\/wp-content\/uploads\/2022\/07\/IMG_3406-300x200.jpg\"><\/span><\/a>\n            <a href=\"https:\/\/www.discoveramari.gr\/de\/poi\/gehoelz-elia-monastiraki-und-denmal-olivenbaums-genna\/\" title=\"Geh\u00f6lz Elia Monastiraki und Denmal-Olivenbaums Genna\"><div class=\"mytitle\">Geh\u00f6lz Elia Monastiraki und Denmal-Olivenbaums Genna<\/div><\/a>\n          <\/div>\n\t\t          \n          <div class=\"mygrid\">\n            <a href=\"https:\/\/www.discoveramari.gr\/de\/poi\/gious-kampos-hochebene\/\" title=\"Gious Kampos Hochebene\"><span class=\"myimage et_portfolio_image\"><img decoding=\"async\" src=\"https:\/\/www.discoveramari.gr\/wp-content\/uploads\/2022\/07\/DSC_5509-300x150.jpg\"><\/span><\/a>\n            <a href=\"https:\/\/www.discoveramari.gr\/de\/poi\/gious-kampos-hochebene\/\" title=\"Gious Kampos Hochebene\"><div class=\"mytitle\">Gious Kampos Hochebene<\/div><\/a>\n          <\/div>\n\t\t          \n          <div class=\"mygrid\">\n            <a href=\"https:\/\/www.discoveramari.gr\/de\/poi\/hoehle-chabathoura-und-leska-fourfouras\/\" title=\"H\u00f6hle Chabathoura und Leska (Fourfouras)\"><span class=\"myimage et_portfolio_image\"><img decoding=\"async\" src=\"https:\/\/www.discoveramari.gr\/wp-content\/uploads\/2023\/01\/IMG_2507-300x200.jpg\"><\/span><\/a>\n            <a href=\"https:\/\/www.discoveramari.gr\/de\/poi\/hoehle-chabathoura-und-leska-fourfouras\/\" title=\"H\u00f6hle Chabathoura und Leska (Fourfouras)\"><div class=\"mytitle\">H\u00f6hle Chabathoura und Leska (Fourfouras)<\/div><\/a>\n          <\/div>\n\t\t          \n          <div class=\"mygrid\">\n            <a href=\"https:\/\/www.discoveramari.gr\/de\/poi\/hoehle-paule-faure-oder-notiki-tripa\/\" title=\"H\u00f6hle Paule Faure oder Notiki Tripa\"><span class=\"myimage et_portfolio_image\"><img decoding=\"async\" src=\"https:\/\/www.discoveramari.gr\/wp-content\/uploads\/2022\/09\/IMG_3585-300x200.jpg\"><\/span><\/a>\n            <a href=\"https:\/\/www.discoveramari.gr\/de\/poi\/hoehle-paule-faure-oder-notiki-tripa\/\" title=\"H\u00f6hle Paule Faure oder Notiki Tripa\"><div class=\"mytitle\">H\u00f6hle Paule Faure oder Notiki Tripa<\/div><\/a>\n          <\/div>\n\t\t          \n          <div class=\"mygrid\">\n            <a href=\"https:\/\/www.discoveramari.gr\/de\/poi\/kedros-berg-oder-kentros\/\" title=\"Kedros Berg (oder Kentros)\"><span class=\"myimage et_portfolio_image\"><img decoding=\"async\" src=\"https:\/\/www.discoveramari.gr\/wp-content\/uploads\/2022\/07\/IMG_3042-300x200.jpg\"><\/span><\/a>\n            <a href=\"https:\/\/www.discoveramari.gr\/de\/poi\/kedros-berg-oder-kentros\/\" title=\"Kedros Berg (oder Kentros)\"><div class=\"mytitle\">Kedros Berg (oder Kentros)<\/div><\/a>\n          <\/div>\n\t\t          \n          <div class=\"mygrid\">\n            <a href=\"https:\/\/www.discoveramari.gr\/de\/poi\/korakias-gipfel\/\" title=\"Korakias Gipfel\"><span class=\"myimage et_portfolio_image\"><img decoding=\"async\" src=\"https:\/\/www.discoveramari.gr\/wp-content\/uploads\/2022\/09\/IMG_2479-300x200.jpg\"><\/span><\/a>\n            <a href=\"https:\/\/www.discoveramari.gr\/de\/poi\/korakias-gipfel\/\" title=\"Korakias Gipfel\"><div class=\"mytitle\">Korakias Gipfel<\/div><\/a>\n          <\/div>\n\t\t          \n          <div class=\"mygrid\">\n            <a href=\"https:\/\/www.discoveramari.gr\/de\/poi\/margeles-hoehle-elenes\/\" title=\"Margeles H\u00f6hle (Elenes)\"><span class=\"myimage et_portfolio_image\"><img decoding=\"async\" src=\"https:\/\/www.discoveramari.gr\/wp-content\/uploads\/2022\/09\/IMG_3136-300x200.jpg\"><\/span><\/a>\n            <a href=\"https:\/\/www.discoveramari.gr\/de\/poi\/margeles-hoehle-elenes\/\" title=\"Margeles H\u00f6hle (Elenes)\"><div class=\"mytitle\">Margeles H\u00f6hle (Elenes)<\/div><\/a>\n          <\/div>\n\t\t\n\t\n\t\n\t<\/div>\n<\/div>\n  <\/div>\n<div class=\"row\">\n    \n <div class=\"form-inline\">\n<div class=\"form-group\">\nSeite 1 auf 2\n<\/div>\n \n<div class=\"form-group form-middle form-last\">\n<span class=\"wpv-filter-previous-link page-link \">Vorherige<\/span> <ul class=\"wpv-pagination-nav-links-container js-wpv-pagination-nav-links-container pagination\"><li class=\"wpv-pagination-nav-links-item js-wpv-pagination-nav-links-item page-item wpv-page-link-5411-CATTR42ca666974b8bc8359521600fbfac62d-1 js-wpv-page-link-5411-CATTR42ca666974b8bc8359521600fbfac62d-1 wpv_page_current wpv-pagination-nav-links-item-current active\"><span class=\"wpv-filter-pagination-link page-link\">1<\/span><\/li><li class=\"wpv-pagination-nav-links-item js-wpv-pagination-nav-links-item page-item wpv-page-link-5411-CATTR42ca666974b8bc8359521600fbfac62d-2 js-wpv-page-link-5411-CATTR42ca666974b8bc8359521600fbfac62d-2\"><a class=\"wpv-filter-pagination-link js-wpv-pagination-link page-link\" title=\"2\" href=\"\/de\/wp-json\/wp\/v2\/pages\/22419?wpv_view_count=5411-CATTR42ca666974b8bc8359521600fbfac62d&#038;wpv_paged=2\" data-viewnumber=\"5411-CATTR42ca666974b8bc8359521600fbfac62d\" data-page=\"2\">2<\/a><\/li><\/ul> <a class=\"wpv-filter-next-link js-wpv-pagination-next-link page-link \"  href=\"\/de\/wp-json\/wp\/v2\/pages\/22419?wpv_view_count=5411-CATTR42ca666974b8bc8359521600fbfac62d&#038;wpv_paged=2\"\n\t\t\t\t\tdata-viewnumber=\"5411-CATTR42ca666974b8bc8359521600fbfac62d\" data-page=\"2\">N\u00e4chste<\/a>\n<\/div> \n\n<\/div>\n\n \n<\/div>\n\n\n<p>[\/et_pb_text][\/et_pb_column][\/et_pb_row][\/et_pb_section]<\/p>\n","protected":false},"excerpt":{"rendered":"<p>Wilde Berge und steile Bergbeh\u00e4nge, idyllische Landschaften mit viel gr\u00fcn und Wasser, machen dei wundersch\u00f6ne und reiche Natur von Amari aus. \u00d6stlich herrscht Psiloritis, mit felsigem geologischen Boden und H\u00f6hlen, in den niedrigeren Ebenen gibt es W\u00e4lder und Eichen. Westlich wird das Tal vom Berg Kedros umgeben. Auf dem Tal liegt die gesch\u00fctzte Hochebene Gious [&hellip;]<\/p>\n","protected":false},"author":4,"featured_media":0,"parent":0,"menu_order":0,"comment_status":"closed","ping_status":"closed","template":"","meta":{"_et_pb_use_builder":"on","_et_pb_old_content":"","_et_gb_content_width":"","footnotes":""},"class_list":["post-22419","page","type-page","status-publish","hentry"],"_links":{"self":[{"href":"https:\/\/www.discoveramari.gr\/de\/wp-json\/wp\/v2\/pages\/22419","targetHints":{"allow":["GET"]}}],"collection":[{"href":"https:\/\/www.discoveramari.gr\/de\/wp-json\/wp\/v2\/pages"}],"about":[{"href":"https:\/\/www.discoveramari.gr\/de\/wp-json\/wp\/v2\/types\/page"}],"author":[{"embeddable":true,"href":"https:\/\/www.discoveramari.gr\/de\/wp-json\/wp\/v2\/users\/4"}],"replies":[{"embeddable":true,"href":"https:\/\/www.discoveramari.gr\/de\/wp-json\/wp\/v2\/comments?post=22419"}],"version-history":[{"count":5,"href":"https:\/\/www.discoveramari.gr\/de\/wp-json\/wp\/v2\/pages\/22419\/revisions"}],"predecessor-version":[{"id":25479,"href":"https:\/\/www.discoveramari.gr\/de\/wp-json\/wp\/v2\/pages\/22419\/revisions\/25479"}],"wp:attachment":[{"href":"https:\/\/www.discoveramari.gr\/de\/wp-json\/wp\/v2\/media?parent=22419"}],"curies":[{"name":"wp","href":"https:\/\/api.w.org\/{rel}","templated":true}]}}