{"id":22431,"date":"2022-09-07T11:39:14","date_gmt":"2022-09-07T08:39:14","guid":{"rendered":"https:\/\/www.discoveramari.gr\/%cf%80%ce%b1%cf%81%ce%b1%ce%b4%ce%bf%cf%83%ce%b9%ce%b1%ce%ba%ce%ae-%ce%b1%cf%81%cf%87%ce%b9%cf%84%ce%b5%ce%ba%cf%84%ce%bf%ce%bd%ce%b9%ce%ba%ce%ae-%ce%bd%ce%b5%cf%8c%cf%84%ce%b5%cf%81%ce%b1-%ce%bc\/"},"modified":"2023-07-10T10:50:03","modified_gmt":"2023-07-10T07:50:03","slug":"traditionelle-architektur-neue-denkmaeler","status":"publish","type":"page","link":"https:\/\/www.discoveramari.gr\/de\/traditionelle-architektur-neue-denkmaeler\/","title":{"rendered":"Traditionelle architektur &#8211; Neue Denkm\u00e4ler"},"content":{"rendered":"<p>[et_pb_section fb_built=&#8220;1&#8243; admin_label=&#8220;section&#8220; _builder_version=&#8220;4.20.2&#8243; background_color=&#8220;#d7dcc5&#8243; custom_margin=&#8220;0px||0px||true|false&#8220; global_colors_info=&#8220;{}&#8220;][et_pb_row admin_label=&#8220;row&#8220; _builder_version=&#8220;4.21.0&#8243; background_color=&#8220;#FFFFFF&#8220; background_size=&#8220;initial&#8220; background_position=&#8220;top_left&#8220; background_repeat=&#8220;repeat&#8220; custom_padding=&#8220;60px|60px|60px|60px|true|true&#8220; global_colors_info=&#8220;{}&#8220;][et_pb_column type=&#8220;4_4&#8243; _builder_version=&#8220;4.16&#8243; custom_padding=&#8220;|||&#8220; global_colors_info=&#8220;{}&#8220; custom_padding__hover=&#8220;|||&#8220;][et_pb_post_title meta=&#8220;off&#8220; featured_image=&#8220;off&#8220; _builder_version=&#8220;4.21.0&#8243; _module_preset=&#8220;default&#8220; title_font=&#8220;sports_tourism_font||||||||&#8220; hover_enabled=&#8220;0&#8243; global_colors_info=&#8220;{}&#8220; sticky_enabled=&#8220;0&#8243;][\/et_pb_post_title][et_pb_text admin_label=&#8220;\u039a\u03b5\u03af\u03bc\u03b5\u03bd\u03bf&#8220; _builder_version=&#8220;4.21.0&#8243; background_size=&#8220;initial&#8220; background_position=&#8220;top_left&#8220; background_repeat=&#8220;repeat&#8220; use_border_color=&#8220;off&#8220; border_color=&#8220;#ffffff&#8220; border_style=&#8220;solid&#8220; global_colors_info=&#8220;{}&#8220;]<\/p>\n<p>In Amari gibt es viele sch\u00f6ne Merkmale tratidioneller Architektur und neue Denkm\u00e4ler, die der Besucher bewundern kann. In den Siedlungen besonders interessant sind die traditionellen Brunnen mit den sch\u00f6nen Fassaden und den rechteckigen Becken. Auf dem Land von Amari lohnt es sich die malerischen Br\u00fccke aus Stein zu besuchen, am bekanntesten ist die Br\u00fccke von Manoura. Au\u00dferdem, wenn Sie die Berge erkunden werden Sie auf den Bergbeh\u00e4ngen die Hirtenh\u00fctten sehen, gebaut aus Stein, aber auch osmanische Festungen, die noch gerade stehen mit ihren Schie\u00dfscharten, auf den Gipfeln der H\u00fcgeln.<\/p>\n<p>[\/et_pb_text][et_pb_text _builder_version=&#8220;4.18.0&#8243; _module_preset=&#8220;default&#8220; global_colors_info=&#8220;{}&#8220;]<\/p>\n<form autocomplete=\"off\" name=\"wpv-filter-5411-CATTR8059270d068bc4df876d8c7bd7ad31e0\" action=\"\/de\/wp-json\/wp\/v2\/pages\/22431?wpv_view_count=5411-CATTR8059270d068bc4df876d8c7bd7ad31e0\" method=\"get\" class=\"wpv-filter-form js-wpv-filter-form js-wpv-filter-form-5411-CATTR8059270d068bc4df876d8c7bd7ad31e0 js-wpv-form-full js-wpv-ajax-results-submit-enabled\" data-viewnumber=\"5411-CATTR8059270d068bc4df876d8c7bd7ad31e0\" data-viewid=\"5411\" data-viewhash=\"eyJuYW1lIjoicG9pcyIsIndwdnBvaWNhdGVnb3J5IjoiYXJ4aXRla3RvbmlraSJ9\" data-viewwidgetid=\"0\" data-orderby=\"\" data-order=\"\" data-orderbyas=\"\" data-orderbysecond=\"\" data-ordersecond=\"\" data-parametric=\"{&quot;query&quot;:&quot;normal&quot;,&quot;id&quot;:5411,&quot;view_id&quot;:5411,&quot;widget_id&quot;:0,&quot;view_hash&quot;:&quot;5411-CATTR8059270d068bc4df876d8c7bd7ad31e0&quot;,&quot;action&quot;:&quot;\\\/de\\\/wp-json\\\/wp\\\/v2\\\/pages\\\/22431?wpv_view_count=5411-CATTR8059270d068bc4df876d8c7bd7ad31e0&quot;,&quot;sort&quot;:{&quot;orderby&quot;:&quot;&quot;,&quot;order&quot;:&quot;&quot;,&quot;orderby_as&quot;:&quot;&quot;,&quot;orderby_second&quot;:&quot;&quot;,&quot;order_second&quot;:&quot;&quot;},&quot;orderby&quot;:&quot;&quot;,&quot;order&quot;:&quot;&quot;,&quot;orderby_as&quot;:&quot;&quot;,&quot;orderby_second&quot;:&quot;&quot;,&quot;order_second&quot;:&quot;&quot;,&quot;ajax_form&quot;:&quot;&quot;,&quot;ajax_results&quot;:&quot;&quot;,&quot;effect&quot;:&quot;fade&quot;,&quot;prebefore&quot;:&quot;&quot;,&quot;before&quot;:&quot;&quot;,&quot;after&quot;:&quot;&quot;,&quot;attributes&quot;:{&quot;wpvpoicategory&quot;:&quot;arxitektoniki&quot;},&quot;environment&quot;:{&quot;current_post_id&quot;:22431,&quot;parent_post_id&quot;:22431,&quot;parent_term_id&quot;:0,&quot;parent_user_id&quot;:0,&quot;archive&quot;:{&quot;type&quot;:&quot;&quot;,&quot;name&quot;:&quot;&quot;,&quot;data&quot;:[]}},&quot;loop&quot;:{&quot;type&quot;:&quot;&quot;,&quot;name&quot;:&quot;&quot;,&quot;data&quot;:[],&quot;id&quot;:0}}\" data-attributes=\"{&quot;wpvpoicategory&quot;:&quot;arxitektoniki&quot;}\" data-environment=\"{&quot;current_post_id&quot;:22431,&quot;parent_post_id&quot;:22431,&quot;parent_term_id&quot;:0,&quot;parent_user_id&quot;:0,&quot;archive&quot;:{&quot;type&quot;:&quot;&quot;,&quot;name&quot;:&quot;&quot;,&quot;data&quot;:[]}}\"><input type=\"hidden\" class=\"js-wpv-dps-filter-data js-wpv-filter-data-for-this-form\" data-action=\"\/de\/wp-json\/wp\/v2\/pages\/22431?wpv_view_count=5411-CATTR8059270d068bc4df876d8c7bd7ad31e0\" data-page=\"1\" data-ajax=\"disable\" data-effect=\"fade\" data-maxpages=\"3\" data-ajaxprebefore=\"\" data-ajaxbefore=\"\" data-ajaxafter=\"\" \/><input class=\"wpv_view_count wpv_view_count-5411-CATTR8059270d068bc4df876d8c7bd7ad31e0\" type=\"hidden\" name=\"wpv_view_count\" value=\"5411-CATTR8059270d068bc4df876d8c7bd7ad31e0\" \/>\n\n<\/form>\n<div id=\"wpv-view-layout-5411-CATTR8059270d068bc4df876d8c7bd7ad31e0\" class=\"js-wpv-view-layout js-wpv-layout-responsive js-wpv-view-layout-5411-CATTR8059270d068bc4df876d8c7bd7ad31e0 wpv-pagination js-wpv-layout-has-pagination wpv-pagination-preload-images js-wpv-layout-preload-images wpv-pagination-preload-pages js-wpv-layout-preload-pages\" style=\"visibility:hidden;\" data-viewnumber=\"5411-CATTR8059270d068bc4df876d8c7bd7ad31e0\" data-pagination=\"{&quot;id&quot;:5411,&quot;query&quot;:&quot;normal&quot;,&quot;type&quot;:&quot;ajaxed&quot;,&quot;effect&quot;:&quot;fade&quot;,&quot;duration&quot;:500,&quot;speed&quot;:5,&quot;pause_on_hover&quot;:&quot;enabled&quot;,&quot;stop_rollover&quot;:&quot;false&quot;,&quot;cache_pages&quot;:&quot;enabled&quot;,&quot;preload_images&quot;:&quot;enabled&quot;,&quot;preload_pages&quot;:&quot;enabled&quot;,&quot;preload_reach&quot;:1,&quot;spinner&quot;:&quot;builtin&quot;,&quot;spinner_image&quot;:&quot;&quot;,&quot;callback_next&quot;:&quot;&quot;,&quot;manage_history&quot;:&quot;enabled&quot;,&quot;has_controls_in_form&quot;:&quot;disabled&quot;,&quot;infinite_tolerance&quot;:0,&quot;max_pages&quot;:3,&quot;page&quot;:1,&quot;base_permalink&quot;:&quot;\/de\/wp-json\/wp\/v2\/pages\/22431?wpv_view_count=5411-CATTR8059270d068bc4df876d8c7bd7ad31e0&amp;wpv_paged=WPV_PAGE_NUM&quot;,&quot;loop&quot;:{&quot;type&quot;:&quot;&quot;,&quot;name&quot;:&quot;&quot;,&quot;data&quot;:[],&quot;id&quot;:0}}\" data-permalink=\"\/de\/wp-json\/wp\/v2\/pages\/22431?wpv_view_count=5411-CATTR8059270d068bc4df876d8c7bd7ad31e0\">\n\n<div >\n  <div >\n  <div >\n\t\n\t\n\t\t          \n          <div class=\"mygrid\">\n            <a href=\"https:\/\/www.discoveramari.gr\/de\/poi\/alter-brunnen-bei-elenes\/\" title=\"Alter Brunnen bei Elenes\"><span class=\"myimage et_portfolio_image\"><img decoding=\"async\" src=\"https:\/\/www.discoveramari.gr\/wp-content\/uploads\/2022\/09\/IMG_3139-300x200.jpg\"><\/span><\/a>\n            <a href=\"https:\/\/www.discoveramari.gr\/de\/poi\/alter-brunnen-bei-elenes\/\" title=\"Alter Brunnen bei Elenes\"><div class=\"mytitle\">Alter Brunnen bei Elenes<\/div><\/a>\n          <\/div>\n\t\t          \n          <div class=\"mygrid\">\n            <a href=\"https:\/\/www.discoveramari.gr\/de\/poi\/%ce%ba%cf%81%ce%ae%ce%bd%ce%b7-%ce%bd%ce%b9%ce%b8%ce%b1%cf%85%cf%81%ce%ae\/\" title=\"Alter Brunnen Nithavri\"><span class=\"myimage et_portfolio_image\"><img decoding=\"async\" src=\"https:\/\/www.discoveramari.gr\/wp-content\/uploads\/2022\/07\/IMG_1006-300x200.jpg\"><\/span><\/a>\n            <a href=\"https:\/\/www.discoveramari.gr\/de\/poi\/%ce%ba%cf%81%ce%ae%ce%bd%ce%b7-%ce%bd%ce%b9%ce%b8%ce%b1%cf%85%cf%81%ce%ae\/\" title=\"Alter Brunnen Nithavri\"><div class=\"mytitle\">Alter Brunnen Nithavri<\/div><\/a>\n          <\/div>\n\t\t          \n          <div class=\"mygrid\">\n            <a href=\"https:\/\/www.discoveramari.gr\/de\/poi\/bruecke-lampiotes\/\" title=\"Br\u00fccke (Lampiotes)\"><span class=\"myimage et_portfolio_image\"><img decoding=\"async\" src=\"https:\/\/www.discoveramari.gr\/wp-content\/uploads\/2022\/07\/IMG_1588-300x200.jpg\"><\/span><\/a>\n            <a href=\"https:\/\/www.discoveramari.gr\/de\/poi\/bruecke-lampiotes\/\" title=\"Br\u00fccke (Lampiotes)\"><div class=\"mytitle\">Br\u00fccke (Lampiotes)<\/div><\/a>\n          <\/div>\n\t\t          \n          <div class=\"mygrid\">\n            <a href=\"https:\/\/www.discoveramari.gr\/de\/poi\/bruecke-des-smilianos-flusses\/\" title=\"Br\u00fccke des Smilianos Flusses\"><span class=\"myimage et_portfolio_image\"><img decoding=\"async\" src=\"https:\/\/www.discoveramari.gr\/wp-content\/uploads\/2022\/07\/IMG_1221-300x200.jpg\"><\/span><\/a>\n            <a href=\"https:\/\/www.discoveramari.gr\/de\/poi\/bruecke-des-smilianos-flusses\/\" title=\"Br\u00fccke des Smilianos Flusses\"><div class=\"mytitle\">Br\u00fccke des Smilianos Flusses<\/div><\/a>\n          <\/div>\n\t\t          \n          <div class=\"mygrid\">\n            <a href=\"https:\/\/www.discoveramari.gr\/de\/poi\/bruecke-ksife\/\" title=\"Br\u00fccke Ksife\"><span class=\"myimage et_portfolio_image\"><img decoding=\"async\" src=\"https:\/\/www.discoveramari.gr\/wp-content\/uploads\/2022\/09\/IMG_1225-300x200.jpg\"><\/span><\/a>\n            <a href=\"https:\/\/www.discoveramari.gr\/de\/poi\/bruecke-ksife\/\" title=\"Br\u00fccke Ksife\"><div class=\"mytitle\">Br\u00fccke Ksife<\/div><\/a>\n          <\/div>\n\t\t          \n          <div class=\"mygrid\">\n            <a href=\"https:\/\/www.discoveramari.gr\/de\/poi\/bruecke-von-sima-oder-bruecke-der-fluesse\/\" title=\"Br\u00fccke von Sima oder Br\u00fccke der Fl\u00fcsse\"><span class=\"myimage et_portfolio_image\"><img decoding=\"async\" src=\"\"><\/span><\/a>\n            <a href=\"https:\/\/www.discoveramari.gr\/de\/poi\/bruecke-von-sima-oder-bruecke-der-fluesse\/\" title=\"Br\u00fccke von Sima oder Br\u00fccke der Fl\u00fcsse\"><div class=\"mytitle\">Br\u00fccke von Sima oder Br\u00fccke der Fl\u00fcsse<\/div><\/a>\n          <\/div>\n\t\t          \n          <div class=\"mygrid\">\n            <a href=\"https:\/\/www.discoveramari.gr\/de\/poi\/brunnen-agia-paraskevi\/\" title=\"Brunnen (Agia Paraskevi)\"><span class=\"myimage et_portfolio_image\"><img decoding=\"async\" src=\"https:\/\/www.discoveramari.gr\/wp-content\/uploads\/2022\/07\/IMG_1184-300x200.jpg\"><\/span><\/a>\n            <a href=\"https:\/\/www.discoveramari.gr\/de\/poi\/brunnen-agia-paraskevi\/\" title=\"Brunnen (Agia Paraskevi)\"><div class=\"mytitle\">Brunnen (Agia Paraskevi)<\/div><\/a>\n          <\/div>\n\t\t          \n          <div class=\"mygrid\">\n            <a href=\"https:\/\/www.discoveramari.gr\/de\/poi\/brunnen-lampiotes\/\" title=\"Brunnen (Lampiotes)\"><span class=\"myimage et_portfolio_image\"><img decoding=\"async\" src=\"https:\/\/www.discoveramari.gr\/wp-content\/uploads\/2023\/01\/IMG_1596-300x200.jpg\"><\/span><\/a>\n            <a href=\"https:\/\/www.discoveramari.gr\/de\/poi\/brunnen-lampiotes\/\" title=\"Brunnen (Lampiotes)\"><div class=\"mytitle\">Brunnen (Lampiotes)<\/div><\/a>\n          <\/div>\n\t\t          \n          <div class=\"mygrid\">\n            <a href=\"https:\/\/www.discoveramari.gr\/de\/poi\/brunnen-petrochori\/\" title=\"Brunnen (Petrochori)\"><span class=\"myimage et_portfolio_image\"><img decoding=\"async\" src=\"https:\/\/www.discoveramari.gr\/wp-content\/uploads\/2023\/01\/IMG_1623-300x200.jpg\"><\/span><\/a>\n            <a href=\"https:\/\/www.discoveramari.gr\/de\/poi\/brunnen-petrochori\/\" title=\"Brunnen (Petrochori)\"><div class=\"mytitle\">Brunnen (Petrochori)<\/div><\/a>\n          <\/div>\n\t\t          \n          <div class=\"mygrid\">\n            <a href=\"https:\/\/www.discoveramari.gr\/de\/poi\/brunnen-wathiako\/\" title=\"Brunnen (Wathiako)\"><span class=\"myimage et_portfolio_image\"><img decoding=\"async\" src=\"https:\/\/www.discoveramari.gr\/wp-content\/uploads\/2022\/09\/IMG_1047-300x200.jpg\"><\/span><\/a>\n            <a href=\"https:\/\/www.discoveramari.gr\/de\/poi\/brunnen-wathiako\/\" title=\"Brunnen (Wathiako)\"><div class=\"mytitle\">Brunnen (Wathiako)<\/div><\/a>\n          <\/div>\n\t\t          \n          <div class=\"mygrid\">\n            <a href=\"https:\/\/www.discoveramari.gr\/de\/poi\/brunnen-wizari\/\" title=\"Brunnen (Wizari)\"><span class=\"myimage et_portfolio_image\"><img decoding=\"async\" src=\"https:\/\/www.discoveramari.gr\/wp-content\/uploads\/2022\/07\/IMG_1544-300x200.jpg\"><\/span><\/a>\n            <a href=\"https:\/\/www.discoveramari.gr\/de\/poi\/brunnen-wizari\/\" title=\"Brunnen (Wizari)\"><div class=\"mytitle\">Brunnen (Wizari)<\/div><\/a>\n          <\/div>\n\t\t          \n          <div class=\"mygrid\">\n            <a href=\"https:\/\/www.discoveramari.gr\/de\/poi\/%ce%ba%cf%81%ce%ae%ce%bd%ce%b7-%ce%b1%cf%80%ce%bf%ce%b4%ce%bf%cf%8d%ce%bb%ce%bf%cf%85\/\" title=\"Brunnen Apodoulou\"><span class=\"myimage et_portfolio_image\"><img decoding=\"async\" src=\"https:\/\/www.discoveramari.gr\/wp-content\/uploads\/2022\/07\/IMG_1070-300x200.jpg\"><\/span><\/a>\n            <a href=\"https:\/\/www.discoveramari.gr\/de\/poi\/%ce%ba%cf%81%ce%ae%ce%bd%ce%b7-%ce%b1%cf%80%ce%bf%ce%b4%ce%bf%cf%8d%ce%bb%ce%bf%cf%85\/\" title=\"Brunnen Apodoulou\"><div class=\"mytitle\">Brunnen Apodoulou<\/div><\/a>\n          <\/div>\n\t\t\n\t\n\t\n\t<\/div>\n<\/div>\n  <\/div>\n<div class=\"row\">\n    \n <div class=\"form-inline\">\n<div class=\"form-group\">\nSeite 1 auf 3\n<\/div>\n \n<div class=\"form-group form-middle form-last\">\n<span class=\"wpv-filter-previous-link page-link \">Vorherige<\/span> <ul class=\"wpv-pagination-nav-links-container js-wpv-pagination-nav-links-container pagination\"><li class=\"wpv-pagination-nav-links-item js-wpv-pagination-nav-links-item page-item wpv-page-link-5411-CATTR8059270d068bc4df876d8c7bd7ad31e0-1 js-wpv-page-link-5411-CATTR8059270d068bc4df876d8c7bd7ad31e0-1 wpv_page_current wpv-pagination-nav-links-item-current active\"><span class=\"wpv-filter-pagination-link page-link\">1<\/span><\/li><li class=\"wpv-pagination-nav-links-item js-wpv-pagination-nav-links-item page-item wpv-page-link-5411-CATTR8059270d068bc4df876d8c7bd7ad31e0-2 js-wpv-page-link-5411-CATTR8059270d068bc4df876d8c7bd7ad31e0-2\"><a class=\"wpv-filter-pagination-link js-wpv-pagination-link page-link\" title=\"2\" href=\"\/de\/wp-json\/wp\/v2\/pages\/22431?wpv_view_count=5411-CATTR8059270d068bc4df876d8c7bd7ad31e0&#038;wpv_paged=2\" data-viewnumber=\"5411-CATTR8059270d068bc4df876d8c7bd7ad31e0\" data-page=\"2\">2<\/a><\/li><li class=\"wpv-pagination-nav-links-item js-wpv-pagination-nav-links-item page-item wpv-page-link-5411-CATTR8059270d068bc4df876d8c7bd7ad31e0-3 js-wpv-page-link-5411-CATTR8059270d068bc4df876d8c7bd7ad31e0-3\"><a class=\"wpv-filter-pagination-link js-wpv-pagination-link page-link\" title=\"3\" href=\"\/de\/wp-json\/wp\/v2\/pages\/22431?wpv_view_count=5411-CATTR8059270d068bc4df876d8c7bd7ad31e0&#038;wpv_paged=3\" data-viewnumber=\"5411-CATTR8059270d068bc4df876d8c7bd7ad31e0\" data-page=\"3\">3<\/a><\/li><\/ul> <a class=\"wpv-filter-next-link js-wpv-pagination-next-link page-link \"  href=\"\/de\/wp-json\/wp\/v2\/pages\/22431?wpv_view_count=5411-CATTR8059270d068bc4df876d8c7bd7ad31e0&#038;wpv_paged=2\"\n\t\t\t\t\tdata-viewnumber=\"5411-CATTR8059270d068bc4df876d8c7bd7ad31e0\" data-page=\"2\">N\u00e4chste<\/a>\n<\/div> \n\n<\/div>\n\n \n<\/div>\n\n\n<p>[\/et_pb_text][\/et_pb_column][\/et_pb_row][\/et_pb_section]<\/p>\n","protected":false},"excerpt":{"rendered":"<p>In Amari gibt es viele sch\u00f6ne Merkmale tratidioneller Architektur und neue Denkm\u00e4ler, die der Besucher bewundern kann. In den Siedlungen besonders interessant sind die traditionellen Brunnen mit den sch\u00f6nen Fassaden und den rechteckigen Becken. Auf dem Land von Amari lohnt es sich die malerischen Br\u00fccke aus Stein zu besuchen, am bekanntesten ist die Br\u00fccke von [&hellip;]<\/p>\n","protected":false},"author":4,"featured_media":0,"parent":0,"menu_order":0,"comment_status":"closed","ping_status":"closed","template":"","meta":{"_et_pb_use_builder":"on","_et_pb_old_content":"","_et_gb_content_width":"","footnotes":""},"class_list":["post-22431","page","type-page","status-publish","hentry"],"_links":{"self":[{"href":"https:\/\/www.discoveramari.gr\/de\/wp-json\/wp\/v2\/pages\/22431","targetHints":{"allow":["GET"]}}],"collection":[{"href":"https:\/\/www.discoveramari.gr\/de\/wp-json\/wp\/v2\/pages"}],"about":[{"href":"https:\/\/www.discoveramari.gr\/de\/wp-json\/wp\/v2\/types\/page"}],"author":[{"embeddable":true,"href":"https:\/\/www.discoveramari.gr\/de\/wp-json\/wp\/v2\/users\/4"}],"replies":[{"embeddable":true,"href":"https:\/\/www.discoveramari.gr\/de\/wp-json\/wp\/v2\/comments?post=22431"}],"version-history":[{"count":6,"href":"https:\/\/www.discoveramari.gr\/de\/wp-json\/wp\/v2\/pages\/22431\/revisions"}],"predecessor-version":[{"id":25484,"href":"https:\/\/www.discoveramari.gr\/de\/wp-json\/wp\/v2\/pages\/22431\/revisions\/25484"}],"wp:attachment":[{"href":"https:\/\/www.discoveramari.gr\/de\/wp-json\/wp\/v2\/media?parent=22431"}],"curies":[{"name":"wp","href":"https:\/\/api.w.org\/{rel}","templated":true}]}}