{"id":22437,"date":"2022-08-28T10:05:31","date_gmt":"2022-08-28T07:05:31","guid":{"rendered":"https:\/\/www.discoveramari.gr\/%cf%80%ce%b1%cf%81%ce%ac%ce%b4%ce%bf%cf%83%ce%b7\/"},"modified":"2023-07-10T10:59:24","modified_gmt":"2023-07-10T07:59:24","slug":"tradition","status":"publish","type":"page","link":"https:\/\/www.discoveramari.gr\/de\/tradition\/","title":{"rendered":"Tradition"},"content":{"rendered":"<p>[et_pb_section fb_built=&#8220;1&#8243; admin_label=&#8220;section&#8220; _builder_version=&#8220;4.20.2&#8243; background_color=&#8220;#d7dcc5&#8243; custom_margin=&#8220;0px||0px||true|false&#8220; global_colors_info=&#8220;{}&#8220;][et_pb_row admin_label=&#8220;row&#8220; _builder_version=&#8220;4.21.0&#8243; background_color=&#8220;#FFFFFF&#8220; background_size=&#8220;initial&#8220; background_position=&#8220;top_left&#8220; background_repeat=&#8220;repeat&#8220; custom_padding=&#8220;60px|60px|60px|60px|true|true&#8220; global_colors_info=&#8220;{}&#8220;][et_pb_column type=&#8220;4_4&#8243; _builder_version=&#8220;4.16&#8243; custom_padding=&#8220;|||&#8220; global_colors_info=&#8220;{}&#8220; custom_padding__hover=&#8220;|||&#8220;][et_pb_post_title meta=&#8220;off&#8220; featured_image=&#8220;off&#8220; _builder_version=&#8220;4.21.0&#8243; _module_preset=&#8220;default&#8220; title_font=&#8220;sports_tourism_font||||||||&#8220; hover_enabled=&#8220;0&#8243; global_colors_info=&#8220;{}&#8220; sticky_enabled=&#8220;0&#8243;][\/et_pb_post_title][et_pb_text admin_label=&#8220;\u039a\u03b5\u03af\u03bc\u03b5\u03bd\u03bf&#8220; _builder_version=&#8220;4.21.0&#8243; background_size=&#8220;initial&#8220; background_position=&#8220;top_left&#8220; background_repeat=&#8220;repeat&#8220; use_border_color=&#8220;off&#8220; border_color=&#8220;#ffffff&#8220; border_style=&#8220;solid&#8220; global_colors_info=&#8220;{}&#8220;]<\/p>\n<p>Hier wird die Tradition Kretas lebendig bewahrt, erneut und entwickelt, dank der leidenschaftlichen Menschen, die sich mit so gro\u00dfem Respekt und Gef\u00fchl mit der Kultur ihrer Heimat besch\u00e4ftigen. In Amari gibt es traditionelle Werkst\u00e4tten, wo die Handwerker kleine Wunder wirken, inspiriert von der Gegenwart. Wenn Sie Volkskunde m\u00f6gen, k\u00f6nnen sie die interessanten Sammlungen des Volksmuseums Wistagi und der Grundschule Amari besuchen, wie auch \u00d6lpresse Apostoli, wo die alten Maschinen noch da sind. Wenn Sie die Musik Kretas lieben, wird eine Musikschule jedes Jahr im August \u00a0veranstaltet.<\/p>\n<p style=\"text-align: justify;\">[\/et_pb_text][et_pb_text admin_label=&#8220;\u039a\u03b5\u03af\u03bc\u03b5\u03bd\u03bf&#8220; _builder_version=&#8220;4.18.0&#8243; background_size=&#8220;initial&#8220; background_position=&#8220;top_left&#8220; background_repeat=&#8220;repeat&#8220; use_border_color=&#8220;off&#8220; border_color=&#8220;#ffffff&#8220; border_style=&#8220;solid&#8220; global_colors_info=&#8220;{}&#8220;]<form autocomplete=\"off\" name=\"wpv-filter-5411-CATTR5d2a1c430645ec0d60672ef5c7df5ac3\" action=\"\/de\/wp-json\/wp\/v2\/pages\/22437?wpv_view_count=5411-CATTR5d2a1c430645ec0d60672ef5c7df5ac3\" method=\"get\" class=\"wpv-filter-form js-wpv-filter-form js-wpv-filter-form-5411-CATTR5d2a1c430645ec0d60672ef5c7df5ac3 js-wpv-form-full js-wpv-ajax-results-submit-enabled\" data-viewnumber=\"5411-CATTR5d2a1c430645ec0d60672ef5c7df5ac3\" data-viewid=\"5411\" data-viewhash=\"eyJuYW1lIjoicG9pcyIsIndwdnBvaWNhdGVnb3J5IjoicGFyYWRvc2kifQ==\" data-viewwidgetid=\"0\" data-orderby=\"\" data-order=\"\" data-orderbyas=\"\" data-orderbysecond=\"\" data-ordersecond=\"\" data-parametric=\"{&quot;query&quot;:&quot;normal&quot;,&quot;id&quot;:5411,&quot;view_id&quot;:5411,&quot;widget_id&quot;:0,&quot;view_hash&quot;:&quot;5411-CATTR5d2a1c430645ec0d60672ef5c7df5ac3&quot;,&quot;action&quot;:&quot;\\\/de\\\/wp-json\\\/wp\\\/v2\\\/pages\\\/22437?wpv_view_count=5411-CATTR5d2a1c430645ec0d60672ef5c7df5ac3&quot;,&quot;sort&quot;:{&quot;orderby&quot;:&quot;&quot;,&quot;order&quot;:&quot;&quot;,&quot;orderby_as&quot;:&quot;&quot;,&quot;orderby_second&quot;:&quot;&quot;,&quot;order_second&quot;:&quot;&quot;},&quot;orderby&quot;:&quot;&quot;,&quot;order&quot;:&quot;&quot;,&quot;orderby_as&quot;:&quot;&quot;,&quot;orderby_second&quot;:&quot;&quot;,&quot;order_second&quot;:&quot;&quot;,&quot;ajax_form&quot;:&quot;&quot;,&quot;ajax_results&quot;:&quot;&quot;,&quot;effect&quot;:&quot;fade&quot;,&quot;prebefore&quot;:&quot;&quot;,&quot;before&quot;:&quot;&quot;,&quot;after&quot;:&quot;&quot;,&quot;attributes&quot;:{&quot;wpvpoicategory&quot;:&quot;paradosi&quot;},&quot;environment&quot;:{&quot;current_post_id&quot;:22437,&quot;parent_post_id&quot;:22437,&quot;parent_term_id&quot;:0,&quot;parent_user_id&quot;:0,&quot;archive&quot;:{&quot;type&quot;:&quot;&quot;,&quot;name&quot;:&quot;&quot;,&quot;data&quot;:[]}},&quot;loop&quot;:{&quot;type&quot;:&quot;&quot;,&quot;name&quot;:&quot;&quot;,&quot;data&quot;:[],&quot;id&quot;:0}}\" data-attributes=\"{&quot;wpvpoicategory&quot;:&quot;paradosi&quot;}\" data-environment=\"{&quot;current_post_id&quot;:22437,&quot;parent_post_id&quot;:22437,&quot;parent_term_id&quot;:0,&quot;parent_user_id&quot;:0,&quot;archive&quot;:{&quot;type&quot;:&quot;&quot;,&quot;name&quot;:&quot;&quot;,&quot;data&quot;:[]}}\"><input type=\"hidden\" class=\"js-wpv-dps-filter-data js-wpv-filter-data-for-this-form\" data-action=\"\/de\/wp-json\/wp\/v2\/pages\/22437?wpv_view_count=5411-CATTR5d2a1c430645ec0d60672ef5c7df5ac3\" data-page=\"1\" data-ajax=\"disable\" data-effect=\"fade\" data-maxpages=\"1\" data-ajaxprebefore=\"\" data-ajaxbefore=\"\" data-ajaxafter=\"\" \/><input class=\"wpv_view_count wpv_view_count-5411-CATTR5d2a1c430645ec0d60672ef5c7df5ac3\" type=\"hidden\" name=\"wpv_view_count\" value=\"5411-CATTR5d2a1c430645ec0d60672ef5c7df5ac3\" \/>\n\n<\/form>\n<div id=\"wpv-view-layout-5411-CATTR5d2a1c430645ec0d60672ef5c7df5ac3\" class=\"js-wpv-view-layout js-wpv-layout-responsive js-wpv-view-layout-5411-CATTR5d2a1c430645ec0d60672ef5c7df5ac3 wpv-pagination js-wpv-layout-has-pagination wpv-pagination-preload-images js-wpv-layout-preload-images wpv-pagination-preload-pages js-wpv-layout-preload-pages\" style=\"visibility:hidden;\" data-viewnumber=\"5411-CATTR5d2a1c430645ec0d60672ef5c7df5ac3\" data-pagination=\"{&quot;id&quot;:5411,&quot;query&quot;:&quot;normal&quot;,&quot;type&quot;:&quot;ajaxed&quot;,&quot;effect&quot;:&quot;fade&quot;,&quot;duration&quot;:500,&quot;speed&quot;:5,&quot;pause_on_hover&quot;:&quot;enabled&quot;,&quot;stop_rollover&quot;:&quot;false&quot;,&quot;cache_pages&quot;:&quot;enabled&quot;,&quot;preload_images&quot;:&quot;enabled&quot;,&quot;preload_pages&quot;:&quot;enabled&quot;,&quot;preload_reach&quot;:1,&quot;spinner&quot;:&quot;builtin&quot;,&quot;spinner_image&quot;:&quot;&quot;,&quot;callback_next&quot;:&quot;&quot;,&quot;manage_history&quot;:&quot;enabled&quot;,&quot;has_controls_in_form&quot;:&quot;disabled&quot;,&quot;infinite_tolerance&quot;:0,&quot;max_pages&quot;:1,&quot;page&quot;:1,&quot;base_permalink&quot;:&quot;\/de\/wp-json\/wp\/v2\/pages\/22437?wpv_view_count=5411-CATTR5d2a1c430645ec0d60672ef5c7df5ac3&amp;wpv_paged=WPV_PAGE_NUM&quot;,&quot;loop&quot;:{&quot;type&quot;:&quot;&quot;,&quot;name&quot;:&quot;&quot;,&quot;data&quot;:[],&quot;id&quot;:0}}\" data-permalink=\"\/de\/wp-json\/wp\/v2\/pages\/22437?wpv_view_count=5411-CATTR5d2a1c430645ec0d60672ef5c7df5ac3\">\n\n<div >\n  <div >\n  <div >\n\t\n\t\n\t\t          \n          <div class=\"mygrid\">\n            <a href=\"https:\/\/www.discoveramari.gr\/de\/poi\/alte-oelpresse-apostoli\/\" title=\"Alte \u00d6lpresse Apostoli\"><span class=\"myimage et_portfolio_image\"><img decoding=\"async\" src=\"https:\/\/www.discoveramari.gr\/wp-content\/uploads\/2022\/07\/IMG_2090-300x200.jpg\"><\/span><\/a>\n            <a href=\"https:\/\/www.discoveramari.gr\/de\/poi\/alte-oelpresse-apostoli\/\" title=\"Alte \u00d6lpresse Apostoli\"><div class=\"mytitle\">Alte \u00d6lpresse Apostoli<\/div><\/a>\n          <\/div>\n\t\t          \n          <div class=\"mygrid\">\n            <a href=\"https:\/\/www.discoveramari.gr\/de\/poi\/ausstellung-grundschule-amari\/\" title=\"Ausstellung Grundschule Amari\"><span class=\"myimage et_portfolio_image\"><img decoding=\"async\" src=\"https:\/\/www.discoveramari.gr\/wp-content\/uploads\/2022\/07\/IMG_1778-300x200.jpg\"><\/span><\/a>\n            <a href=\"https:\/\/www.discoveramari.gr\/de\/poi\/ausstellung-grundschule-amari\/\" title=\"Ausstellung Grundschule Amari\"><div class=\"mytitle\">Ausstellung Grundschule Amari<\/div><\/a>\n          <\/div>\n\t\t          \n          <div class=\"mygrid\">\n            <a href=\"https:\/\/www.discoveramari.gr\/de\/poi\/halkidio-traditionelle-kupferschmiede\/\" title=\"Halkidio (Traditionelle Kupferschmiede)\"><span class=\"myimage et_portfolio_image\"><img decoding=\"async\" src=\"https:\/\/www.discoveramari.gr\/wp-content\/uploads\/2022\/07\/IMG_1450-300x200.jpg\"><\/span><\/a>\n            <a href=\"https:\/\/www.discoveramari.gr\/de\/poi\/halkidio-traditionelle-kupferschmiede\/\" title=\"Halkidio (Traditionelle Kupferschmiede)\"><div class=\"mytitle\">Halkidio (Traditionelle Kupferschmiede)<\/div><\/a>\n          <\/div>\n\t\t          \n          <div class=\"mygrid\">\n            <a href=\"https:\/\/www.discoveramari.gr\/de\/poi\/musikschule\/\" title=\"Musikschule\"><span class=\"myimage et_portfolio_image\"><img decoding=\"async\" src=\"https:\/\/www.discoveramari.gr\/wp-content\/uploads\/2022\/09\/IMG_2914-300x200.jpg\"><\/span><\/a>\n            <a href=\"https:\/\/www.discoveramari.gr\/de\/poi\/musikschule\/\" title=\"Musikschule\"><div class=\"mytitle\">Musikschule<\/div><\/a>\n          <\/div>\n\t\t          \n          <div class=\"mygrid\">\n            <a href=\"https:\/\/www.discoveramari.gr\/de\/poi\/traditionelles-keramikwerkstatt\/\" title=\"Traditionelles Keramikwerkstatt\"><span class=\"myimage et_portfolio_image\"><img decoding=\"async\" src=\"https:\/\/www.discoveramari.gr\/wp-content\/uploads\/2022\/07\/IMG_3228-300x200.jpg\"><\/span><\/a>\n            <a href=\"https:\/\/www.discoveramari.gr\/de\/poi\/traditionelles-keramikwerkstatt\/\" title=\"Traditionelles Keramikwerkstatt\"><div class=\"mytitle\">Traditionelles Keramikwerkstatt<\/div><\/a>\n          <\/div>\n\t\t          \n          <div class=\"mygrid\">\n            <a href=\"https:\/\/www.discoveramari.gr\/de\/poi\/volksmuseum-wistagi\/\" title=\"Volksmuseum Wistagi\"><span class=\"myimage et_portfolio_image\"><img decoding=\"async\" src=\"https:\/\/www.discoveramari.gr\/wp-content\/uploads\/2022\/09\/IMG_3247-300x200.jpg\"><\/span><\/a>\n            <a href=\"https:\/\/www.discoveramari.gr\/de\/poi\/volksmuseum-wistagi\/\" title=\"Volksmuseum Wistagi\"><div class=\"mytitle\">Volksmuseum Wistagi<\/div><\/a>\n          <\/div>\n\t\t\n\t\n\t\n\t<\/div>\n<\/div>\n  <\/div>\n<div class=\"row\">\n    \n \n<\/div>\n\n<br \/>\n[\/et_pb_text][\/et_pb_column][\/et_pb_row][\/et_pb_section]<\/p>\n","protected":false},"excerpt":{"rendered":"<p>Hier wird die Tradition Kretas lebendig bewahrt, erneut und entwickelt, dank der leidenschaftlichen Menschen, die sich mit so gro\u00dfem Respekt und Gef\u00fchl mit der Kultur ihrer Heimat besch\u00e4ftigen. In Amari gibt es traditionelle Werkst\u00e4tten, wo die Handwerker kleine Wunder wirken, inspiriert von der Gegenwart. Wenn Sie Volkskunde m\u00f6gen, k\u00f6nnen sie die interessanten Sammlungen des Volksmuseums [&hellip;]<\/p>\n","protected":false},"author":4,"featured_media":0,"parent":0,"menu_order":0,"comment_status":"closed","ping_status":"closed","template":"","meta":{"_et_pb_use_builder":"on","_et_pb_old_content":"","_et_gb_content_width":"","footnotes":""},"class_list":["post-22437","page","type-page","status-publish","hentry"],"_links":{"self":[{"href":"https:\/\/www.discoveramari.gr\/de\/wp-json\/wp\/v2\/pages\/22437","targetHints":{"allow":["GET"]}}],"collection":[{"href":"https:\/\/www.discoveramari.gr\/de\/wp-json\/wp\/v2\/pages"}],"about":[{"href":"https:\/\/www.discoveramari.gr\/de\/wp-json\/wp\/v2\/types\/page"}],"author":[{"embeddable":true,"href":"https:\/\/www.discoveramari.gr\/de\/wp-json\/wp\/v2\/users\/4"}],"replies":[{"embeddable":true,"href":"https:\/\/www.discoveramari.gr\/de\/wp-json\/wp\/v2\/comments?post=22437"}],"version-history":[{"count":4,"href":"https:\/\/www.discoveramari.gr\/de\/wp-json\/wp\/v2\/pages\/22437\/revisions"}],"predecessor-version":[{"id":25496,"href":"https:\/\/www.discoveramari.gr\/de\/wp-json\/wp\/v2\/pages\/22437\/revisions\/25496"}],"wp:attachment":[{"href":"https:\/\/www.discoveramari.gr\/de\/wp-json\/wp\/v2\/media?parent=22437"}],"curies":[{"name":"wp","href":"https:\/\/api.w.org\/{rel}","templated":true}]}}