{"id":23308,"date":"2022-07-27T11:09:33","date_gmt":"2022-07-27T08:09:33","guid":{"rendered":"https:\/\/www.discoveramari.gr\/%ce%b1%ce%bd%ce%b1%ce%ba%ce%b1%ce%bb%cf%8d%cf%88%cf%84%ce%b5-%cf%84%ce%bf-%ce%b1%ce%bc%ce%ac%cf%81%ce%b9\/"},"modified":"2023-07-10T10:38:42","modified_gmt":"2023-07-10T07:38:42","slug":"entdecken-sie-amari","status":"publish","type":"page","link":"https:\/\/www.discoveramari.gr\/de\/entdecken-sie-amari\/","title":{"rendered":"Entdecken Sie Amari"},"content":{"rendered":"<p>[et_pb_section fb_built=&#8220;1&#8243; admin_label=&#8220;section&#8220; _builder_version=&#8220;4.20.2&#8243; background_color=&#8220;#d7dcc5&#8243; custom_margin=&#8220;0px||0px||true|false&#8220; global_colors_info=&#8220;{}&#8220;][et_pb_row admin_label=&#8220;row&#8220; _builder_version=&#8220;4.21.0&#8243; background_color=&#8220;#FFFFFF&#8220; background_size=&#8220;initial&#8220; background_position=&#8220;top_left&#8220; background_repeat=&#8220;repeat&#8220; custom_padding=&#8220;60px|60px|60px|60px|true|true&#8220; global_colors_info=&#8220;{}&#8220;][et_pb_column type=&#8220;4_4&#8243; _builder_version=&#8220;4.16&#8243; custom_padding=&#8220;|||&#8220; global_colors_info=&#8220;{}&#8220; custom_padding__hover=&#8220;|||&#8220;][et_pb_post_title meta=&#8220;off&#8220; featured_image=&#8220;off&#8220; _builder_version=&#8220;4.21.0&#8243; _module_preset=&#8220;default&#8220; title_font=&#8220;sports_tourism_font||||||||&#8220; hover_enabled=&#8220;0&#8243; global_colors_info=&#8220;{}&#8220; sticky_enabled=&#8220;0&#8243;][\/et_pb_post_title][et_pb_text admin_label=&#8220;\u039a\u03b5\u03af\u03bc\u03b5\u03bd\u03bf&#8220; _builder_version=&#8220;4.21.0&#8243; background_size=&#8220;initial&#8220; background_position=&#8220;top_left&#8220; background_repeat=&#8220;repeat&#8220; custom_padding=&#8220;2px|||||&#8220; use_border_color=&#8220;off&#8220; border_color=&#8220;#ffffff&#8220; border_style=&#8220;solid&#8220; global_colors_info=&#8220;{}&#8220;]<\/p>\n<p>Amari ist zweifellos ein Schmuck im Bezirk Rethymno, ein Ort mit langer Geschichte, Kultur und unvergleichliche Natursch\u00f6nheit. Gebaut auf den Bergbeh\u00e4ngen und in dem Tal, die D\u00f6rfer von Amari sind jahrhundertealt und ihre Namen, mit nur wenigen Ausnahmen, sind in venezianischen Manuskripten zu finden. In den malerischen Siedlungen existieren die Vergangenheit und die Gegenwart harmonisch nebeneinander. Der Besucher kann neben den modernen Geb\u00e4uden und Pl\u00e4tzen auch aus Stein gebaute Geb\u00e4ude mit gew\u00f6lbten T\u00fcren sehen. Traditionelle Brunnen mit flie\u00dfendem Wasser, alte Kirchen und historische Geb\u00e4ude, alles in Zusammenhang mit dem bepflanzten Tal von Amari, gef\u00f6rmt von Psiloritis \u00f6stlich und Kedros westlich.<\/p>\n<blockquote>\n<p><strong>Traditionelle Siedlungen mit H\u00e4usern aus Stein, basiert auf den Ruinen von antiken St\u00e4dten, gr\u00fcne, weltoffene Siedlungen, die Sie erkundigen k\u00f6nnen und deren wichtigen Geschichte entdecken. Gehen Sie in den malerischen Gassen spazieren, sehen Sie einzigartige Denkm\u00e4ler und kennen Sie wunderbare Leute kennen, die die Tradition ihrer Heimat erhalten.<\/strong><\/p>\n<\/blockquote>\n<p>[\/et_pb_text][et_pb_text _builder_version=&#8220;4.17.6&#8243; _module_preset=&#8220;default&#8220; global_colors_info=&#8220;{}&#8220;]<\/p>\n<form autocomplete=\"off\" name=\"wpv-filter-5411-CATTR2c3a4db47b8afb2d2badd8b42d9b5d9b\" action=\"\/de\/wp-json\/wp\/v2\/pages\/23308?wpv_view_count=5411-CATTR2c3a4db47b8afb2d2badd8b42d9b5d9b\" method=\"get\" class=\"wpv-filter-form js-wpv-filter-form js-wpv-filter-form-5411-CATTR2c3a4db47b8afb2d2badd8b42d9b5d9b js-wpv-form-full js-wpv-ajax-results-submit-enabled\" data-viewnumber=\"5411-CATTR2c3a4db47b8afb2d2badd8b42d9b5d9b\" data-viewid=\"5411\" data-viewhash=\"eyJuYW1lIjoicG9pcyIsIndwdnBvaWNhdGVnb3J5Ijoib2lraXNtb2kifQ==\" data-viewwidgetid=\"0\" data-orderby=\"\" data-order=\"\" data-orderbyas=\"\" data-orderbysecond=\"\" data-ordersecond=\"\" data-parametric=\"{&quot;query&quot;:&quot;normal&quot;,&quot;id&quot;:5411,&quot;view_id&quot;:5411,&quot;widget_id&quot;:0,&quot;view_hash&quot;:&quot;5411-CATTR2c3a4db47b8afb2d2badd8b42d9b5d9b&quot;,&quot;action&quot;:&quot;\\\/de\\\/wp-json\\\/wp\\\/v2\\\/pages\\\/23308?wpv_view_count=5411-CATTR2c3a4db47b8afb2d2badd8b42d9b5d9b&quot;,&quot;sort&quot;:{&quot;orderby&quot;:&quot;&quot;,&quot;order&quot;:&quot;&quot;,&quot;orderby_as&quot;:&quot;&quot;,&quot;orderby_second&quot;:&quot;&quot;,&quot;order_second&quot;:&quot;&quot;},&quot;orderby&quot;:&quot;&quot;,&quot;order&quot;:&quot;&quot;,&quot;orderby_as&quot;:&quot;&quot;,&quot;orderby_second&quot;:&quot;&quot;,&quot;order_second&quot;:&quot;&quot;,&quot;ajax_form&quot;:&quot;&quot;,&quot;ajax_results&quot;:&quot;&quot;,&quot;effect&quot;:&quot;fade&quot;,&quot;prebefore&quot;:&quot;&quot;,&quot;before&quot;:&quot;&quot;,&quot;after&quot;:&quot;&quot;,&quot;attributes&quot;:{&quot;wpvpoicategory&quot;:&quot;oikismoi&quot;},&quot;environment&quot;:{&quot;current_post_id&quot;:23308,&quot;parent_post_id&quot;:23308,&quot;parent_term_id&quot;:0,&quot;parent_user_id&quot;:0,&quot;archive&quot;:{&quot;type&quot;:&quot;&quot;,&quot;name&quot;:&quot;&quot;,&quot;data&quot;:[]}},&quot;loop&quot;:{&quot;type&quot;:&quot;&quot;,&quot;name&quot;:&quot;&quot;,&quot;data&quot;:[],&quot;id&quot;:0}}\" data-attributes=\"{&quot;wpvpoicategory&quot;:&quot;oikismoi&quot;}\" data-environment=\"{&quot;current_post_id&quot;:23308,&quot;parent_post_id&quot;:23308,&quot;parent_term_id&quot;:0,&quot;parent_user_id&quot;:0,&quot;archive&quot;:{&quot;type&quot;:&quot;&quot;,&quot;name&quot;:&quot;&quot;,&quot;data&quot;:[]}}\"><input type=\"hidden\" class=\"js-wpv-dps-filter-data js-wpv-filter-data-for-this-form\" data-action=\"\/de\/wp-json\/wp\/v2\/pages\/23308?wpv_view_count=5411-CATTR2c3a4db47b8afb2d2badd8b42d9b5d9b\" data-page=\"1\" data-ajax=\"disable\" data-effect=\"fade\" data-maxpages=\"4\" data-ajaxprebefore=\"\" data-ajaxbefore=\"\" data-ajaxafter=\"\" \/><input class=\"wpv_view_count wpv_view_count-5411-CATTR2c3a4db47b8afb2d2badd8b42d9b5d9b\" type=\"hidden\" name=\"wpv_view_count\" value=\"5411-CATTR2c3a4db47b8afb2d2badd8b42d9b5d9b\" \/>\n\n<\/form>\n<div id=\"wpv-view-layout-5411-CATTR2c3a4db47b8afb2d2badd8b42d9b5d9b\" class=\"js-wpv-view-layout js-wpv-layout-responsive js-wpv-view-layout-5411-CATTR2c3a4db47b8afb2d2badd8b42d9b5d9b wpv-pagination js-wpv-layout-has-pagination wpv-pagination-preload-images js-wpv-layout-preload-images wpv-pagination-preload-pages js-wpv-layout-preload-pages\" style=\"visibility:hidden;\" data-viewnumber=\"5411-CATTR2c3a4db47b8afb2d2badd8b42d9b5d9b\" data-pagination=\"{&quot;id&quot;:5411,&quot;query&quot;:&quot;normal&quot;,&quot;type&quot;:&quot;ajaxed&quot;,&quot;effect&quot;:&quot;fade&quot;,&quot;duration&quot;:500,&quot;speed&quot;:5,&quot;pause_on_hover&quot;:&quot;enabled&quot;,&quot;stop_rollover&quot;:&quot;false&quot;,&quot;cache_pages&quot;:&quot;enabled&quot;,&quot;preload_images&quot;:&quot;enabled&quot;,&quot;preload_pages&quot;:&quot;enabled&quot;,&quot;preload_reach&quot;:1,&quot;spinner&quot;:&quot;builtin&quot;,&quot;spinner_image&quot;:&quot;&quot;,&quot;callback_next&quot;:&quot;&quot;,&quot;manage_history&quot;:&quot;enabled&quot;,&quot;has_controls_in_form&quot;:&quot;disabled&quot;,&quot;infinite_tolerance&quot;:0,&quot;max_pages&quot;:4,&quot;page&quot;:1,&quot;base_permalink&quot;:&quot;\/de\/wp-json\/wp\/v2\/pages\/23308?wpv_view_count=5411-CATTR2c3a4db47b8afb2d2badd8b42d9b5d9b&amp;wpv_paged=WPV_PAGE_NUM&quot;,&quot;loop&quot;:{&quot;type&quot;:&quot;&quot;,&quot;name&quot;:&quot;&quot;,&quot;data&quot;:[],&quot;id&quot;:0}}\" data-permalink=\"\/de\/wp-json\/wp\/v2\/pages\/23308?wpv_view_count=5411-CATTR2c3a4db47b8afb2d2badd8b42d9b5d9b\">\n\n<div >\n  <div >\n  <div >\n\t\n\t\n\t\t          \n          <div class=\"mygrid\">\n            <a href=\"https:\/\/www.discoveramari.gr\/de\/poi\/agia-fotini\/\" title=\"Agia Fotini\"><span class=\"myimage et_portfolio_image\"><img decoding=\"async\" src=\"https:\/\/www.discoveramari.gr\/wp-content\/uploads\/2023\/01\/IMG_6055-300x200.jpg\"><\/span><\/a>\n            <a href=\"https:\/\/www.discoveramari.gr\/de\/poi\/agia-fotini\/\" title=\"Agia Fotini\"><div class=\"mytitle\">Agia Fotini<\/div><\/a>\n          <\/div>\n\t\t          \n          <div class=\"mygrid\">\n            <a href=\"https:\/\/www.discoveramari.gr\/de\/poi\/agia-paraskevi\/\" title=\"Agia Paraskevi\"><span class=\"myimage et_portfolio_image\"><img decoding=\"async\" src=\"https:\/\/www.discoveramari.gr\/wp-content\/uploads\/2022\/07\/IMG_1165-300x169.jpg\"><\/span><\/a>\n            <a href=\"https:\/\/www.discoveramari.gr\/de\/poi\/agia-paraskevi\/\" title=\"Agia Paraskevi\"><div class=\"mytitle\">Agia Paraskevi<\/div><\/a>\n          <\/div>\n\t\t          \n          <div class=\"mygrid\">\n            <a href=\"https:\/\/www.discoveramari.gr\/de\/poi\/agios-ioannis\/\" title=\"Agios Ioannis\"><span class=\"myimage et_portfolio_image\"><img decoding=\"async\" src=\"https:\/\/www.discoveramari.gr\/wp-content\/uploads\/2022\/07\/IMG_1352-300x225.jpg\"><\/span><\/a>\n            <a href=\"https:\/\/www.discoveramari.gr\/de\/poi\/agios-ioannis\/\" title=\"Agios Ioannis\"><div class=\"mytitle\">Agios Ioannis<\/div><\/a>\n          <\/div>\n\t\t          \n          <div class=\"mygrid\">\n            <a href=\"https:\/\/www.discoveramari.gr\/de\/poi\/amari-oder-nefs-amari\/\" title=\"Amari oder Nefs Amari\"><span class=\"myimage et_portfolio_image\"><img decoding=\"async\" src=\"https:\/\/www.discoveramari.gr\/wp-content\/uploads\/2022\/07\/IMG_1686-300x169.jpg\"><\/span><\/a>\n            <a href=\"https:\/\/www.discoveramari.gr\/de\/poi\/amari-oder-nefs-amari\/\" title=\"Amari oder Nefs Amari\"><div class=\"mytitle\">Amari oder Nefs Amari<\/div><\/a>\n          <\/div>\n\t\t          \n          <div class=\"mygrid\">\n            <a href=\"https:\/\/www.discoveramari.gr\/de\/poi\/ano-meros\/\" title=\"Ano Meros\"><span class=\"myimage et_portfolio_image\"><img decoding=\"async\" src=\"https:\/\/www.discoveramari.gr\/wp-content\/uploads\/2022\/07\/IMG_3460-300x200.jpg\"><\/span><\/a>\n            <a href=\"https:\/\/www.discoveramari.gr\/de\/poi\/ano-meros\/\" title=\"Ano Meros\"><div class=\"mytitle\">Ano Meros<\/div><\/a>\n          <\/div>\n\t\t          \n          <div class=\"mygrid\">\n            <a href=\"https:\/\/www.discoveramari.gr\/de\/poi\/apodoulou\/\" title=\"Apodoulou\"><span class=\"myimage et_portfolio_image\"><img decoding=\"async\" src=\"https:\/\/www.discoveramari.gr\/wp-content\/uploads\/2022\/07\/IMG_1037-300x169.jpg\"><\/span><\/a>\n            <a href=\"https:\/\/www.discoveramari.gr\/de\/poi\/apodoulou\/\" title=\"Apodoulou\"><div class=\"mytitle\">Apodoulou<\/div><\/a>\n          <\/div>\n\t\t          \n          <div class=\"mygrid\">\n            <a href=\"https:\/\/www.discoveramari.gr\/de\/poi\/apostoli\/\" title=\"Apostoli\"><span class=\"myimage et_portfolio_image\"><img decoding=\"async\" src=\"https:\/\/www.discoveramari.gr\/wp-content\/uploads\/2022\/07\/IMG_2015-300x200.jpg\"><\/span><\/a>\n            <a href=\"https:\/\/www.discoveramari.gr\/de\/poi\/apostoli\/\" title=\"Apostoli\"><div class=\"mytitle\">Apostoli<\/div><\/a>\n          <\/div>\n\t\t          \n          <div class=\"mygrid\">\n            <a href=\"https:\/\/www.discoveramari.gr\/de\/poi\/ardaktos\/\" title=\"Ardaktos\"><span class=\"myimage et_portfolio_image\"><img decoding=\"async\" src=\"https:\/\/www.discoveramari.gr\/wp-content\/uploads\/2023\/01\/IMG_6053-300x200.jpg\"><\/span><\/a>\n            <a href=\"https:\/\/www.discoveramari.gr\/de\/poi\/ardaktos\/\" title=\"Ardaktos\"><div class=\"mytitle\">Ardaktos<\/div><\/a>\n          <\/div>\n\t\t          \n          <div class=\"mygrid\">\n            <a href=\"https:\/\/www.discoveramari.gr\/de\/poi\/chordaki\/\" title=\"Chordaki\"><span class=\"myimage et_portfolio_image\"><img decoding=\"async\" src=\"https:\/\/www.discoveramari.gr\/wp-content\/uploads\/2023\/01\/IMG_6060-300x200.jpg\"><\/span><\/a>\n            <a href=\"https:\/\/www.discoveramari.gr\/de\/poi\/chordaki\/\" title=\"Chordaki\"><div class=\"mytitle\">Chordaki<\/div><\/a>\n          <\/div>\n\t\t          \n          <div class=\"mygrid\">\n            <a href=\"https:\/\/www.discoveramari.gr\/de\/poi\/drygies\/\" title=\"Drygies\"><span class=\"myimage et_portfolio_image\"><img decoding=\"async\" src=\"https:\/\/www.discoveramari.gr\/wp-content\/uploads\/2023\/01\/IMG_6059-300x200.jpg\"><\/span><\/a>\n            <a href=\"https:\/\/www.discoveramari.gr\/de\/poi\/drygies\/\" title=\"Drygies\"><div class=\"mytitle\">Drygies<\/div><\/a>\n          <\/div>\n\t\t          \n          <div class=\"mygrid\">\n            <a href=\"https:\/\/www.discoveramari.gr\/de\/poi\/elenes\/\" title=\"Elenes\"><span class=\"myimage et_portfolio_image\"><img decoding=\"async\" src=\"https:\/\/www.discoveramari.gr\/wp-content\/uploads\/2022\/07\/IMG_3467-300x200.jpg\"><\/span><\/a>\n            <a href=\"https:\/\/www.discoveramari.gr\/de\/poi\/elenes\/\" title=\"Elenes\"><div class=\"mytitle\">Elenes<\/div><\/a>\n          <\/div>\n\t\t          \n          <div class=\"mygrid\">\n            <a href=\"https:\/\/www.discoveramari.gr\/de\/poi\/fourfouras\/\" title=\"Fourfouras\"><span class=\"myimage et_portfolio_image\"><img decoding=\"async\" src=\"https:\/\/www.discoveramari.gr\/wp-content\/uploads\/2022\/07\/IMG_2390-300x200.jpg\"><\/span><\/a>\n            <a href=\"https:\/\/www.discoveramari.gr\/de\/poi\/fourfouras\/\" title=\"Fourfouras\"><div class=\"mytitle\">Fourfouras<\/div><\/a>\n          <\/div>\n\t\t\n\t\n\t\n\t<\/div>\n<\/div>\n  <\/div>\n<div class=\"row\">\n    \n <div class=\"form-inline\">\n<div class=\"form-group\">\nSeite 1 auf 4\n<\/div>\n \n<div class=\"form-group form-middle form-last\">\n<span class=\"wpv-filter-previous-link page-link \">Vorherige<\/span> <ul class=\"wpv-pagination-nav-links-container js-wpv-pagination-nav-links-container pagination\"><li class=\"wpv-pagination-nav-links-item js-wpv-pagination-nav-links-item page-item wpv-page-link-5411-CATTR2c3a4db47b8afb2d2badd8b42d9b5d9b-1 js-wpv-page-link-5411-CATTR2c3a4db47b8afb2d2badd8b42d9b5d9b-1 wpv_page_current wpv-pagination-nav-links-item-current active\"><span class=\"wpv-filter-pagination-link page-link\">1<\/span><\/li><li class=\"wpv-pagination-nav-links-item js-wpv-pagination-nav-links-item page-item wpv-page-link-5411-CATTR2c3a4db47b8afb2d2badd8b42d9b5d9b-2 js-wpv-page-link-5411-CATTR2c3a4db47b8afb2d2badd8b42d9b5d9b-2\"><a class=\"wpv-filter-pagination-link js-wpv-pagination-link page-link\" title=\"2\" href=\"\/de\/wp-json\/wp\/v2\/pages\/23308?wpv_view_count=5411-CATTR2c3a4db47b8afb2d2badd8b42d9b5d9b&#038;wpv_paged=2\" data-viewnumber=\"5411-CATTR2c3a4db47b8afb2d2badd8b42d9b5d9b\" data-page=\"2\">2<\/a><\/li><li class=\"wpv-pagination-nav-links-item js-wpv-pagination-nav-links-item page-item wpv-page-link-5411-CATTR2c3a4db47b8afb2d2badd8b42d9b5d9b-3 js-wpv-page-link-5411-CATTR2c3a4db47b8afb2d2badd8b42d9b5d9b-3\"><a class=\"wpv-filter-pagination-link js-wpv-pagination-link page-link\" title=\"3\" href=\"\/de\/wp-json\/wp\/v2\/pages\/23308?wpv_view_count=5411-CATTR2c3a4db47b8afb2d2badd8b42d9b5d9b&#038;wpv_paged=3\" data-viewnumber=\"5411-CATTR2c3a4db47b8afb2d2badd8b42d9b5d9b\" data-page=\"3\">3<\/a><\/li><li class=\"wpv-pagination-nav-links-item js-wpv-pagination-nav-links-item page-item wpv-page-link-5411-CATTR2c3a4db47b8afb2d2badd8b42d9b5d9b-4 js-wpv-page-link-5411-CATTR2c3a4db47b8afb2d2badd8b42d9b5d9b-4\"><a class=\"wpv-filter-pagination-link js-wpv-pagination-link page-link\" title=\"4\" href=\"\/de\/wp-json\/wp\/v2\/pages\/23308?wpv_view_count=5411-CATTR2c3a4db47b8afb2d2badd8b42d9b5d9b&#038;wpv_paged=4\" data-viewnumber=\"5411-CATTR2c3a4db47b8afb2d2badd8b42d9b5d9b\" data-page=\"4\">4<\/a><\/li><\/ul> <a class=\"wpv-filter-next-link js-wpv-pagination-next-link page-link \"  href=\"\/de\/wp-json\/wp\/v2\/pages\/23308?wpv_view_count=5411-CATTR2c3a4db47b8afb2d2badd8b42d9b5d9b&#038;wpv_paged=2\"\n\t\t\t\t\tdata-viewnumber=\"5411-CATTR2c3a4db47b8afb2d2badd8b42d9b5d9b\" data-page=\"2\">N\u00e4chste<\/a>\n<\/div> \n\n<\/div>\n\n \n<\/div>\n\n\n<p>[\/et_pb_text][\/et_pb_column][\/et_pb_row][\/et_pb_section]<\/p>\n","protected":false},"excerpt":{"rendered":"<p>Amari ist zweifellos ein Schmuck im Bezirk Rethymno, ein Ort mit langer Geschichte, Kultur und unvergleichliche Natursch\u00f6nheit. Gebaut auf den Bergbeh\u00e4ngen und in dem Tal, die D\u00f6rfer von Amari sind jahrhundertealt und ihre Namen, mit nur wenigen Ausnahmen, sind in venezianischen Manuskripten zu finden. In den malerischen Siedlungen existieren die Vergangenheit und die Gegenwart harmonisch [&hellip;]<\/p>\n","protected":false},"author":4,"featured_media":0,"parent":0,"menu_order":0,"comment_status":"open","ping_status":"closed","template":"","meta":{"_et_pb_use_builder":"on","_et_pb_old_content":"<p>\u0391\u03bd\u03b1\u03ba\u03b1\u03bb\u03cd\u03c8\u03c4\u03b5 \u03c4\u03bf \u0391\u03bc\u03ac\u03c1\u03b9<\/p>","_et_gb_content_width":"","footnotes":""},"class_list":["post-23308","page","type-page","status-publish","hentry"],"_links":{"self":[{"href":"https:\/\/www.discoveramari.gr\/de\/wp-json\/wp\/v2\/pages\/23308","targetHints":{"allow":["GET"]}}],"collection":[{"href":"https:\/\/www.discoveramari.gr\/de\/wp-json\/wp\/v2\/pages"}],"about":[{"href":"https:\/\/www.discoveramari.gr\/de\/wp-json\/wp\/v2\/types\/page"}],"author":[{"embeddable":true,"href":"https:\/\/www.discoveramari.gr\/de\/wp-json\/wp\/v2\/users\/4"}],"replies":[{"embeddable":true,"href":"https:\/\/www.discoveramari.gr\/de\/wp-json\/wp\/v2\/comments?post=23308"}],"version-history":[{"count":3,"href":"https:\/\/www.discoveramari.gr\/de\/wp-json\/wp\/v2\/pages\/23308\/revisions"}],"predecessor-version":[{"id":25463,"href":"https:\/\/www.discoveramari.gr\/de\/wp-json\/wp\/v2\/pages\/23308\/revisions\/25463"}],"wp:attachment":[{"href":"https:\/\/www.discoveramari.gr\/de\/wp-json\/wp\/v2\/media?parent=23308"}],"curies":[{"name":"wp","href":"https:\/\/api.w.org\/{rel}","templated":true}]}}