{"id":25391,"date":"2015-07-27T11:38:55","date_gmt":"2015-07-27T11:38:55","guid":{"rendered":"https:\/\/www.discoveramari.gr\/%cf%8c%cf%81%ce%bf%ce%b9-%cf%87%cf%81%ce%ae%cf%83%ce%b7%cf%82\/"},"modified":"2023-07-12T16:40:27","modified_gmt":"2023-07-12T13:40:27","slug":"nutzungsbedingungen","status":"publish","type":"page","link":"https:\/\/www.discoveramari.gr\/de\/nutzungsbedingungen\/","title":{"rendered":"Nutzungsbedingungen"},"content":{"rendered":"<p>Diese Website \u00a0\u00a0<a href=\"http:\/\/www.discoveramari.gr\">www.discoveramari.gr<\/a> (\u201eWebsite\u201c) geh\u00f6rt der \u201eGemeinde Amari\u201c (\u201eGemeinde\u201c) und ihre Nutzung unterliegt den folgenden Bedingungen:<\/p>\n<p>1) Die \u201eWebsite\u201c verweist auf Inhalte (\u201eInhalt\u201c), die dem geistige Eigentum der \u201eGemeinde\u201c geh\u00f6ren und werden \u00a0von den\u00a0 einschl\u00e4gigen Bestimmungen des griechischen und europ\u00e4ischen Recht sowie auch durch die einschl\u00e4gigen internationalen Vereinbarungen \u00a0gesch\u00fctzt \u00a0\u00a0. Zu diesem \u201eInhalt\u201c geh\u00f6ren unter anderem Texte, Bilder und Videos der \u201eGemeinde\u201c, die alle durch das geltende Recht des geistigen Eigentums \u00a0\u00a0gesch\u00fctzt sind.<\/p>\n<p>2) Die Gemeinde f\u00f6rdert die private Nutzung der \u201eWebsite\u201c und dem\u00a0 \u201eInhalt\u201c, \u00a0f\u00fcr pers\u00f6nliche Informationen sowie die Nutzung f\u00fcr Bildungs- oder Forschungszwecke. Die Nutzung wird nicht im Rahmen eines Unternehmens, oder einer Dienstleistung \u00a0f\u00fcr den privaten Gebrauch \u00a0einer Organisation \u00a0erlaubt. Ausschlie\u00dflich wird im Rahmen der \u00a0Bildungs- oder \u00a0Forschungszwecken \u00a0\u00a0, die \u00a0Vervielf\u00e4ltigung oder Speicherung einzelner Seiten oder Daten gestattet, unter der Voraussetzung, dass deren Herkunft auf der \u201eSite\u201c (www.discoveramari.gr) angegeben wird.<\/p>\n<p>3) Es ist strengstens verboten, Teile des \u201eInhalts\u201c der \u201eWebsite\u201c f\u00fcr kommerzielle Zwecke oder f\u00fcr jede andere Nutzung, die nicht unter Absatz 2 f\u00e4llt, zu speichern, zu reproduzieren, erneut zu ver\u00f6ffentlichen, zu \u00fcbertragen oder zu verbreiten.<\/p>\n<p>4) Die \u201eWebsite\u201c darf ausschlie\u00dflich nur f\u00fcr \u00a0rechtm\u00e4\u00dfigen Zwecken und in einer Weise genutzt \u00a0werden , dass Dritte Benutzer der Seite \u00a0nicht eingeschr\u00e4nkt oder verhindert werden k\u00f6nnen . \u00a0Der Besucher\/Benutzer muss \u00a0die Regeln und Bestimmungen des geltenden griechischen, europ\u00e4ischen und internationalen Rechts einhalten und ist verpflichtet, die \u201eWebsite\u201c in \u00dcbereinstimmung mit dem Gesetz, den guten Sitten und den oben genannten Regeln zu nutzen. Der Besucher\/Benutzer ist verpflichtet, sich bei der Nutzung und im Zusammenhang damit, jeglichen illegalen und missbr\u00e4uchlichen Verhaltens zu enthalten und \u00fcbernimmt \u00a0\u00a0die Verantwortung \u00a0f\u00fcr\u00a0 Sachbesch\u00e4digungen der \u201eGemeinde\u201c oder Dritten , die von der schlechten \u00a0Nutzung der \u201eWebsite\u201c und damit verbundene Dienstleistungen entstehen .<\/p>\n<p>5) Die \u201eGemeinde\u201c erkl\u00e4rt, dass sie sich alle M\u00fche gibt , um sicherzustellen, dass alle auf der \u201eSite\u201c angezeigten Inhalte und Informationen so weit wie m\u00f6glich durch Genauigkeit, Klarheit, Korrektheit, Vollst\u00e4ndigkeit, Aktualit\u00e4t und Verf\u00fcgbarkeit gekennzeichnet sind. Sie\u00a0 kann jedoch nicht garantieren , dass die Seiten, Dienste, Optionen und Inhalte ununterbrochen und fehlerfrei zur Verf\u00fcgung gestellt werden und dass die Fehler korrigiert werden.<\/p>\n<p>Au\u00dferdem \u00fcbernimmt die \u201eGemeinde\u201c keine Gew\u00e4hr daf\u00fcr, dass dieselbe oder eine andere damit verbundene Website oder die Server (\u201eServer\u201c), \u00fcber die sie dem Besucher\/Benutzer zur Verf\u00fcgung gestellt werden, frei von \u201eViren\u201c oder anderen sch\u00e4dlichen Komponenten sind.<\/p>\n<p>Die \u201eGemeinde\u201c haftet nicht f\u00fcr Sch\u00e4den jeglicher Art, die dem Besucher\/Benutzer von der Seite, Dienste, Optionen und Inhalte der \u201eWebsite\u201c entstehen, die er von eigener Initiative und in Kenntnis der Nutzungsbedingungen benutzt.<\/p>\n<p>6) Die personenbezogenen Daten, die Benutzer eingeben k\u00f6nnen, um elektronische Nachrichten an die \u201eSite\u201c-Kommunikation zu senden, werden in den Dateien der \u201eGemeinde\u201c gespeichert, und ausschlie\u00dflich f\u00fcr besseren Service und Aktualisierung verwendet und auf keinem Fall vervielf\u00e4ltigt oder an Dritten weitergegeben \u00a0.<\/p>\n<p>Jegliche Verarbeitung personenbezogener Daten erfolgt stets im Interesse der Nutzer unter Wahrung der Grunds\u00e4tze der Rechtm\u00e4\u00dfigkeit, Transparenz, Genauigkeit, Verf\u00fcgbarkeit und Integrit\u00e4t in \u00a0allen \u00a0Erscheinungsformen und wird mit der Europ\u00e4ische Verordnung zum Schutz personenbezogener Daten (GDPR) angepasst \u00a0so dass man mit geeigneten technischen und organisatorischen Ma\u00dfnahmen die pers\u00f6nlichen Daten der Benutzer\u00a0 sch\u00fctzen und ihre Privatsph\u00e4re \u00a0gew\u00e4hrleisten kann.<\/p>\n<p>7) Die \u201eGemeinde\u201c hat das\u00a0 Recht, die Nutzungsbedingungen der \u201eWebsite \u201c jederzeit und ohne vorherige Ank\u00fcndigung zu \u00e4ndern und auf dieser Seite zu ver\u00f6ffentlichen.<\/p>\n","protected":false},"excerpt":{"rendered":"<p>Diese Website \u00a0\u00a0www.discoveramari.gr (\u201eWebsite\u201c) geh\u00f6rt der \u201eGemeinde Amari\u201c (\u201eGemeinde\u201c) und ihre Nutzung unterliegt den folgenden Bedingungen: 1) Die \u201eWebsite\u201c verweist auf Inhalte (\u201eInhalt\u201c), die dem geistige Eigentum der \u201eGemeinde\u201c geh\u00f6ren und werden \u00a0von den\u00a0 einschl\u00e4gigen Bestimmungen des griechischen und europ\u00e4ischen Recht sowie auch durch die einschl\u00e4gigen internationalen Vereinbarungen \u00a0gesch\u00fctzt \u00a0\u00a0. Zu diesem \u201eInhalt\u201c geh\u00f6ren unter [&hellip;]<\/p>\n","protected":false},"author":4,"featured_media":0,"parent":0,"menu_order":0,"comment_status":"open","ping_status":"closed","template":"","meta":{"_et_pb_use_builder":"off","_et_pb_old_content":"","_et_gb_content_width":"","footnotes":""},"class_list":["post-25391","page","type-page","status-publish","hentry"],"_links":{"self":[{"href":"https:\/\/www.discoveramari.gr\/de\/wp-json\/wp\/v2\/pages\/25391","targetHints":{"allow":["GET"]}}],"collection":[{"href":"https:\/\/www.discoveramari.gr\/de\/wp-json\/wp\/v2\/pages"}],"about":[{"href":"https:\/\/www.discoveramari.gr\/de\/wp-json\/wp\/v2\/types\/page"}],"author":[{"embeddable":true,"href":"https:\/\/www.discoveramari.gr\/de\/wp-json\/wp\/v2\/users\/4"}],"replies":[{"embeddable":true,"href":"https:\/\/www.discoveramari.gr\/de\/wp-json\/wp\/v2\/comments?post=25391"}],"version-history":[{"count":2,"href":"https:\/\/www.discoveramari.gr\/de\/wp-json\/wp\/v2\/pages\/25391\/revisions"}],"predecessor-version":[{"id":25700,"href":"https:\/\/www.discoveramari.gr\/de\/wp-json\/wp\/v2\/pages\/25391\/revisions\/25700"}],"wp:attachment":[{"href":"https:\/\/www.discoveramari.gr\/de\/wp-json\/wp\/v2\/media?parent=25391"}],"curies":[{"name":"wp","href":"https:\/\/api.w.org\/{rel}","templated":true}]}}