{"id":25634,"date":"2023-03-20T10:16:20","date_gmt":"2023-03-20T07:16:20","guid":{"rendered":"https:\/\/www.discoveramari.gr\/amari-green-festival\/"},"modified":"2023-07-12T15:24:57","modified_gmt":"2023-07-12T12:24:57","slug":"amari-green-festival","status":"publish","type":"page","link":"https:\/\/www.discoveramari.gr\/de\/amari-green-festival\/","title":{"rendered":"Amari Green Festival"},"content":{"rendered":"<p>[et_pb_section fb_built=&#8220;1&#8243; admin_label=&#8220;section&#8220; _builder_version=&#8220;4.16&#8243; global_colors_info=&#8220;{}&#8220;][et_pb_row admin_label=&#8220;row&#8220; _builder_version=&#8220;4.16&#8243; background_size=&#8220;initial&#8220; background_position=&#8220;top_left&#8220; background_repeat=&#8220;repeat&#8220; global_colors_info=&#8220;{}&#8220;][et_pb_column type=&#8220;4_4&#8243; _builder_version=&#8220;4.16&#8243; custom_padding=&#8220;|||&#8220; global_colors_info=&#8220;{}&#8220; custom_padding__hover=&#8220;|||&#8220;][et_pb_post_title meta=&#8220;off&#8220; featured_image=&#8220;off&#8220; _builder_version=&#8220;4.21.0&#8243; _module_preset=&#8220;default&#8220; title_font=&#8220;sports_tourism_font||||||||&#8220; global_colors_info=&#8220;{}&#8220;][\/et_pb_post_title][et_pb_text admin_label=&#8220;Text&#8220; _builder_version=&#8220;4.21.0&#8243; background_size=&#8220;initial&#8220; background_position=&#8220;top_left&#8220; background_repeat=&#8220;repeat&#8220; hover_enabled=&#8220;0&#8243; global_colors_info=&#8220;{}&#8220; sticky_enabled=&#8220;0&#8243;]<\/p>\n<p style=\"text-align: justify;\">Es findet seit den letzten Jahren jeden Sommer in Amari statt und ist zu einer Tradition geworden. Es handelt sich um eines der gr\u00f6\u00dften Festivals auf Kreta mit gro\u00dfer Beteiligung, das vom Gemeinderat von Amari, der Gemeinn\u00fctzigen Gesellschaft von Amari und der Kulturellen Gesellschaft E\u00eddomen organisiert wird. Als Mitveranstalter gelten die Region Kreta, die Regionalabteilung von Rethymno und die Handelskammer von Rethymno.<\/p>\n<p style=\"text-align: justify;\">Es ist der kretischen Tradition gewidmet und hat zum Ziel, das kulturelle Erbe der Region zu bewahren und zu f\u00f6rdern. Das Amari Green Festival umfasst eine breite Palette von kulturellen Veranstaltungen und anderen Aktivit\u00e4ten wie Konzerte, Theaterauff\u00fchrungen, Tanzvorf\u00fchrungen, Wiederbelebung von Br\u00e4uchen, Aktivit\u00e4ten f\u00fcr Kinder, wissenschaftliche Konferenzen, Wanderungen und vieles mehr.<\/p>\n<p>[\/et_pb_text][\/et_pb_column][\/et_pb_row][\/et_pb_section]<\/p>\n","protected":false},"excerpt":{"rendered":"<p>Es findet seit den letzten Jahren jeden Sommer in Amari statt und ist zu einer Tradition geworden. Es handelt sich um eines der gr\u00f6\u00dften Festivals auf Kreta mit gro\u00dfer Beteiligung, das vom Gemeinderat von Amari, der Gemeinn\u00fctzigen Gesellschaft von Amari und der Kulturellen Gesellschaft E\u00eddomen organisiert wird. Als Mitveranstalter gelten die Region Kreta, die Regionalabteilung [&hellip;]<\/p>\n","protected":false},"author":4,"featured_media":0,"parent":0,"menu_order":0,"comment_status":"closed","ping_status":"closed","template":"","meta":{"_et_pb_use_builder":"on","_et_pb_old_content":"<p>\u03a0\u03c1\u03b1\u03b3\u03bc\u03b1\u03c4\u03bf\u03c0\u03bf\u03b9\u03b5\u03af\u03c4\u03b1\u03b9 \u03c4\u03b1 \u03c4\u03b5\u03bb\u03b5\u03c5\u03c4\u03b1\u03af\u03b1 \u03c7\u03c1\u03cc\u03bd\u03b9\u03b1 \u03ba\u03ac\u03b8\u03b5 \u03ba\u03b1\u03bb\u03bf\u03ba\u03b1\u03af\u03c1\u03b9 \u03c3\u03c4\u03bf \u0391\u03bc\u03ac\u03c1\u03b9 \u03ba\u03b1\u03b9 \u03ad\u03c7\u03b5\u03b9 \u03b3\u03af\u03bd\u03b5\u03b9 \u03c0\u03bb\u03ad\u03bf\u03bd \u03b8\u03b5\u03c3\u03bc\u03cc\u03c2. \u03a0\u03c1\u03cc\u03ba\u03b5\u03b9\u03c4\u03b1\u03b9 \u03b3\u03b9\u03b1 \u03ad\u03bd\u03b1 \u03b1\u03c0\u03cc \u03c4\u03b1 \u03bc\u03b5\u03b3\u03b1\u03bb\u03cd\u03c4\u03b5\u03c1\u03b1 \u03c6\u03b5\u03c3\u03c4\u03b9\u03b2\u03ac\u03bb \u03c4\u03b7\u03c2 \u039a\u03c1\u03ae\u03c4\u03b7\u03c2 \u03bc\u03b5 \u03bc\u03b5\u03b3\u03ac\u03bb\u03b7 \u03c3\u03c5\u03bc\u03bc\u03b5\u03c4\u03bf\u03c7\u03ae, \u03c4\u03bf \u03bf\u03c0\u03bf\u03af\u03bf \u03b4\u03b9\u03bf\u03c1\u03b3\u03b1\u03bd\u03ce\u03bd\u03bf\u03c5\u03bd \u03bf \u0394\u03ae\u03bc\u03bf\u03c2 \u0391\u03bc\u03b1\u03c1\u03af\u03bf\u03c5, \u03b7 \u039a\u03bf\u03b9\u03bd\u03c9\u03c6\u03b5\u03bb\u03ae\u03c2 \u0395\u03c4\u03b1\u03b9\u03c1\u03b5\u03af\u03b1 \u03c4\u03bf\u03c5 \u0394\u03ae\u03bc\u03bf\u03c5 \u0391\u03bc\u03b1\u03c1\u03af\u03bf\u03c5 \u03ba\u03b1\u03b9 \u03b7 \u03a0\u03bf\u03bb\u03b9\u03c4\u03b9\u03c3\u03c4\u03b9\u03ba\u03ae \u0395\u03c4\u03b1\u03b9\u03c1\u03b5\u03af\u03b1 \u0395\u03af\u03b4\u03bf\u03bc\u03b5\u03bd, \u03b5\u03bd\u03ce \u03c3\u03c5\u03bd\u03b4\u03b9\u03bf\u03c1\u03b3\u03b1\u03bd\u03c9\u03c4\u03ad\u03c2 \u03b5\u03af\u03bd\u03b1\u03b9 \u03b7 \u03a0\u03b5\u03c1\u03b9\u03c6\u03ad\u03c1\u03b5\u03b9\u03b1 \u039a\u03c1\u03ae\u03c4\u03b7\u03c2, \u03b7 \u03a0\u03b5\u03c1\u03b9\u03c6\u03b5\u03c1\u03b5\u03b9\u03b1\u03ba\u03ae \u0395\u03bd\u03cc\u03c4\u03b7\u03c4\u03b1 \u03a1\u03b5\u03b8\u03cd\u03bc\u03bd\u03bf\u03c5 \u03ba\u03b1\u03b9 \u03c4\u03bf \u0395\u03c0\u03b9\u03bc\u03b5\u03bb\u03b7\u03c4\u03ae\u03c1\u03b9\u03bf \u03a1\u03b5\u03b8\u03cd\u03bc\u03bd\u03b7\u03c2.<\/p><p>\u0395\u03af\u03bd\u03b1\u03b9 \u03b1\u03c6\u03b9\u03b5\u03c1\u03c9\u03bc\u03ad\u03bd\u03bf \u03c3\u03c4\u03b7\u03bd \u039a\u03c1\u03b7\u03c4\u03b9\u03ba\u03ae \u03c0\u03b1\u03c1\u03ac\u03b4\u03bf\u03c3\u03b7 \u03ba\u03b1\u03b9 \u03c3\u03ba\u03bf\u03c0\u03cc\u03c2 \u03c4\u03bf\u03c5 \u03b5\u03af\u03bd\u03b1\u03b9 \u03bd\u03b1 \u03b4\u03b9\u03b1\u03c4\u03b7\u03c1\u03ae\u03c3\u03b5\u03b9 \u03ba\u03b1\u03b9 \u03bd\u03b1 \u03b1\u03bd\u03b1\u03b4\u03b5\u03af\u03be\u03b5\u03b9 \u03c4\u03b7\u03bd \u03c0\u03bf\u03bb\u03b9\u03c4\u03b9\u03c3\u03c4\u03b9\u03ba\u03ae \u03c0\u03b1\u03c1\u03b1\u03ba\u03b1\u03c4\u03b1\u03b8\u03ae\u03ba\u03b7 \u03c4\u03bf\u03c5 \u03c4\u03cc\u03c0\u03bf\u03c5. \u03a4\u03bf Amari Green festival \u03c0\u03b5\u03c1\u03b9\u03bb\u03b1\u03bc\u03b2\u03ac\u03bd\u03b5\u03b9 \u03bc\u03b9\u03b1 \u03b5\u03c5\u03c1\u03b5\u03af\u03b1 \u03b3\u03ba\u03ac\u03bc\u03b1 \u03c0\u03bf\u03bb\u03b9\u03c4\u03b9\u03c3\u03c4\u03b9\u03ba\u03ce\u03bd \u03b5\u03ba\u03b4\u03b7\u03bb\u03ce\u03c3\u03b5\u03c9\u03bd \u03ba\u03b1\u03b9 \u03ac\u03bb\u03bb\u03c9\u03bd \u03b4\u03c1\u03ac\u03c3\u03b5\u03c9\u03bd \u03cc\u03c0\u03c9\u03c2 \u03c3\u03c5\u03bd\u03b1\u03c5\u03bb\u03af\u03b5\u03c2 , \u03b8\u03b5\u03b1\u03c4\u03c1\u03b9\u03ba\u03ad\u03c2 \u03c0\u03b1\u03c1\u03b1\u03c3\u03c4\u03ac\u03c3\u03b5\u03b9\u03c2, \u03c0\u03b1\u03c1\u03b1\u03c3\u03c4\u03ac\u03c3\u03b5\u03b9\u03c2 \u03c7\u03bf\u03c1\u03bf\u03cd, \u03b1\u03bd\u03b1\u03b2\u03b9\u03ce\u03c3\u03b5\u03b9\u03c2 \u03b5\u03b8\u03af\u03bc\u03c9\u03bd, \u03b4\u03c1\u03ac\u03c3\u03b5\u03b9\u03c2 \u03b3\u03b9\u03b1 \u03c0\u03b1\u03b9\u03b4\u03b9\u03ac, \u03b5\u03c0\u03b9\u03c3\u03c4\u03b7\u03bc\u03bf\u03bd\u03b9\u03ba\u03ad\u03c2 \u03b7\u03bc\u03b5\u03c1\u03af\u03b4\u03b5\u03c2, \u03c0\u03b5\u03b6\u03bf\u03c0\u03bf\u03c1\u03af\u03b5\u03c2 \u03ba\u03b1\u03b9 \u03ac\u03bb\u03bb\u03b1 \u03c0\u03bf\u03bb\u03bb\u03ac.<\/p><p>\u03a0\u03b5\u03c1\u03b9\u03c3\u03c3\u03cc\u03c4\u03b5\u03c1\u03b1 \u03b3\u03b9\u03b1 \u03c4\u03bf \u03a6\u03b5\u03c3\u03c4\u03b9\u03b2\u03ac\u03bb \u03b5\u03b4\u03ce <a href=\"https:\/\/www.amari.gr\/amari-green-festival\/\">https:\/\/www.amari.gr\/amari-green-festival\/<\/a><\/p>","_et_gb_content_width":"","footnotes":""},"class_list":["post-25634","page","type-page","status-publish","hentry"],"_links":{"self":[{"href":"https:\/\/www.discoveramari.gr\/de\/wp-json\/wp\/v2\/pages\/25634","targetHints":{"allow":["GET"]}}],"collection":[{"href":"https:\/\/www.discoveramari.gr\/de\/wp-json\/wp\/v2\/pages"}],"about":[{"href":"https:\/\/www.discoveramari.gr\/de\/wp-json\/wp\/v2\/types\/page"}],"author":[{"embeddable":true,"href":"https:\/\/www.discoveramari.gr\/de\/wp-json\/wp\/v2\/users\/4"}],"replies":[{"embeddable":true,"href":"https:\/\/www.discoveramari.gr\/de\/wp-json\/wp\/v2\/comments?post=25634"}],"version-history":[{"count":1,"href":"https:\/\/www.discoveramari.gr\/de\/wp-json\/wp\/v2\/pages\/25634\/revisions"}],"predecessor-version":[{"id":25640,"href":"https:\/\/www.discoveramari.gr\/de\/wp-json\/wp\/v2\/pages\/25634\/revisions\/25640"}],"wp:attachment":[{"href":"https:\/\/www.discoveramari.gr\/de\/wp-json\/wp\/v2\/media?parent=25634"}],"curies":[{"name":"wp","href":"https:\/\/api.w.org\/{rel}","templated":true}]}}