{"id":22409,"date":"2022-11-18T13:00:31","date_gmt":"2022-11-18T10:00:31","guid":{"rendered":"https:\/\/www.discoveramari.gr\/%ce%b1%cf%81%cf%87%ce%b1%ce%b9%ce%bf%ce%bb%ce%bf%ce%b3%ce%b9%ce%ba%ce%bf%ce%af-%cf%87%cf%8e%cf%81%ce%bf%ce%b9\/"},"modified":"2023-07-10T10:43:52","modified_gmt":"2023-07-10T07:43:52","slug":"sites-archeologiques","status":"publish","type":"page","link":"https:\/\/www.discoveramari.gr\/fr\/sites-archeologiques\/","title":{"rendered":"Sites Arch\u00e8ologiques"},"content":{"rendered":"<p>[et_pb_section fb_built=\u00a0\u00bb1&Prime; admin_label=\u00a0\u00bbsection\u00a0\u00bb _builder_version=\u00a0\u00bb4.20.2&Prime; background_color=\u00a0\u00bb#d7dcc5&Prime; custom_margin=\u00a0\u00bb0px||0px||true|false\u00a0\u00bb global_colors_info=\u00a0\u00bb{}\u00a0\u00bb][et_pb_row admin_label=\u00a0\u00bb\u03a3\u03b5\u03b9\u03c1\u03ac\u00a0\u00bb _builder_version=\u00a0\u00bb4.21.0&Prime; background_color=\u00a0\u00bb#FFFFFF\u00a0\u00bb background_size=\u00a0\u00bbinitial\u00a0\u00bb background_position=\u00a0\u00bbtop_left\u00a0\u00bb background_repeat=\u00a0\u00bbrepeat\u00a0\u00bb custom_padding=\u00a0\u00bb60px|60px|60px|60px|true|true\u00a0\u00bb global_colors_info=\u00a0\u00bb{}\u00a0\u00bb][et_pb_column type=\u00a0\u00bb4_4&Prime; _builder_version=\u00a0\u00bb4.16&Prime; custom_padding=\u00a0\u00bb|||\u00a0\u00bb global_colors_info=\u00a0\u00bb{}\u00a0\u00bb custom_padding__hover=\u00a0\u00bb|||\u00a0\u00bb][et_pb_post_title meta=\u00a0\u00bboff\u00a0\u00bb featured_image=\u00a0\u00bboff\u00a0\u00bb _builder_version=\u00a0\u00bb4.21.0&Prime; _module_preset=\u00a0\u00bbdefault\u00a0\u00bb title_font=\u00a0\u00bbsports_tourism_font||||||||\u00a0\u00bb hover_enabled=\u00a0\u00bb0&Prime; global_colors_info=\u00a0\u00bb{}\u00a0\u00bb sticky_enabled=\u00a0\u00bb0&Prime;][\/et_pb_post_title][et_pb_text admin_label=\u00a0\u00bb\u039a\u03b5\u03af\u03bc\u03b5\u03bd\u03bf\u00a0\u00bb _builder_version=\u00a0\u00bb4.21.0&Prime; background_size=\u00a0\u00bbinitial\u00a0\u00bb background_position=\u00a0\u00bbtop_left\u00a0\u00bb background_repeat=\u00a0\u00bbrepeat\u00a0\u00bb use_border_color=\u00a0\u00bboff\u00a0\u00bb border_color=\u00a0\u00bb#ffffff\u00a0\u00bb border_style=\u00a0\u00bbsolid\u00a0\u00bb global_colors_info=\u00a0\u00bb{}\u00a0\u00bb]<\/p>\n<p>Les pr\u00e9mices de la pr\u00e9sence humaine \u00e0 Amari se perdent au fond des si\u00e8cles. Des fouilles arch\u00e9ologiques dans la r\u00e9gion ont mis au jour des vestiges de colonies datant du d\u00e9but de l&rsquo;\u00e8re minoenne, d\u00e9montrant l&rsquo;histoire s\u00e9culaire de ce lieu. L&rsquo;ancienne Syvritos, la ville la plus importante de Cr\u00e8te qui a prosp\u00e9r\u00e9 \u00e0 l&rsquo;\u00e9poque romaine, la colonie minoenne d&rsquo;Apodoulos et le centre minoen de Monastiraki, sont des sites arch\u00e9ologiques \u00e0 visiter.<\/p>\n<p>[\/et_pb_text][et_pb_text _builder_version=\u00a0\u00bb4.17.6&Prime; _module_preset=\u00a0\u00bbdefault\u00a0\u00bb global_colors_info=\u00a0\u00bb{}\u00a0\u00bb]<\/p>\n<form autocomplete=\"off\" name=\"wpv-filter-5411-CATTRc7d4fcc395892697d9be894d5b43edd9\" action=\"\/fr\/wp-json\/wp\/v2\/pages\/22409?wpv_view_count=5411-CATTRc7d4fcc395892697d9be894d5b43edd9\" method=\"get\" class=\"wpv-filter-form js-wpv-filter-form js-wpv-filter-form-5411-CATTRc7d4fcc395892697d9be894d5b43edd9 js-wpv-form-full js-wpv-ajax-results-submit-enabled\" data-viewnumber=\"5411-CATTRc7d4fcc395892697d9be894d5b43edd9\" data-viewid=\"5411\" data-viewhash=\"eyJuYW1lIjoicG9pcyIsIndwdnBvaWNhdGVnb3J5IjoiYXJ4YWlvbG9naWtvaS14d3JvaSJ9\" data-viewwidgetid=\"0\" data-orderby=\"\" data-order=\"\" data-orderbyas=\"\" data-orderbysecond=\"\" data-ordersecond=\"\" data-parametric=\"{&quot;query&quot;:&quot;normal&quot;,&quot;id&quot;:5411,&quot;view_id&quot;:5411,&quot;widget_id&quot;:0,&quot;view_hash&quot;:&quot;5411-CATTRc7d4fcc395892697d9be894d5b43edd9&quot;,&quot;action&quot;:&quot;\\\/fr\\\/wp-json\\\/wp\\\/v2\\\/pages\\\/22409?wpv_view_count=5411-CATTRc7d4fcc395892697d9be894d5b43edd9&quot;,&quot;sort&quot;:{&quot;orderby&quot;:&quot;&quot;,&quot;order&quot;:&quot;&quot;,&quot;orderby_as&quot;:&quot;&quot;,&quot;orderby_second&quot;:&quot;&quot;,&quot;order_second&quot;:&quot;&quot;},&quot;orderby&quot;:&quot;&quot;,&quot;order&quot;:&quot;&quot;,&quot;orderby_as&quot;:&quot;&quot;,&quot;orderby_second&quot;:&quot;&quot;,&quot;order_second&quot;:&quot;&quot;,&quot;ajax_form&quot;:&quot;&quot;,&quot;ajax_results&quot;:&quot;&quot;,&quot;effect&quot;:&quot;fade&quot;,&quot;prebefore&quot;:&quot;&quot;,&quot;before&quot;:&quot;&quot;,&quot;after&quot;:&quot;&quot;,&quot;attributes&quot;:{&quot;wpvpoicategory&quot;:&quot;arxaiologikoi-xwroi&quot;},&quot;environment&quot;:{&quot;current_post_id&quot;:22409,&quot;parent_post_id&quot;:22409,&quot;parent_term_id&quot;:0,&quot;parent_user_id&quot;:0,&quot;archive&quot;:{&quot;type&quot;:&quot;&quot;,&quot;name&quot;:&quot;&quot;,&quot;data&quot;:[]}},&quot;loop&quot;:{&quot;type&quot;:&quot;&quot;,&quot;name&quot;:&quot;&quot;,&quot;data&quot;:[],&quot;id&quot;:0}}\" data-attributes=\"{&quot;wpvpoicategory&quot;:&quot;arxaiologikoi-xwroi&quot;}\" data-environment=\"{&quot;current_post_id&quot;:22409,&quot;parent_post_id&quot;:22409,&quot;parent_term_id&quot;:0,&quot;parent_user_id&quot;:0,&quot;archive&quot;:{&quot;type&quot;:&quot;&quot;,&quot;name&quot;:&quot;&quot;,&quot;data&quot;:[]}}\"><input type=\"hidden\" class=\"js-wpv-dps-filter-data js-wpv-filter-data-for-this-form\" data-action=\"\/fr\/wp-json\/wp\/v2\/pages\/22409?wpv_view_count=5411-CATTRc7d4fcc395892697d9be894d5b43edd9\" data-page=\"1\" data-ajax=\"disable\" data-effect=\"fade\" data-maxpages=\"1\" data-ajaxprebefore=\"\" data-ajaxbefore=\"\" data-ajaxafter=\"\" \/><input class=\"wpv_view_count wpv_view_count-5411-CATTRc7d4fcc395892697d9be894d5b43edd9\" type=\"hidden\" name=\"wpv_view_count\" value=\"5411-CATTRc7d4fcc395892697d9be894d5b43edd9\" \/>\n\n<\/form>\n<div id=\"wpv-view-layout-5411-CATTRc7d4fcc395892697d9be894d5b43edd9\" class=\"js-wpv-view-layout js-wpv-layout-responsive js-wpv-view-layout-5411-CATTRc7d4fcc395892697d9be894d5b43edd9 wpv-pagination js-wpv-layout-has-pagination wpv-pagination-preload-images js-wpv-layout-preload-images wpv-pagination-preload-pages js-wpv-layout-preload-pages\" style=\"visibility:hidden;\" data-viewnumber=\"5411-CATTRc7d4fcc395892697d9be894d5b43edd9\" data-pagination=\"{&quot;id&quot;:5411,&quot;query&quot;:&quot;normal&quot;,&quot;type&quot;:&quot;ajaxed&quot;,&quot;effect&quot;:&quot;fade&quot;,&quot;duration&quot;:500,&quot;speed&quot;:5,&quot;pause_on_hover&quot;:&quot;enabled&quot;,&quot;stop_rollover&quot;:&quot;false&quot;,&quot;cache_pages&quot;:&quot;enabled&quot;,&quot;preload_images&quot;:&quot;enabled&quot;,&quot;preload_pages&quot;:&quot;enabled&quot;,&quot;preload_reach&quot;:1,&quot;spinner&quot;:&quot;builtin&quot;,&quot;spinner_image&quot;:&quot;&quot;,&quot;callback_next&quot;:&quot;&quot;,&quot;manage_history&quot;:&quot;enabled&quot;,&quot;has_controls_in_form&quot;:&quot;disabled&quot;,&quot;infinite_tolerance&quot;:0,&quot;max_pages&quot;:1,&quot;page&quot;:1,&quot;base_permalink&quot;:&quot;\/fr\/wp-json\/wp\/v2\/pages\/22409?wpv_view_count=5411-CATTRc7d4fcc395892697d9be894d5b43edd9&amp;wpv_paged=WPV_PAGE_NUM&quot;,&quot;loop&quot;:{&quot;type&quot;:&quot;&quot;,&quot;name&quot;:&quot;&quot;,&quot;data&quot;:[],&quot;id&quot;:0}}\" data-permalink=\"\/fr\/wp-json\/wp\/v2\/pages\/22409?wpv_view_count=5411-CATTRc7d4fcc395892697d9be894d5b43edd9\">\n\n<div >\n  <div >\n  <div >\n\t\n\t\n\t\t          \n          <div class=\"mygrid\">\n            <a href=\"https:\/\/www.discoveramari.gr\/fr\/poi\/ancienne-syvritos\/\" title=\"Ancienne Syvritos\"><span class=\"myimage et_portfolio_image\"><img decoding=\"async\" src=\"https:\/\/www.discoveramari.gr\/wp-content\/uploads\/2022\/07\/IMG_3457-300x200.jpg\"><\/span><\/a>\n            <a href=\"https:\/\/www.discoveramari.gr\/fr\/poi\/ancienne-syvritos\/\" title=\"Ancienne Syvritos\"><div class=\"mytitle\">Ancienne Syvritos<\/div><\/a>\n          <\/div>\n\t\t          \n          <div class=\"mygrid\">\n            <a href=\"https:\/\/www.discoveramari.gr\/fr\/poi\/site-archeologique-dapodoulos\/\" title=\"Site arch\u00e9ologique d&rsquo;Apodoulos\"><span class=\"myimage et_portfolio_image\"><img decoding=\"async\" src=\"https:\/\/www.discoveramari.gr\/wp-content\/uploads\/2022\/07\/apodoulou_7-300x163.jpg\"><\/span><\/a>\n            <a href=\"https:\/\/www.discoveramari.gr\/fr\/poi\/site-archeologique-dapodoulos\/\" title=\"Site arch\u00e9ologique d&rsquo;Apodoulos\"><div class=\"mytitle\">Site arch\u00e9ologique d&rsquo;Apodoulos<\/div><\/a>\n          <\/div>\n\t\t          \n          <div class=\"mygrid\">\n            <a href=\"https:\/\/www.discoveramari.gr\/fr\/poi\/site-archeologique-de-monastiraki\/\" title=\"Site arch\u00e9ologique de Monastiraki\"><span class=\"myimage et_portfolio_image\"><img decoding=\"async\" src=\"https:\/\/www.discoveramari.gr\/wp-content\/uploads\/2022\/07\/IMGA0118-300x167.jpg\"><\/span><\/a>\n            <a href=\"https:\/\/www.discoveramari.gr\/fr\/poi\/site-archeologique-de-monastiraki\/\" title=\"Site arch\u00e9ologique de Monastiraki\"><div class=\"mytitle\">Site arch\u00e9ologique de Monastiraki<\/div><\/a>\n          <\/div>\n\t\t\n\t\n\t\n\t<\/div>\n<\/div>\n  <\/div>\n<div class=\"row\">\n    \n \n<\/div>\n\n\n<p>[\/et_pb_text][\/et_pb_column][\/et_pb_row][\/et_pb_section]<\/p>\n","protected":false},"excerpt":{"rendered":"<p>Les pr\u00e9mices de la pr\u00e9sence humaine \u00e0 Amari se perdent au fond des si\u00e8cles. Des fouilles arch\u00e9ologiques dans la r\u00e9gion ont mis au jour des vestiges de colonies datant du d\u00e9but de l&rsquo;\u00e8re minoenne, d\u00e9montrant l&rsquo;histoire s\u00e9culaire de ce lieu. L&rsquo;ancienne Syvritos, la ville la plus importante de Cr\u00e8te qui a prosp\u00e9r\u00e9 \u00e0 l&rsquo;\u00e9poque romaine, [&hellip;]<\/p>\n","protected":false},"author":4,"featured_media":0,"parent":0,"menu_order":0,"comment_status":"closed","ping_status":"closed","template":"","meta":{"_et_pb_use_builder":"on","_et_pb_old_content":"<p>[et_pb_section][et_pb_row][et_pb_column type=\"4_4\"][et_pb_filterable_portfolio admin_label=\"\u03a0\u03bf\u03c1\u03c4\u03c6\u03cc\u03bb\u03b9\u03bf \u03bc\u03b5 \u03b4\u03c5\u03bd\u03b1\u03c4\u03cc\u03c4\u03b7\u03c4\u03b1 \u03c6\u03b9\u03bb\u03c4\u03c1\u03b1\u03c1\u03af\u03c3\u03bc\u03b1\u03c4\u03bf\u03c2\" \/][\/et_pb_column][\/et_pb_row][\/et_pb_section]<\/p>","_et_gb_content_width":"","footnotes":""},"class_list":["post-22409","page","type-page","status-publish","hentry"],"_links":{"self":[{"href":"https:\/\/www.discoveramari.gr\/fr\/wp-json\/wp\/v2\/pages\/22409","targetHints":{"allow":["GET"]}}],"collection":[{"href":"https:\/\/www.discoveramari.gr\/fr\/wp-json\/wp\/v2\/pages"}],"about":[{"href":"https:\/\/www.discoveramari.gr\/fr\/wp-json\/wp\/v2\/types\/page"}],"author":[{"embeddable":true,"href":"https:\/\/www.discoveramari.gr\/fr\/wp-json\/wp\/v2\/users\/4"}],"replies":[{"embeddable":true,"href":"https:\/\/www.discoveramari.gr\/fr\/wp-json\/wp\/v2\/comments?post=22409"}],"version-history":[{"count":5,"href":"https:\/\/www.discoveramari.gr\/fr\/wp-json\/wp\/v2\/pages\/22409\/revisions"}],"predecessor-version":[{"id":25470,"href":"https:\/\/www.discoveramari.gr\/fr\/wp-json\/wp\/v2\/pages\/22409\/revisions\/25470"}],"wp:attachment":[{"href":"https:\/\/www.discoveramari.gr\/fr\/wp-json\/wp\/v2\/media?parent=22409"}],"curies":[{"name":"wp","href":"https:\/\/api.w.org\/{rel}","templated":true}]}}