{"id":22418,"date":"2022-08-28T10:04:09","date_gmt":"2022-08-28T07:04:09","guid":{"rendered":"https:\/\/www.discoveramari.gr\/%cf%86%cf%85%cf%83%ce%b9%ce%ba%cf%8c-%cf%80%ce%b5%cf%81%ce%b9%ce%b2%ce%ac%ce%bb%ce%bb%ce%bf%ce%bd\/"},"modified":"2023-07-10T10:47:36","modified_gmt":"2023-07-10T07:47:36","slug":"nature","status":"publish","type":"page","link":"https:\/\/www.discoveramari.gr\/fr\/nature\/","title":{"rendered":"Nature"},"content":{"rendered":"<p>[et_pb_section fb_built=\u00a0\u00bb1&Prime; admin_label=\u00a0\u00bbsection\u00a0\u00bb _builder_version=\u00a0\u00bb4.20.2&Prime; background_color=\u00a0\u00bb#d7dcc5&Prime; custom_margin=\u00a0\u00bb0px||0px||true|false\u00a0\u00bb global_colors_info=\u00a0\u00bb{}\u00a0\u00bb][et_pb_row admin_label=\u00a0\u00bbrow\u00a0\u00bb _builder_version=\u00a0\u00bb4.21.0&Prime; background_color=\u00a0\u00bb#FFFFFF\u00a0\u00bb background_size=\u00a0\u00bbinitial\u00a0\u00bb background_position=\u00a0\u00bbtop_left\u00a0\u00bb background_repeat=\u00a0\u00bbrepeat\u00a0\u00bb custom_padding=\u00a0\u00bb60px|60px|60px|60px|true|true\u00a0\u00bb global_colors_info=\u00a0\u00bb{}\u00a0\u00bb][et_pb_column type=\u00a0\u00bb4_4&Prime; _builder_version=\u00a0\u00bb4.16&Prime; custom_padding=\u00a0\u00bb|||\u00a0\u00bb global_colors_info=\u00a0\u00bb{}\u00a0\u00bb custom_padding__hover=\u00a0\u00bb|||\u00a0\u00bb][et_pb_post_title meta=\u00a0\u00bboff\u00a0\u00bb featured_image=\u00a0\u00bboff\u00a0\u00bb _builder_version=\u00a0\u00bb4.21.0&Prime; _module_preset=\u00a0\u00bbdefault\u00a0\u00bb title_font=\u00a0\u00bbsports_tourism_font||||||||\u00a0\u00bb hover_enabled=\u00a0\u00bb0&Prime; global_colors_info=\u00a0\u00bb{}\u00a0\u00bb sticky_enabled=\u00a0\u00bb0&Prime;][\/et_pb_post_title][et_pb_text admin_label=\u00a0\u00bb\u039a\u03b5\u03af\u03bc\u03b5\u03bd\u03bf\u00a0\u00bb _builder_version=\u00a0\u00bb4.21.0&Prime; background_size=\u00a0\u00bbinitial\u00a0\u00bb background_position=\u00a0\u00bbtop_left\u00a0\u00bb background_repeat=\u00a0\u00bbrepeat\u00a0\u00bb use_border_color=\u00a0\u00bboff\u00a0\u00bb border_color=\u00a0\u00bb#ffffff\u00a0\u00bb border_style=\u00a0\u00bbsolid\u00a0\u00bb global_colors_info=\u00a0\u00bb{}\u00a0\u00bb]<\/p>\n<p>Des montagnes sauvages, des flancs accident\u00e9s et des paysages idylliques, domin\u00e9s par la verdure et l&rsquo;\u00e9l\u00e9ment aquatique, composent la belle et riche nature d&rsquo;Amari. \u00c0 l&rsquo;est, Psiloritis s&rsquo;\u00e9l\u00e8ve de mani\u00e8re imposante, avec son relief g\u00e9ologique caillouteux qui forme des gorges abruptes, des reliefs aigus et des grottes, tandis que dans les parties basses des for\u00eats \u00e0 ch\u00eanes kerm\u00e8s. \u00c0 l&rsquo;ouest, le mont Kedros entoure la vall\u00e9e, sur laquelle se trouve le plateau prot\u00e9g\u00e9 de Gius Kampos. Au coeur de la vall\u00e9e verdoyante coulent des rivi\u00e8res qui, sur leur passage, cr\u00e9ent des gorges d&rsquo;une beaut\u00e9 naturelle unique avec de petits ruisseaux et des cascades.<\/p>\n<p>En venant \u00e0 Amari, il vaut la peine de visiter Platis Potamos, le plus grand fleuve de Cr\u00e8te, avec la v\u00e9g\u00e9tation d\u00e9cha\u00een\u00e9e sur ses rives, la gorge de Patsos avec la rivi\u00e8re et ses petites cascades, ainsi que la zone humide du barrage de Potamos. Ne manquez pas non plus l&rsquo;occasion de voir les oliviers centenaires du bosquet de Monastiraki et Genna.<\/p>\n<p>[\/et_pb_text][et_pb_text admin_label=\u00a0\u00bb\u039a\u03b5\u03af\u03bc\u03b5\u03bd\u03bf\u00a0\u00bb _builder_version=\u00a0\u00bb4.20.0&Prime; background_size=\u00a0\u00bbinitial\u00a0\u00bb background_position=\u00a0\u00bbtop_left\u00a0\u00bb background_repeat=\u00a0\u00bbrepeat\u00a0\u00bb use_border_color=\u00a0\u00bboff\u00a0\u00bb border_color=\u00a0\u00bb#ffffff\u00a0\u00bb border_style=\u00a0\u00bbsolid\u00a0\u00bb global_colors_info=\u00a0\u00bb{}\u00a0\u00bb]<\/p>\n<form autocomplete=\"off\" name=\"wpv-filter-5411-CATTR42ca666974b8bc8359521600fbfac62d\" action=\"\/fr\/wp-json\/wp\/v2\/pages\/22418?wpv_view_count=5411-CATTR42ca666974b8bc8359521600fbfac62d\" method=\"get\" class=\"wpv-filter-form js-wpv-filter-form js-wpv-filter-form-5411-CATTR42ca666974b8bc8359521600fbfac62d js-wpv-form-full js-wpv-ajax-results-submit-enabled\" data-viewnumber=\"5411-CATTR42ca666974b8bc8359521600fbfac62d\" data-viewid=\"5411\" data-viewhash=\"eyJuYW1lIjoicG9pcyIsIndwdnBvaWNhdGVnb3J5IjoicGVyaXZhbGxvbiJ9\" data-viewwidgetid=\"0\" data-orderby=\"\" data-order=\"\" data-orderbyas=\"\" data-orderbysecond=\"\" data-ordersecond=\"\" data-parametric=\"{&quot;query&quot;:&quot;normal&quot;,&quot;id&quot;:5411,&quot;view_id&quot;:5411,&quot;widget_id&quot;:0,&quot;view_hash&quot;:&quot;5411-CATTR42ca666974b8bc8359521600fbfac62d&quot;,&quot;action&quot;:&quot;\\\/fr\\\/wp-json\\\/wp\\\/v2\\\/pages\\\/22418?wpv_view_count=5411-CATTR42ca666974b8bc8359521600fbfac62d&quot;,&quot;sort&quot;:{&quot;orderby&quot;:&quot;&quot;,&quot;order&quot;:&quot;&quot;,&quot;orderby_as&quot;:&quot;&quot;,&quot;orderby_second&quot;:&quot;&quot;,&quot;order_second&quot;:&quot;&quot;},&quot;orderby&quot;:&quot;&quot;,&quot;order&quot;:&quot;&quot;,&quot;orderby_as&quot;:&quot;&quot;,&quot;orderby_second&quot;:&quot;&quot;,&quot;order_second&quot;:&quot;&quot;,&quot;ajax_form&quot;:&quot;&quot;,&quot;ajax_results&quot;:&quot;&quot;,&quot;effect&quot;:&quot;fade&quot;,&quot;prebefore&quot;:&quot;&quot;,&quot;before&quot;:&quot;&quot;,&quot;after&quot;:&quot;&quot;,&quot;attributes&quot;:{&quot;wpvpoicategory&quot;:&quot;perivallon&quot;},&quot;environment&quot;:{&quot;current_post_id&quot;:22418,&quot;parent_post_id&quot;:22418,&quot;parent_term_id&quot;:0,&quot;parent_user_id&quot;:0,&quot;archive&quot;:{&quot;type&quot;:&quot;&quot;,&quot;name&quot;:&quot;&quot;,&quot;data&quot;:[]}},&quot;loop&quot;:{&quot;type&quot;:&quot;&quot;,&quot;name&quot;:&quot;&quot;,&quot;data&quot;:[],&quot;id&quot;:0}}\" data-attributes=\"{&quot;wpvpoicategory&quot;:&quot;perivallon&quot;}\" data-environment=\"{&quot;current_post_id&quot;:22418,&quot;parent_post_id&quot;:22418,&quot;parent_term_id&quot;:0,&quot;parent_user_id&quot;:0,&quot;archive&quot;:{&quot;type&quot;:&quot;&quot;,&quot;name&quot;:&quot;&quot;,&quot;data&quot;:[]}}\"><input type=\"hidden\" class=\"js-wpv-dps-filter-data js-wpv-filter-data-for-this-form\" data-action=\"\/fr\/wp-json\/wp\/v2\/pages\/22418?wpv_view_count=5411-CATTR42ca666974b8bc8359521600fbfac62d\" data-page=\"1\" data-ajax=\"disable\" data-effect=\"fade\" data-maxpages=\"2\" data-ajaxprebefore=\"\" data-ajaxbefore=\"\" data-ajaxafter=\"\" \/><input class=\"wpv_view_count wpv_view_count-5411-CATTR42ca666974b8bc8359521600fbfac62d\" type=\"hidden\" name=\"wpv_view_count\" value=\"5411-CATTR42ca666974b8bc8359521600fbfac62d\" \/>\n\n<\/form>\n<div id=\"wpv-view-layout-5411-CATTR42ca666974b8bc8359521600fbfac62d\" class=\"js-wpv-view-layout js-wpv-layout-responsive js-wpv-view-layout-5411-CATTR42ca666974b8bc8359521600fbfac62d wpv-pagination js-wpv-layout-has-pagination wpv-pagination-preload-images js-wpv-layout-preload-images wpv-pagination-preload-pages js-wpv-layout-preload-pages\" style=\"visibility:hidden;\" data-viewnumber=\"5411-CATTR42ca666974b8bc8359521600fbfac62d\" data-pagination=\"{&quot;id&quot;:5411,&quot;query&quot;:&quot;normal&quot;,&quot;type&quot;:&quot;ajaxed&quot;,&quot;effect&quot;:&quot;fade&quot;,&quot;duration&quot;:500,&quot;speed&quot;:5,&quot;pause_on_hover&quot;:&quot;enabled&quot;,&quot;stop_rollover&quot;:&quot;false&quot;,&quot;cache_pages&quot;:&quot;enabled&quot;,&quot;preload_images&quot;:&quot;enabled&quot;,&quot;preload_pages&quot;:&quot;enabled&quot;,&quot;preload_reach&quot;:1,&quot;spinner&quot;:&quot;builtin&quot;,&quot;spinner_image&quot;:&quot;&quot;,&quot;callback_next&quot;:&quot;&quot;,&quot;manage_history&quot;:&quot;enabled&quot;,&quot;has_controls_in_form&quot;:&quot;disabled&quot;,&quot;infinite_tolerance&quot;:0,&quot;max_pages&quot;:2,&quot;page&quot;:1,&quot;base_permalink&quot;:&quot;\/fr\/wp-json\/wp\/v2\/pages\/22418?wpv_view_count=5411-CATTR42ca666974b8bc8359521600fbfac62d&amp;wpv_paged=WPV_PAGE_NUM&quot;,&quot;loop&quot;:{&quot;type&quot;:&quot;&quot;,&quot;name&quot;:&quot;&quot;,&quot;data&quot;:[],&quot;id&quot;:0}}\" data-permalink=\"\/fr\/wp-json\/wp\/v2\/pages\/22418?wpv_view_count=5411-CATTR42ca666974b8bc8359521600fbfac62d\">\n\n<div >\n  <div >\n  <div >\n\t\n\t\n\t\t          \n          <div class=\"mygrid\">\n            <a href=\"https:\/\/www.discoveramari.gr\/fr\/poi\/foret-de-chenes-kermes-et-de-pins-a-chelidone\/\" title=\"For\u00eat de ch\u00eanes kerm\u00e8s et de pins \u00e0 Chelidone\"><span class=\"myimage et_portfolio_image\"><img decoding=\"async\" src=\"https:\/\/www.discoveramari.gr\/wp-content\/uploads\/2022\/09\/IMG_2537-300x200.jpg\"><\/span><\/a>\n            <a href=\"https:\/\/www.discoveramari.gr\/fr\/poi\/foret-de-chenes-kermes-et-de-pins-a-chelidone\/\" title=\"For\u00eat de ch\u00eanes kerm\u00e8s et de pins \u00e0 Chelidone\"><div class=\"mytitle\">For\u00eat de ch\u00eanes kerm\u00e8s et de pins \u00e0 Chelidone<\/div><\/a>\n          <\/div>\n\t\t          \n          <div class=\"mygrid\">\n            <a href=\"https:\/\/www.discoveramari.gr\/fr\/poi\/foret-de-chenes-kermes-peromouriko-kalogeros\/\" title=\"For\u00eat de ch\u00eanes kerm\u00e8s Peromouriko (Kalogeros)\"><span class=\"myimage et_portfolio_image\"><img decoding=\"async\" src=\"https:\/\/www.discoveramari.gr\/wp-content\/uploads\/2023\/02\/IMG_4093-300x200.jpg\"><\/span><\/a>\n            <a href=\"https:\/\/www.discoveramari.gr\/fr\/poi\/foret-de-chenes-kermes-peromouriko-kalogeros\/\" title=\"For\u00eat de ch\u00eanes kerm\u00e8s Peromouriko (Kalogeros)\"><div class=\"mytitle\">For\u00eat de ch\u00eanes kerm\u00e8s Peromouriko (Kalogeros)<\/div><\/a>\n          <\/div>\n\t\t          \n          <div class=\"mygrid\">\n            <a href=\"https:\/\/www.discoveramari.gr\/fr\/poi\/foret-de-pardi\/\" title=\"For\u00eat de Pardi\"><span class=\"myimage et_portfolio_image\"><img decoding=\"async\" src=\"https:\/\/www.discoveramari.gr\/wp-content\/uploads\/2023\/01\/IMG_3612-Pan-300x70.jpg\"><\/span><\/a>\n            <a href=\"https:\/\/www.discoveramari.gr\/fr\/poi\/foret-de-pardi\/\" title=\"For\u00eat de Pardi\"><div class=\"mytitle\">For\u00eat de Pardi<\/div><\/a>\n          <\/div>\n\t\t          \n          <div class=\"mygrid\">\n            <a href=\"https:\/\/www.discoveramari.gr\/fr\/poi\/gorge-du-platania\/\" title=\"Gorge du Platania\"><span class=\"myimage et_portfolio_image\"><img decoding=\"async\" src=\"https:\/\/www.discoveramari.gr\/wp-content\/uploads\/2022\/07\/DSC_5568-300x150.jpg\"><\/span><\/a>\n            <a href=\"https:\/\/www.discoveramari.gr\/fr\/poi\/gorge-du-platania\/\" title=\"Gorge du Platania\"><div class=\"mytitle\">Gorge du Platania<\/div><\/a>\n          <\/div>\n\t\t          \n          <div class=\"mygrid\">\n            <a href=\"https:\/\/www.discoveramari.gr\/fr\/poi\/gorges-de-patsos\/\" title=\"Gorges de Patsos\"><span class=\"myimage et_portfolio_image\"><img decoding=\"async\" src=\"https:\/\/www.discoveramari.gr\/wp-content\/uploads\/2022\/07\/IMG_2227-300x200.jpg\"><\/span><\/a>\n            <a href=\"https:\/\/www.discoveramari.gr\/fr\/poi\/gorges-de-patsos\/\" title=\"Gorges de Patsos\"><div class=\"mytitle\">Gorges de Patsos<\/div><\/a>\n          <\/div>\n\t\t          \n          <div class=\"mygrid\">\n            <a href=\"https:\/\/www.discoveramari.gr\/fr\/poi\/grotte-de-margeles-elenes\/\" title=\"Grotte de Margeles (Elenes)\"><span class=\"myimage et_portfolio_image\"><img decoding=\"async\" src=\"https:\/\/www.discoveramari.gr\/wp-content\/uploads\/2022\/09\/IMG_3136-300x200.jpg\"><\/span><\/a>\n            <a href=\"https:\/\/www.discoveramari.gr\/fr\/poi\/grotte-de-margeles-elenes\/\" title=\"Grotte de Margeles (Elenes)\"><div class=\"mytitle\">Grotte de Margeles (Elenes)<\/div><\/a>\n          <\/div>\n\t\t          \n          <div class=\"mygrid\">\n            <a href=\"https:\/\/www.discoveramari.gr\/fr\/poi\/grotte-de-panas\/\" title=\"Grotte de Panas\"><span class=\"myimage et_portfolio_image\"><img decoding=\"async\" src=\"https:\/\/www.discoveramari.gr\/wp-content\/uploads\/2022\/09\/IMG_2570-300x200.jpg\"><\/span><\/a>\n            <a href=\"https:\/\/www.discoveramari.gr\/fr\/poi\/grotte-de-panas\/\" title=\"Grotte de Panas\"><div class=\"mytitle\">Grotte de Panas<\/div><\/a>\n          <\/div>\n\t\t          \n          <div class=\"mygrid\">\n            <a href=\"https:\/\/www.discoveramari.gr\/fr\/poi\/grotte-de-paule-faure-ou-de-notiki-trypa\/\" title=\"Grotte de Paule Faure ou de Notiki Trypa\"><span class=\"myimage et_portfolio_image\"><img decoding=\"async\" src=\"https:\/\/www.discoveramari.gr\/wp-content\/uploads\/2022\/09\/IMG_3585-300x200.jpg\"><\/span><\/a>\n            <a href=\"https:\/\/www.discoveramari.gr\/fr\/poi\/grotte-de-paule-faure-ou-de-notiki-trypa\/\" title=\"Grotte de Paule Faure ou de Notiki Trypa\"><div class=\"mytitle\">Grotte de Paule Faure ou de Notiki Trypa<\/div><\/a>\n          <\/div>\n\t\t          \n          <div class=\"mygrid\">\n            <a href=\"https:\/\/www.discoveramari.gr\/fr\/poi\/grottes-de-champathoura-et-leska-fourfouras\/\" title=\"Grottes de Champathoura et Leska (Fourfouras)\"><span class=\"myimage et_portfolio_image\"><img decoding=\"async\" src=\"https:\/\/www.discoveramari.gr\/wp-content\/uploads\/2023\/01\/IMG_2507-300x200.jpg\"><\/span><\/a>\n            <a href=\"https:\/\/www.discoveramari.gr\/fr\/poi\/grottes-de-champathoura-et-leska-fourfouras\/\" title=\"Grottes de Champathoura et Leska (Fourfouras)\"><div class=\"mytitle\">Grottes de Champathoura et Leska (Fourfouras)<\/div><\/a>\n          <\/div>\n\t\t          \n          <div class=\"mygrid\">\n            <a href=\"https:\/\/www.discoveramari.gr\/fr\/poi\/mont-idi-ou-psiloritis\/\" title=\"Mont Idi ou Psiloritis\"><span class=\"myimage et_portfolio_image\"><img decoding=\"async\" src=\"https:\/\/www.discoveramari.gr\/wp-content\/uploads\/2022\/07\/IMG_1751-1-300x200.jpg\"><\/span><\/a>\n            <a href=\"https:\/\/www.discoveramari.gr\/fr\/poi\/mont-idi-ou-psiloritis\/\" title=\"Mont Idi ou Psiloritis\"><div class=\"mytitle\">Mont Idi ou Psiloritis<\/div><\/a>\n          <\/div>\n\t\t          \n          <div class=\"mygrid\">\n            <a href=\"https:\/\/www.discoveramari.gr\/fr\/poi\/mont-kartalos\/\" title=\"Mont Kartalos\"><span class=\"myimage et_portfolio_image\"><img decoding=\"async\" src=\"https:\/\/www.discoveramari.gr\/wp-content\/uploads\/2023\/01\/IMG_2385-300x200.jpg\"><\/span><\/a>\n            <a href=\"https:\/\/www.discoveramari.gr\/fr\/poi\/mont-kartalos\/\" title=\"Mont Kartalos\"><div class=\"mytitle\">Mont Kartalos<\/div><\/a>\n          <\/div>\n\t\t          \n          <div class=\"mygrid\">\n            <a href=\"https:\/\/www.discoveramari.gr\/fr\/poi\/mont-kedros-ou-kentros\/\" title=\"Mont Kedros (ou Kentros)\"><span class=\"myimage et_portfolio_image\"><img decoding=\"async\" src=\"https:\/\/www.discoveramari.gr\/wp-content\/uploads\/2022\/07\/IMG_3042-300x200.jpg\"><\/span><\/a>\n            <a href=\"https:\/\/www.discoveramari.gr\/fr\/poi\/mont-kedros-ou-kentros\/\" title=\"Mont Kedros (ou Kentros)\"><div class=\"mytitle\">Mont Kedros (ou Kentros)<\/div><\/a>\n          <\/div>\n\t\t\n\t\n\t\n\t<\/div>\n<\/div>\n  <\/div>\n<div class=\"row\">\n    \n <div class=\"form-inline\">\n<div class=\"form-group\">\nPage 1 sur 2\n<\/div>\n \n<div class=\"form-group form-middle form-last\">\n<span class=\"wpv-filter-previous-link page-link \">Pr\u00e9c\u00e9dente<\/span> <ul class=\"wpv-pagination-nav-links-container js-wpv-pagination-nav-links-container pagination\"><li class=\"wpv-pagination-nav-links-item js-wpv-pagination-nav-links-item page-item wpv-page-link-5411-CATTR42ca666974b8bc8359521600fbfac62d-1 js-wpv-page-link-5411-CATTR42ca666974b8bc8359521600fbfac62d-1 wpv_page_current wpv-pagination-nav-links-item-current active\"><span class=\"wpv-filter-pagination-link page-link\">1<\/span><\/li><li class=\"wpv-pagination-nav-links-item js-wpv-pagination-nav-links-item page-item wpv-page-link-5411-CATTR42ca666974b8bc8359521600fbfac62d-2 js-wpv-page-link-5411-CATTR42ca666974b8bc8359521600fbfac62d-2\"><a class=\"wpv-filter-pagination-link js-wpv-pagination-link page-link\" title=\"2\" href=\"\/fr\/wp-json\/wp\/v2\/pages\/22418?wpv_view_count=5411-CATTR42ca666974b8bc8359521600fbfac62d&#038;wpv_paged=2\" data-viewnumber=\"5411-CATTR42ca666974b8bc8359521600fbfac62d\" data-page=\"2\">2<\/a><\/li><\/ul> <a class=\"wpv-filter-next-link js-wpv-pagination-next-link page-link \"  href=\"\/fr\/wp-json\/wp\/v2\/pages\/22418?wpv_view_count=5411-CATTR42ca666974b8bc8359521600fbfac62d&#038;wpv_paged=2\"\n\t\t\t\t\tdata-viewnumber=\"5411-CATTR42ca666974b8bc8359521600fbfac62d\" data-page=\"2\">Suivante<\/a>\n<\/div> \n\n<\/div>\n\n \n<\/div>\n\n\n<p>[\/et_pb_text][\/et_pb_column][\/et_pb_row][\/et_pb_section]<\/p>\n","protected":false},"excerpt":{"rendered":"<p>Des montagnes sauvages, des flancs accident\u00e9s et des paysages idylliques, domin\u00e9s par la verdure et l&rsquo;\u00e9l\u00e9ment aquatique, composent la belle et riche nature d&rsquo;Amari. \u00c0 l&rsquo;est, Psiloritis s&rsquo;\u00e9l\u00e8ve de mani\u00e8re imposante, avec son relief g\u00e9ologique caillouteux qui forme des gorges abruptes, des reliefs aigus et des grottes, tandis que dans les parties basses des for\u00eats [&hellip;]<\/p>\n","protected":false},"author":4,"featured_media":0,"parent":0,"menu_order":0,"comment_status":"closed","ping_status":"closed","template":"","meta":{"_et_pb_use_builder":"on","_et_pb_old_content":"","_et_gb_content_width":"","footnotes":""},"class_list":["post-22418","page","type-page","status-publish","hentry"],"_links":{"self":[{"href":"https:\/\/www.discoveramari.gr\/fr\/wp-json\/wp\/v2\/pages\/22418","targetHints":{"allow":["GET"]}}],"collection":[{"href":"https:\/\/www.discoveramari.gr\/fr\/wp-json\/wp\/v2\/pages"}],"about":[{"href":"https:\/\/www.discoveramari.gr\/fr\/wp-json\/wp\/v2\/types\/page"}],"author":[{"embeddable":true,"href":"https:\/\/www.discoveramari.gr\/fr\/wp-json\/wp\/v2\/users\/4"}],"replies":[{"embeddable":true,"href":"https:\/\/www.discoveramari.gr\/fr\/wp-json\/wp\/v2\/comments?post=22418"}],"version-history":[{"count":6,"href":"https:\/\/www.discoveramari.gr\/fr\/wp-json\/wp\/v2\/pages\/22418\/revisions"}],"predecessor-version":[{"id":25477,"href":"https:\/\/www.discoveramari.gr\/fr\/wp-json\/wp\/v2\/pages\/22418\/revisions\/25477"}],"wp:attachment":[{"href":"https:\/\/www.discoveramari.gr\/fr\/wp-json\/wp\/v2\/media?parent=22418"}],"curies":[{"name":"wp","href":"https:\/\/api.w.org\/{rel}","templated":true}]}}