{"id":23257,"date":"2022-07-27T11:09:33","date_gmt":"2022-07-27T08:09:33","guid":{"rendered":"https:\/\/www.discoveramari.gr\/%ce%b1%ce%bd%ce%b1%ce%ba%ce%b1%ce%bb%cf%8d%cf%88%cf%84%ce%b5-%cf%84%ce%bf-%ce%b1%ce%bc%ce%ac%cf%81%ce%b9\/"},"modified":"2023-07-10T10:38:30","modified_gmt":"2023-07-10T07:38:30","slug":"decouvrez-amari","status":"publish","type":"page","link":"https:\/\/www.discoveramari.gr\/fr\/decouvrez-amari\/","title":{"rendered":"D\u00e9couvrez Amari"},"content":{"rendered":"<p>[et_pb_section fb_built=\u00a0\u00bb1&Prime; admin_label=\u00a0\u00bbsection\u00a0\u00bb _builder_version=\u00a0\u00bb4.20.2&Prime; background_color=\u00a0\u00bb#d7dcc5&Prime; custom_margin=\u00a0\u00bb0px||0px||true|false\u00a0\u00bb global_colors_info=\u00a0\u00bb{}\u00a0\u00bb][et_pb_row admin_label=\u00a0\u00bbrow\u00a0\u00bb _builder_version=\u00a0\u00bb4.21.0&Prime; background_color=\u00a0\u00bb#FFFFFF\u00a0\u00bb background_size=\u00a0\u00bbinitial\u00a0\u00bb background_position=\u00a0\u00bbtop_left\u00a0\u00bb background_repeat=\u00a0\u00bbrepeat\u00a0\u00bb custom_padding=\u00a0\u00bb60px|60px|60px|60px|true|true\u00a0\u00bb global_colors_info=\u00a0\u00bb{}\u00a0\u00bb][et_pb_column type=\u00a0\u00bb4_4&Prime; _builder_version=\u00a0\u00bb4.16&Prime; custom_padding=\u00a0\u00bb|||\u00a0\u00bb global_colors_info=\u00a0\u00bb{}\u00a0\u00bb custom_padding__hover=\u00a0\u00bb|||\u00a0\u00bb][et_pb_post_title meta=\u00a0\u00bboff\u00a0\u00bb featured_image=\u00a0\u00bboff\u00a0\u00bb _builder_version=\u00a0\u00bb4.21.0&Prime; _module_preset=\u00a0\u00bbdefault\u00a0\u00bb title_font=\u00a0\u00bbsports_tourism_font||||||||\u00a0\u00bb hover_enabled=\u00a0\u00bb0&Prime; global_colors_info=\u00a0\u00bb{}\u00a0\u00bb sticky_enabled=\u00a0\u00bb0&Prime;][\/et_pb_post_title][et_pb_text admin_label=\u00a0\u00bb\u039a\u03b5\u03af\u03bc\u03b5\u03bd\u03bf\u00a0\u00bb _builder_version=\u00a0\u00bb4.21.0&Prime; background_size=\u00a0\u00bbinitial\u00a0\u00bb background_position=\u00a0\u00bbtop_left\u00a0\u00bb background_repeat=\u00a0\u00bbrepeat\u00a0\u00bb custom_padding=\u00a0\u00bb2px|||||\u00a0\u00bb use_border_color=\u00a0\u00bboff\u00a0\u00bb border_color=\u00a0\u00bb#ffffff\u00a0\u00bb border_style=\u00a0\u00bbsolid\u00a0\u00bb global_colors_info=\u00a0\u00bb{}\u00a0\u00bb]<\/p>\n<p>Amari est sans aucun doute un joyau de la pr\u00e9fecture de Rethymno, un lieu avec une longue histoire et culture, dot\u00e9 en m\u00eame temps d&rsquo;une beaut\u00e9 naturelle in\u00e9gal\u00e9e. Construits sur les pentes des montagnes et dans la vall\u00e9e, les villages d&rsquo;Amari comptent plusieurs si\u00e8cles de vie et en fait leurs noms, \u00e0 quelques exceptions pr\u00e8s, se retrouvent dans les manuscrits v\u00e9nitiens. Aujourd&rsquo;hui, dans les villages pittoresques, le pass\u00e9 et le pr\u00e9sent coexistent harmonieusement. Le visiteur verra ici \u00e0 c\u00f4t\u00e9 de b\u00e2timents et de places modernes, des maisons vo\u00fbt\u00e9es en pierre avec des portes cintr\u00e9es et des fontaines traditionnelles avec de l&rsquo;eau courante, des \u00e9glises anciennes et des b\u00e2timents historiques, le tout dans une coexistence agr\u00e9able avec le fond de la vall\u00e9e verdoyante d&rsquo;Amari, qui est form\u00e9e par le mont Psiloritis \u00e0 l&rsquo;est et Kedros \u00e0 l&rsquo;ouest.<\/p>\n<blockquote>\n<p style=\"text-align: left;\"><strong>Des villages traditionnels avec des maisons en pierre, des villages construits sur les ruines de villes antiques, des villages arbor\u00e9s et cosmopolites, sont l\u00e0 pour vous permettre d&rsquo;explorer et de d\u00e9couvrir leur grande histoire. Parcourez leurs ruelles pittoresques, d\u00e9couvrez leurs monuments uniques et rencontrez leurs merveilleux habitants qui perp\u00e9tuent les traditions de leur lieu<\/strong><\/p>\n<\/blockquote>\n<p>[\/et_pb_text][et_pb_text _builder_version=\u00a0\u00bb4.21.0&Prime; _module_preset=\u00a0\u00bbdefault\u00a0\u00bb global_colors_info=\u00a0\u00bb{}\u00a0\u00bb]<\/p>\n<form autocomplete=\"off\" name=\"wpv-filter-5411-CATTR2c3a4db47b8afb2d2badd8b42d9b5d9b\" action=\"\/fr\/wp-json\/wp\/v2\/pages\/23257?wpv_view_count=5411-CATTR2c3a4db47b8afb2d2badd8b42d9b5d9b\" method=\"get\" class=\"wpv-filter-form js-wpv-filter-form js-wpv-filter-form-5411-CATTR2c3a4db47b8afb2d2badd8b42d9b5d9b js-wpv-form-full js-wpv-ajax-results-submit-enabled\" data-viewnumber=\"5411-CATTR2c3a4db47b8afb2d2badd8b42d9b5d9b\" data-viewid=\"5411\" data-viewhash=\"eyJuYW1lIjoicG9pcyIsIndwdnBvaWNhdGVnb3J5Ijoib2lraXNtb2kifQ==\" data-viewwidgetid=\"0\" data-orderby=\"\" data-order=\"\" data-orderbyas=\"\" data-orderbysecond=\"\" data-ordersecond=\"\" data-parametric=\"{&quot;query&quot;:&quot;normal&quot;,&quot;id&quot;:5411,&quot;view_id&quot;:5411,&quot;widget_id&quot;:0,&quot;view_hash&quot;:&quot;5411-CATTR2c3a4db47b8afb2d2badd8b42d9b5d9b&quot;,&quot;action&quot;:&quot;\\\/fr\\\/wp-json\\\/wp\\\/v2\\\/pages\\\/23257?wpv_view_count=5411-CATTR2c3a4db47b8afb2d2badd8b42d9b5d9b&quot;,&quot;sort&quot;:{&quot;orderby&quot;:&quot;&quot;,&quot;order&quot;:&quot;&quot;,&quot;orderby_as&quot;:&quot;&quot;,&quot;orderby_second&quot;:&quot;&quot;,&quot;order_second&quot;:&quot;&quot;},&quot;orderby&quot;:&quot;&quot;,&quot;order&quot;:&quot;&quot;,&quot;orderby_as&quot;:&quot;&quot;,&quot;orderby_second&quot;:&quot;&quot;,&quot;order_second&quot;:&quot;&quot;,&quot;ajax_form&quot;:&quot;&quot;,&quot;ajax_results&quot;:&quot;&quot;,&quot;effect&quot;:&quot;fade&quot;,&quot;prebefore&quot;:&quot;&quot;,&quot;before&quot;:&quot;&quot;,&quot;after&quot;:&quot;&quot;,&quot;attributes&quot;:{&quot;wpvpoicategory&quot;:&quot;oikismoi&quot;},&quot;environment&quot;:{&quot;current_post_id&quot;:23257,&quot;parent_post_id&quot;:23257,&quot;parent_term_id&quot;:0,&quot;parent_user_id&quot;:0,&quot;archive&quot;:{&quot;type&quot;:&quot;&quot;,&quot;name&quot;:&quot;&quot;,&quot;data&quot;:[]}},&quot;loop&quot;:{&quot;type&quot;:&quot;&quot;,&quot;name&quot;:&quot;&quot;,&quot;data&quot;:[],&quot;id&quot;:0}}\" data-attributes=\"{&quot;wpvpoicategory&quot;:&quot;oikismoi&quot;}\" data-environment=\"{&quot;current_post_id&quot;:23257,&quot;parent_post_id&quot;:23257,&quot;parent_term_id&quot;:0,&quot;parent_user_id&quot;:0,&quot;archive&quot;:{&quot;type&quot;:&quot;&quot;,&quot;name&quot;:&quot;&quot;,&quot;data&quot;:[]}}\"><input type=\"hidden\" class=\"js-wpv-dps-filter-data js-wpv-filter-data-for-this-form\" data-action=\"\/fr\/wp-json\/wp\/v2\/pages\/23257?wpv_view_count=5411-CATTR2c3a4db47b8afb2d2badd8b42d9b5d9b\" data-page=\"1\" data-ajax=\"disable\" data-effect=\"fade\" data-maxpages=\"4\" data-ajaxprebefore=\"\" data-ajaxbefore=\"\" data-ajaxafter=\"\" \/><input class=\"wpv_view_count wpv_view_count-5411-CATTR2c3a4db47b8afb2d2badd8b42d9b5d9b\" type=\"hidden\" name=\"wpv_view_count\" value=\"5411-CATTR2c3a4db47b8afb2d2badd8b42d9b5d9b\" \/>\n\n<\/form>\n<div id=\"wpv-view-layout-5411-CATTR2c3a4db47b8afb2d2badd8b42d9b5d9b\" class=\"js-wpv-view-layout js-wpv-layout-responsive js-wpv-view-layout-5411-CATTR2c3a4db47b8afb2d2badd8b42d9b5d9b wpv-pagination js-wpv-layout-has-pagination wpv-pagination-preload-images js-wpv-layout-preload-images wpv-pagination-preload-pages js-wpv-layout-preload-pages\" style=\"visibility:hidden;\" data-viewnumber=\"5411-CATTR2c3a4db47b8afb2d2badd8b42d9b5d9b\" data-pagination=\"{&quot;id&quot;:5411,&quot;query&quot;:&quot;normal&quot;,&quot;type&quot;:&quot;ajaxed&quot;,&quot;effect&quot;:&quot;fade&quot;,&quot;duration&quot;:500,&quot;speed&quot;:5,&quot;pause_on_hover&quot;:&quot;enabled&quot;,&quot;stop_rollover&quot;:&quot;false&quot;,&quot;cache_pages&quot;:&quot;enabled&quot;,&quot;preload_images&quot;:&quot;enabled&quot;,&quot;preload_pages&quot;:&quot;enabled&quot;,&quot;preload_reach&quot;:1,&quot;spinner&quot;:&quot;builtin&quot;,&quot;spinner_image&quot;:&quot;&quot;,&quot;callback_next&quot;:&quot;&quot;,&quot;manage_history&quot;:&quot;enabled&quot;,&quot;has_controls_in_form&quot;:&quot;disabled&quot;,&quot;infinite_tolerance&quot;:0,&quot;max_pages&quot;:4,&quot;page&quot;:1,&quot;base_permalink&quot;:&quot;\/fr\/wp-json\/wp\/v2\/pages\/23257?wpv_view_count=5411-CATTR2c3a4db47b8afb2d2badd8b42d9b5d9b&amp;wpv_paged=WPV_PAGE_NUM&quot;,&quot;loop&quot;:{&quot;type&quot;:&quot;&quot;,&quot;name&quot;:&quot;&quot;,&quot;data&quot;:[],&quot;id&quot;:0}}\" data-permalink=\"\/fr\/wp-json\/wp\/v2\/pages\/23257?wpv_view_count=5411-CATTR2c3a4db47b8afb2d2badd8b42d9b5d9b\">\n\n<div >\n  <div >\n  <div >\n\t\n\t\n\t\t          \n          <div class=\"mygrid\">\n            <a href=\"https:\/\/www.discoveramari.gr\/fr\/poi\/agia-fotini\/\" title=\"Agia Fotini\"><span class=\"myimage et_portfolio_image\"><img decoding=\"async\" src=\"https:\/\/www.discoveramari.gr\/wp-content\/uploads\/2023\/01\/IMG_6055-300x200.jpg\"><\/span><\/a>\n            <a href=\"https:\/\/www.discoveramari.gr\/fr\/poi\/agia-fotini\/\" title=\"Agia Fotini\"><div class=\"mytitle\">Agia Fotini<\/div><\/a>\n          <\/div>\n\t\t          \n          <div class=\"mygrid\">\n            <a href=\"https:\/\/www.discoveramari.gr\/fr\/poi\/agia-paraskevi\/\" title=\"Agia Paraskevi\"><span class=\"myimage et_portfolio_image\"><img decoding=\"async\" src=\"https:\/\/www.discoveramari.gr\/wp-content\/uploads\/2022\/07\/IMG_1165-300x169.jpg\"><\/span><\/a>\n            <a href=\"https:\/\/www.discoveramari.gr\/fr\/poi\/agia-paraskevi\/\" title=\"Agia Paraskevi\"><div class=\"mytitle\">Agia Paraskevi<\/div><\/a>\n          <\/div>\n\t\t          \n          <div class=\"mygrid\">\n            <a href=\"https:\/\/www.discoveramari.gr\/fr\/poi\/%ce%ac%ce%b3%ce%b9%ce%bf%cf%82-%ce%b9%cf%89%ce%ac%ce%bd%ce%bd%ce%b7%cf%82\/\" title=\"Agios Ioannis\"><span class=\"myimage et_portfolio_image\"><img decoding=\"async\" src=\"https:\/\/www.discoveramari.gr\/wp-content\/uploads\/2022\/07\/IMG_1352-300x225.jpg\"><\/span><\/a>\n            <a href=\"https:\/\/www.discoveramari.gr\/fr\/poi\/%ce%ac%ce%b3%ce%b9%ce%bf%cf%82-%ce%b9%cf%89%ce%ac%ce%bd%ce%bd%ce%b7%cf%82\/\" title=\"Agios Ioannis\"><div class=\"mytitle\">Agios Ioannis<\/div><\/a>\n          <\/div>\n\t\t          \n          <div class=\"mygrid\">\n            <a href=\"https:\/\/www.discoveramari.gr\/fr\/poi\/%ce%b1%ce%bc%ce%ac%cf%81%ce%b9-%ce%ae-%ce%bd%ce%b5%cf%85%cf%82-%ce%b1%ce%bc%ce%ac%cf%81%ce%b9\/\" title=\"Amari ou Neus Amari\"><span class=\"myimage et_portfolio_image\"><img decoding=\"async\" src=\"https:\/\/www.discoveramari.gr\/wp-content\/uploads\/2022\/07\/IMG_1686-300x169.jpg\"><\/span><\/a>\n            <a href=\"https:\/\/www.discoveramari.gr\/fr\/poi\/%ce%b1%ce%bc%ce%ac%cf%81%ce%b9-%ce%ae-%ce%bd%ce%b5%cf%85%cf%82-%ce%b1%ce%bc%ce%ac%cf%81%ce%b9\/\" title=\"Amari ou Neus Amari\"><div class=\"mytitle\">Amari ou Neus Amari<\/div><\/a>\n          <\/div>\n\t\t          \n          <div class=\"mygrid\">\n            <a href=\"https:\/\/www.discoveramari.gr\/fr\/poi\/ano-meros\/\" title=\"Ano Meros\"><span class=\"myimage et_portfolio_image\"><img decoding=\"async\" src=\"https:\/\/www.discoveramari.gr\/wp-content\/uploads\/2022\/07\/IMG_3460-300x200.jpg\"><\/span><\/a>\n            <a href=\"https:\/\/www.discoveramari.gr\/fr\/poi\/ano-meros\/\" title=\"Ano Meros\"><div class=\"mytitle\">Ano Meros<\/div><\/a>\n          <\/div>\n\t\t          \n          <div class=\"mygrid\">\n            <a href=\"https:\/\/www.discoveramari.gr\/fr\/poi\/apodoulos\/\" title=\"Apodoulos\"><span class=\"myimage et_portfolio_image\"><img decoding=\"async\" src=\"https:\/\/www.discoveramari.gr\/wp-content\/uploads\/2022\/07\/IMG_1037-300x169.jpg\"><\/span><\/a>\n            <a href=\"https:\/\/www.discoveramari.gr\/fr\/poi\/apodoulos\/\" title=\"Apodoulos\"><div class=\"mytitle\">Apodoulos<\/div><\/a>\n          <\/div>\n\t\t          \n          <div class=\"mygrid\">\n            <a href=\"https:\/\/www.discoveramari.gr\/fr\/poi\/apostoloi\/\" title=\"Apostoloi\"><span class=\"myimage et_portfolio_image\"><img decoding=\"async\" src=\"https:\/\/www.discoveramari.gr\/wp-content\/uploads\/2022\/07\/IMG_2015-300x200.jpg\"><\/span><\/a>\n            <a href=\"https:\/\/www.discoveramari.gr\/fr\/poi\/apostoloi\/\" title=\"Apostoloi\"><div class=\"mytitle\">Apostoloi<\/div><\/a>\n          <\/div>\n\t\t          \n          <div class=\"mygrid\">\n            <a href=\"https:\/\/www.discoveramari.gr\/fr\/poi\/ardaktos\/\" title=\"Ardaktos\"><span class=\"myimage et_portfolio_image\"><img decoding=\"async\" src=\"https:\/\/www.discoveramari.gr\/wp-content\/uploads\/2023\/01\/IMG_6053-300x200.jpg\"><\/span><\/a>\n            <a href=\"https:\/\/www.discoveramari.gr\/fr\/poi\/ardaktos\/\" title=\"Ardaktos\"><div class=\"mytitle\">Ardaktos<\/div><\/a>\n          <\/div>\n\t\t          \n          <div class=\"mygrid\">\n            <a href=\"https:\/\/www.discoveramari.gr\/fr\/poi\/%cf%87%cf%89%cf%81%ce%b4%ce%ac%ce%ba%ce%b9\/\" title=\"Chordaki\"><span class=\"myimage et_portfolio_image\"><img decoding=\"async\" src=\"https:\/\/www.discoveramari.gr\/wp-content\/uploads\/2023\/01\/IMG_6060-300x200.jpg\"><\/span><\/a>\n            <a href=\"https:\/\/www.discoveramari.gr\/fr\/poi\/%cf%87%cf%89%cf%81%ce%b4%ce%ac%ce%ba%ce%b9\/\" title=\"Chordaki\"><div class=\"mytitle\">Chordaki<\/div><\/a>\n          <\/div>\n\t\t          \n          <div class=\"mygrid\">\n            <a href=\"https:\/\/www.discoveramari.gr\/fr\/poi\/drigies\/\" title=\"Drigies\"><span class=\"myimage et_portfolio_image\"><img decoding=\"async\" src=\"https:\/\/www.discoveramari.gr\/wp-content\/uploads\/2023\/01\/IMG_6059-300x200.jpg\"><\/span><\/a>\n            <a href=\"https:\/\/www.discoveramari.gr\/fr\/poi\/drigies\/\" title=\"Drigies\"><div class=\"mytitle\">Drigies<\/div><\/a>\n          <\/div>\n\t\t          \n          <div class=\"mygrid\">\n            <a href=\"https:\/\/www.discoveramari.gr\/fr\/poi\/elenes\/\" title=\"Elenes\"><span class=\"myimage et_portfolio_image\"><img decoding=\"async\" src=\"https:\/\/www.discoveramari.gr\/wp-content\/uploads\/2022\/07\/IMG_3467-300x200.jpg\"><\/span><\/a>\n            <a href=\"https:\/\/www.discoveramari.gr\/fr\/poi\/elenes\/\" title=\"Elenes\"><div class=\"mytitle\">Elenes<\/div><\/a>\n          <\/div>\n\t\t          \n          <div class=\"mygrid\">\n            <a href=\"https:\/\/www.discoveramari.gr\/fr\/poi\/%cf%86%ce%bf%cf%85%cf%81%cf%86%ce%bf%cf%85%cf%81%ce%ac%cf%82\/\" title=\"Fourfouras\"><span class=\"myimage et_portfolio_image\"><img decoding=\"async\" src=\"https:\/\/www.discoveramari.gr\/wp-content\/uploads\/2022\/07\/IMG_2390-300x200.jpg\"><\/span><\/a>\n            <a href=\"https:\/\/www.discoveramari.gr\/fr\/poi\/%cf%86%ce%bf%cf%85%cf%81%cf%86%ce%bf%cf%85%cf%81%ce%ac%cf%82\/\" title=\"Fourfouras\"><div class=\"mytitle\">Fourfouras<\/div><\/a>\n          <\/div>\n\t\t\n\t\n\t\n\t<\/div>\n<\/div>\n  <\/div>\n<div class=\"row\">\n    \n <div class=\"form-inline\">\n<div class=\"form-group\">\nPage 1 sur 4\n<\/div>\n \n<div class=\"form-group form-middle form-last\">\n<span class=\"wpv-filter-previous-link page-link \">Pr\u00e9c\u00e9dente<\/span> <ul class=\"wpv-pagination-nav-links-container js-wpv-pagination-nav-links-container pagination\"><li class=\"wpv-pagination-nav-links-item js-wpv-pagination-nav-links-item page-item wpv-page-link-5411-CATTR2c3a4db47b8afb2d2badd8b42d9b5d9b-1 js-wpv-page-link-5411-CATTR2c3a4db47b8afb2d2badd8b42d9b5d9b-1 wpv_page_current wpv-pagination-nav-links-item-current active\"><span class=\"wpv-filter-pagination-link page-link\">1<\/span><\/li><li class=\"wpv-pagination-nav-links-item js-wpv-pagination-nav-links-item page-item wpv-page-link-5411-CATTR2c3a4db47b8afb2d2badd8b42d9b5d9b-2 js-wpv-page-link-5411-CATTR2c3a4db47b8afb2d2badd8b42d9b5d9b-2\"><a class=\"wpv-filter-pagination-link js-wpv-pagination-link page-link\" title=\"2\" href=\"\/fr\/wp-json\/wp\/v2\/pages\/23257?wpv_view_count=5411-CATTR2c3a4db47b8afb2d2badd8b42d9b5d9b&#038;wpv_paged=2\" data-viewnumber=\"5411-CATTR2c3a4db47b8afb2d2badd8b42d9b5d9b\" data-page=\"2\">2<\/a><\/li><li class=\"wpv-pagination-nav-links-item js-wpv-pagination-nav-links-item page-item wpv-page-link-5411-CATTR2c3a4db47b8afb2d2badd8b42d9b5d9b-3 js-wpv-page-link-5411-CATTR2c3a4db47b8afb2d2badd8b42d9b5d9b-3\"><a class=\"wpv-filter-pagination-link js-wpv-pagination-link page-link\" title=\"3\" href=\"\/fr\/wp-json\/wp\/v2\/pages\/23257?wpv_view_count=5411-CATTR2c3a4db47b8afb2d2badd8b42d9b5d9b&#038;wpv_paged=3\" data-viewnumber=\"5411-CATTR2c3a4db47b8afb2d2badd8b42d9b5d9b\" data-page=\"3\">3<\/a><\/li><li class=\"wpv-pagination-nav-links-item js-wpv-pagination-nav-links-item page-item wpv-page-link-5411-CATTR2c3a4db47b8afb2d2badd8b42d9b5d9b-4 js-wpv-page-link-5411-CATTR2c3a4db47b8afb2d2badd8b42d9b5d9b-4\"><a class=\"wpv-filter-pagination-link js-wpv-pagination-link page-link\" title=\"4\" href=\"\/fr\/wp-json\/wp\/v2\/pages\/23257?wpv_view_count=5411-CATTR2c3a4db47b8afb2d2badd8b42d9b5d9b&#038;wpv_paged=4\" data-viewnumber=\"5411-CATTR2c3a4db47b8afb2d2badd8b42d9b5d9b\" data-page=\"4\">4<\/a><\/li><\/ul> <a class=\"wpv-filter-next-link js-wpv-pagination-next-link page-link \"  href=\"\/fr\/wp-json\/wp\/v2\/pages\/23257?wpv_view_count=5411-CATTR2c3a4db47b8afb2d2badd8b42d9b5d9b&#038;wpv_paged=2\"\n\t\t\t\t\tdata-viewnumber=\"5411-CATTR2c3a4db47b8afb2d2badd8b42d9b5d9b\" data-page=\"2\">Suivante<\/a>\n<\/div> \n\n<\/div>\n\n \n<\/div>\n\n\n<p>[\/et_pb_text][\/et_pb_column][\/et_pb_row][\/et_pb_section]<\/p>\n","protected":false},"excerpt":{"rendered":"<p>Amari est sans aucun doute un joyau de la pr\u00e9fecture de Rethymno, un lieu avec une longue histoire et culture, dot\u00e9 en m\u00eame temps d&rsquo;une beaut\u00e9 naturelle in\u00e9gal\u00e9e. Construits sur les pentes des montagnes et dans la vall\u00e9e, les villages d&rsquo;Amari comptent plusieurs si\u00e8cles de vie et en fait leurs noms, \u00e0 quelques exceptions pr\u00e8s, [&hellip;]<\/p>\n","protected":false},"author":4,"featured_media":0,"parent":0,"menu_order":0,"comment_status":"open","ping_status":"closed","template":"","meta":{"_et_pb_use_builder":"on","_et_pb_old_content":"<p>\u0391\u03bd\u03b1\u03ba\u03b1\u03bb\u03cd\u03c8\u03c4\u03b5 \u03c4\u03bf \u0391\u03bc\u03ac\u03c1\u03b9<\/p>","_et_gb_content_width":"","footnotes":""},"class_list":["post-23257","page","type-page","status-publish","hentry"],"_links":{"self":[{"href":"https:\/\/www.discoveramari.gr\/fr\/wp-json\/wp\/v2\/pages\/23257","targetHints":{"allow":["GET"]}}],"collection":[{"href":"https:\/\/www.discoveramari.gr\/fr\/wp-json\/wp\/v2\/pages"}],"about":[{"href":"https:\/\/www.discoveramari.gr\/fr\/wp-json\/wp\/v2\/types\/page"}],"author":[{"embeddable":true,"href":"https:\/\/www.discoveramari.gr\/fr\/wp-json\/wp\/v2\/users\/4"}],"replies":[{"embeddable":true,"href":"https:\/\/www.discoveramari.gr\/fr\/wp-json\/wp\/v2\/comments?post=23257"}],"version-history":[{"count":6,"href":"https:\/\/www.discoveramari.gr\/fr\/wp-json\/wp\/v2\/pages\/23257\/revisions"}],"predecessor-version":[{"id":25461,"href":"https:\/\/www.discoveramari.gr\/fr\/wp-json\/wp\/v2\/pages\/23257\/revisions\/25461"}],"wp:attachment":[{"href":"https:\/\/www.discoveramari.gr\/fr\/wp-json\/wp\/v2\/media?parent=23257"}],"curies":[{"name":"wp","href":"https:\/\/api.w.org\/{rel}","templated":true}]}}