{"id":24470,"date":"2023-03-27T09:59:26","date_gmt":"2023-03-27T06:59:26","guid":{"rendered":"https:\/\/www.discoveramari.gr\/%cf%80%ce%b1%cf%81%ce%b1%ce%b4%ce%bf%cf%83%ce%b9%ce%b1%ce%ba%ce%ac-%ce%b5%ce%b4%ce%ad%cf%83%ce%bc%ce%b1%cf%84%ce%b1\/"},"modified":"2023-07-10T11:10:09","modified_gmt":"2023-07-10T08:10:09","slug":"plats-traditionnels","status":"publish","type":"page","link":"https:\/\/www.discoveramari.gr\/fr\/plats-traditionnels\/","title":{"rendered":"Plats traditionnels"},"content":{"rendered":"<p>[et_pb_section fb_built=\u00a0\u00bb1&Prime; _builder_version=\u00a0\u00bb4.20.2&Prime; _module_preset=\u00a0\u00bbdefault\u00a0\u00bb background_color=\u00a0\u00bb#d7dcc5&Prime; global_colors_info=\u00a0\u00bb{}\u00a0\u00bb][et_pb_row _builder_version=\u00a0\u00bb4.21.0&Prime; _module_preset=\u00a0\u00bbdefault\u00a0\u00bb background_color=\u00a0\u00bb#FFFFFF\u00a0\u00bb custom_padding=\u00a0\u00bb60px|60px|60px|60px|true|true\u00a0\u00bb global_colors_info=\u00a0\u00bb{}\u00a0\u00bb][et_pb_column type=\u00a0\u00bb4_4&Prime; _builder_version=\u00a0\u00bb4.21.0&Prime; _module_preset=\u00a0\u00bbdefault\u00a0\u00bb global_colors_info=\u00a0\u00bb{}\u00a0\u00bb][et_pb_post_title meta=\u00a0\u00bboff\u00a0\u00bb featured_image=\u00a0\u00bboff\u00a0\u00bb _builder_version=\u00a0\u00bb4.21.0&Prime; _module_preset=\u00a0\u00bbdefault\u00a0\u00bb title_font=\u00a0\u00bbsports_tourism_font||||||||\u00a0\u00bb global_colors_info=\u00a0\u00bb{}\u00a0\u00bb][\/et_pb_post_title][et_pb_text _builder_version=\u00a0\u00bb4.21.0&Prime; _module_preset=\u00a0\u00bbdefault\u00a0\u00bb global_colors_info=\u00a0\u00bb{}\u00a0\u00bb]<\/p>\n<p><strong>Antikristo<\/strong> : Peut-\u00eatre la fa\u00e7on la plus primitive et en m\u00eame temps la plus d\u00e9licieuse de griller de la viande. De gros morceaux de viande, g\u00e9n\u00e9ralement d&rsquo;agneau ou de ch\u00e8vre, sont attach\u00e9s \u00e0 des b\u00e2tons autour d&rsquo;un grand feu. La chair de la viande est brais\u00e9e pendant 4-5 heures avec juste la chaleur de la flamme.<\/p>\n<p><strong>Apaki<\/strong> : Filet de porc fum\u00e9 et tr\u00e8s tendre, consomm\u00e9 comme amuse-bouche ou transform\u00e9 en une belle omelette aux l\u00e9gumes verts.<\/p>\n<p><strong>Eptazima<\/strong> : Biscottes \u00e0 base d&rsquo;un type de levain fabriqu\u00e9 \u00e0 partir de poudre de pois chiches.<\/p>\n<p><strong>Kalitsounia<\/strong> : Tartes au mizithra sucr\u00e9 (fromage \u00e0 p\u00e2te molle) ou m\u00e9lang\u00e9 avec de l&rsquo;aigre. Elles ont donc parfois un go\u00fbt sucr\u00e9 et parfois acidul\u00e9. Leur forme peut ressembler \u00e0 une lampe, on les appelle donc <em>lychnarakia, <\/em>\u00e0 savoir petites lampes, ou avec un triangle (g\u00e9n\u00e9ralement ceux \u00e0 p\u00e2te lev\u00e9e) et ressemblent \u00e0 un foulard pli\u00e9.<\/p>\n<p><strong>Kefalotyri<\/strong> : Dur, fabriqu\u00e9 exclusivement avec du lait de brebis, au go\u00fbt extr\u00eamement \u00e9pic\u00e9. Si la maturation a eu lieu dans les fromageries rustiques, haut dans les montagnes, on parle alors de fromage \u00e0 trous.<\/p>\n<p><strong>Ntakos<\/strong> : Biscottes rondes d&rsquo;orge tremp\u00e9es et servies avec de l&rsquo;huile d&rsquo;olive, de la tomate r\u00e2p\u00e9e, de l&rsquo;origan et de la feta ou du xinomyzithra sur le dessus.<\/p>\n<p><strong>Mizithra ou anthotiro<\/strong> : C&rsquo;est un fromage tout blanc \u00e0 p\u00e2te molle et sucr\u00e9e avec suffisamment de mati\u00e8res grasses. Il est fabriqu\u00e9 \u00e0 partir de fromage de brebis ou de ch\u00e8vre ou d&rsquo;un m\u00e9lange des deux. Il se d\u00e9guste comme fromage de table ou servi avec du miel et des noix. Lorsqu&rsquo;il est sal\u00e9 \u00e0 l&rsquo;ext\u00e9rieur et laiss\u00e9 m\u00fbrir \u00e0 l&rsquo;air, il durcit, acquiert une saveur poivr\u00e9e et concentr\u00e9e et s&rsquo;appelle anthotiros. Une fois sec et durci, il est gratt\u00e9 sur des p\u00e2tes cuits dans un bouillon de viande.<\/p>\n<p><strong>Xinomizithra<\/strong> : C&rsquo;est un fromage \u00e0 p\u00e2te molle, au go\u00fbt plut\u00f4t aigre et \u00e0 la texture huileuse ou granuleuse, qui est principalement utilis\u00e9 dans la pr\u00e9paration des sp\u00e9cialit\u00e9s gastronomiques comme de <em>sarikopita<\/em> et de <em>kalitsouni<\/em>.<\/p>\n<p><strong>Xerotigana<\/strong> : Fines bandes de p\u00e2te qui s&rsquo;enroulent en forme de spirale pendant qu&rsquo;ils font frire dans beaucoup d&rsquo;huile d&rsquo;olive. Elles sont servies miell\u00e9es et saupoudr\u00e9es de graines de s\u00e9same.<\/p>\n<p><strong>Ofto<\/strong> : Viande d&rsquo;agneau d&rsquo;un an (<strong>agneau antenais<\/strong>) ou de ch\u00e8vre, qui, apr\u00e8s avoir \u00e9t\u00e9 bien sal\u00e9e, est cuite nature ou au-dessus des sarments de vigne dans des fours \u00e0 bois ferm\u00e9s.<\/p>\n<p><strong>Sarikopites<\/strong> : \u03a4artes frites en forme de spirale remplies de mizithra aigre et servies avec du miel. Elles tirent leur nom du foulard cr\u00e9tois typique appel\u00e9 <em>sariki<\/em>.<\/p>\n<p><strong>Tsakistes (olives)<\/strong>\u00a0: Olives vertes, non m\u00fbres, de taille moyenne, dont la chair est g\u00e9n\u00e9ralement broy\u00e9e avec un objet en pierre ou en m\u00e9tal.<\/p>\n<p><strong>Tsiladia<\/strong> : C&rsquo;est ce que nous savons tous comme aspic. Des morceaux de porc (t\u00eate et pieds) sont mijot\u00e9s en laissant un bouillon \u00e9pais comme de la gel\u00e9e. Ils sont assaisonn\u00e9s de cumin, de jus d&rsquo;orange, de feuilles de laurier et sont principalement consomm\u00e9s comme amuse-bouche de No\u00ebl.<\/p>\n<p><strong>Tirozouli<\/strong> : C&rsquo;est un petit fromage fait maison avec du lait de ch\u00e8vre comme mati\u00e8re premi\u00e8re. Il a une texture semi-dure et un go\u00fbt tr\u00e8s agr\u00e9able.<\/p>\n<p>[\/et_pb_text][\/et_pb_column][\/et_pb_row][\/et_pb_section]<\/p>\n","protected":false},"excerpt":{"rendered":"<p>Antikristo : Peut-\u00eatre la fa\u00e7on la plus primitive et en m\u00eame temps la plus d\u00e9licieuse de griller de la viande. De gros morceaux de viande, g\u00e9n\u00e9ralement d&rsquo;agneau ou de ch\u00e8vre, sont attach\u00e9s \u00e0 des b\u00e2tons autour d&rsquo;un grand feu. La chair de la viande est brais\u00e9e pendant 4-5 heures avec juste la chaleur de la [&hellip;]<\/p>\n","protected":false},"author":4,"featured_media":0,"parent":0,"menu_order":0,"comment_status":"closed","ping_status":"closed","template":"","meta":{"_et_pb_use_builder":"on","_et_pb_old_content":"","_et_gb_content_width":"","footnotes":""},"class_list":["post-24470","page","type-page","status-publish","hentry"],"_links":{"self":[{"href":"https:\/\/www.discoveramari.gr\/fr\/wp-json\/wp\/v2\/pages\/24470","targetHints":{"allow":["GET"]}}],"collection":[{"href":"https:\/\/www.discoveramari.gr\/fr\/wp-json\/wp\/v2\/pages"}],"about":[{"href":"https:\/\/www.discoveramari.gr\/fr\/wp-json\/wp\/v2\/types\/page"}],"author":[{"embeddable":true,"href":"https:\/\/www.discoveramari.gr\/fr\/wp-json\/wp\/v2\/users\/4"}],"replies":[{"embeddable":true,"href":"https:\/\/www.discoveramari.gr\/fr\/wp-json\/wp\/v2\/comments?post=24470"}],"version-history":[{"count":5,"href":"https:\/\/www.discoveramari.gr\/fr\/wp-json\/wp\/v2\/pages\/24470\/revisions"}],"predecessor-version":[{"id":25509,"href":"https:\/\/www.discoveramari.gr\/fr\/wp-json\/wp\/v2\/pages\/24470\/revisions\/25509"}],"wp:attachment":[{"href":"https:\/\/www.discoveramari.gr\/fr\/wp-json\/wp\/v2\/media?parent=24470"}],"curies":[{"name":"wp","href":"https:\/\/api.w.org\/{rel}","templated":true}]}}