{"id":24791,"date":"2022-07-22T13:43:11","date_gmt":"2022-07-22T11:43:11","guid":{"rendered":"https:\/\/www.discoveramari.gr\/%ce%b1%ce%bc%ce%b1%cf%81%ce%b9%cf%8e%cf%84%ce%b9%ce%ba%ce%b1-%cf%80%cf%81%ce%bf%cf%8a%cf%8c%ce%bd%cf%84%ce%b1\/"},"modified":"2023-07-10T11:01:42","modified_gmt":"2023-07-10T08:01:42","slug":"produits-damari","status":"publish","type":"page","link":"https:\/\/www.discoveramari.gr\/fr\/produits-damari\/","title":{"rendered":"Produits d&rsquo;Amari"},"content":{"rendered":"<p>[et_pb_section fb_built=\u00a0\u00bb1&Prime; admin_label=\u00a0\u00bbsection\u00a0\u00bb _builder_version=\u00a0\u00bb4.21.0&Prime; background_color=\u00a0\u00bb#d7dcc5&Prime; custom_padding=\u00a0\u00bb20px|20px|20px|20px|false|false\u00a0\u00bb global_colors_info=\u00a0\u00bb{}\u00a0\u00bb][et_pb_row _builder_version=\u00a0\u00bb4.21.0&Prime; _module_preset=\u00a0\u00bbdefault\u00a0\u00bb background_color=\u00a0\u00bb#FFFFFF\u00a0\u00bb custom_padding=\u00a0\u00bb60px|60px|60px|60px|true|true\u00a0\u00bb global_colors_info=\u00a0\u00bb{}\u00a0\u00bb][et_pb_column type=\u00a0\u00bb4_4&Prime; _builder_version=\u00a0\u00bb4.21.0&Prime; _module_preset=\u00a0\u00bbdefault\u00a0\u00bb global_colors_info=\u00a0\u00bb{}\u00a0\u00bb][et_pb_post_title meta=\u00a0\u00bboff\u00a0\u00bb featured_image=\u00a0\u00bboff\u00a0\u00bb _builder_version=\u00a0\u00bb4.21.0&Prime; _module_preset=\u00a0\u00bbdefault\u00a0\u00bb title_font=\u00a0\u00bbsports_tourism_font||||||||\u00a0\u00bb hover_enabled=\u00a0\u00bb0&Prime; global_colors_info=\u00a0\u00bb{}\u00a0\u00bb sticky_enabled=\u00a0\u00bb0&Prime;][\/et_pb_post_title][et_pb_accordion _builder_version=\u00a0\u00bb4.21.0&Prime; _module_preset=\u00a0\u00bbdefault\u00a0\u00bb global_colors_info=\u00a0\u00bb{}\u00a0\u00bb][et_pb_accordion_item title=\u00a0\u00bbHuile d&rsquo;olive\u00a0\u00bb open=\u00a0\u00bbon\u00a0\u00bb _builder_version=\u00a0\u00bb4.21.0&Prime; _module_preset=\u00a0\u00bbdefault\u00a0\u00bb global_colors_info=\u00a0\u00bb{}\u00a0\u00bb]<\/p>\n<p style=\"text-align: justify;\"><img loading=\"lazy\" decoding=\"async\" class=\"wp-image-24748  alignleft\" src=\"https:\/\/www.discoveramari.gr\/wp-content\/uploads\/2023\/06\/close-up-organic-olive-oil-olives.jpg\" alt=\"\" width=\"195\" height=\"293\" srcset=\"https:\/\/www.discoveramari.gr\/wp-content\/uploads\/2023\/06\/close-up-organic-olive-oil-olives.jpg 480w, https:\/\/www.discoveramari.gr\/wp-content\/uploads\/2023\/06\/close-up-organic-olive-oil-olives-200x300.jpg 200w\" sizes=\"(max-width: 195px) 100vw, 195px\" \/><\/p>\n<p>L&rsquo;\u00eele de Cr\u00e8te est envahie d&rsquo;oliviers, qui couvrent la majeure partie de sa surface cultiv\u00e9e. En particulier, la r\u00e9gion d&rsquo;Amari est particuli\u00e8rement connue pour sa vaste oliveraie, qui r\u00e9pond pleinement aux besoins de la population locale des zones environnantes et au-del\u00e0. La culture de l&rsquo;olivier, comme on le sait aujourd&rsquo;hui, remonte \u00e0 l&rsquo;\u00e8re n\u00e9olithique (7000 &#8211; 3500 avant JC) et depuis lors il fait partie des aliments de base des Cr\u00e9tois.<\/p>\n<p style=\"text-align: justify;\">L&rsquo;huile d&rsquo;olive cr\u00e9toise est de haute qualit\u00e9 car environ 90% de la production est constitu\u00e9e de jus d&rsquo;olive naturel obtenu par de simples m\u00e9thodes naturelles ou m\u00e9caniques, sans traitement chimique. Ainsi, l&rsquo;huile d&rsquo;olive pr\u00e9serve ses substances antioxydantes, qui sont aujourd&rsquo;hui cens\u00e9es pr\u00e9venir les dommages oxydatifs qui conduisent \u00e0 l&rsquo;ath\u00e9roscl\u00e9rose, \u00e0 diverses formes de cancer, \u00e0 un certain nombre de maladies d\u00e9g\u00e9n\u00e9ratives et \u00e0 la d\u00e9mence.<\/p>\n<p>[\/et_pb_accordion_item][et_pb_accordion_item title=\u00a0\u00bbOlive de table\u00a0\u00bb _builder_version=\u00a0\u00bb4.21.0&Prime; _module_preset=\u00a0\u00bbdefault\u00a0\u00bb global_colors_info=\u00a0\u00bb{}\u00a0\u00bb open=\u00a0\u00bboff\u00a0\u00bb]<\/p>\n<p><img loading=\"lazy\" decoding=\"async\" class=\"alignleft wp-image-24736\" src=\"https:\/\/www.discoveramari.gr\/wp-content\/uploads\/2023\/06\/black-brown-olives-clay-bowls-with-olive-tree-branch-leaves-top-view-white-wood.jpg\" alt=\"\" width=\"424\" height=\"338\" \/><\/p>\n<p style=\"text-align: justify;\">\u03a4\u03bf \u03b4\u03ad\u03bd\u03c4\u03c1\u03bf \u03c4\u03b7\u03c2 \u03b5\u03bb\u03b9\u03ac\u03c2 \u03ba\u03b1\u03c4\u03ad\u03c7\u03b5\u03b9 \u03c3\u03b7\u03bc\u03b1\u03bd\u03c4\u03b9\u03ba\u03ae \u03b8\u03ad\u03c3\u03b7 \u03b3\u03b9\u03b1 \u03c4\u03b7\u03bd \u03bf\u03b9\u03ba\u03bf\u03bd\u03bf\u03bc\u03af\u03b1 \u03c4\u03b7\u03c2 \u039a<\/p>\n<p>L&rsquo;olivier occupe une place importante dans l&rsquo;\u00e9conomie de la Cr\u00e8te depuis les ann\u00e9es de la civilisation minoenne. Les plus anciennes olives de table du monde, vieilles de 3 500 ans, ont \u00e9t\u00e9 trouv\u00e9es dans un puits \u00e0 Zakros. En fait, on pense que le long et difficile processus de domestication de ces arbres sauvages et de leur culture a commenc\u00e9 sur l&rsquo;\u00eele de Cr\u00e8te.<\/p>\n<p>En Cr\u00e8te, il existe trois vari\u00e9t\u00e9s d&rsquo;olives \u00e9tablies. Chacune d&rsquo;elles diff\u00e8re par son go\u00fbt, ses calories et ses nutriments. Les diff\u00e9rences dans les nutriments concernent principalement les quantit\u00e9s et l&rsquo;action des antioxydants. C&rsquo;est ainsi que \u00ab\u00a0Koroneiki\u00a0\u00bb ou \u00ab\u00a0Psilolia\u00a0\u00bb, qui est la vari\u00e9t\u00e9 la plus c\u00e9l\u00e8bre d&rsquo;olive de haute qualit\u00e9, appara\u00eet en Cr\u00e8te. Elle est de petite taille et m\u00fbrit d&rsquo;octobre \u00e0 d\u00e9cembre. La vari\u00e9t\u00e9 \u00ab\u00a0Chondrolia\u00a0\u00bb ou \u00ab\u00a0Throumpolia\u00a0\u00bb est largement cultiv\u00e9 en Gr\u00e8ce et la teneur en huile de son fruit atteint 28%. Dans des villages sp\u00e9cifiques d&rsquo;Amari, on trouve les \u00ab\u00a0Stafidolies\u00a0\u00bb ou \u00ab\u00a0Psarolies\u00a0\u00bb bien connues, qui proviennent de la vari\u00e9t\u00e9 \u00ab\u00a0Chondrolia\u00a0\u00bb et sont uniques en raison du fait que le d\u00e9sam\u00e9risation du fruit se fait par des processus compl\u00e8tement naturels sur l\u2019arbre. Lors du traitement de cette olive particuli\u00e8re, du gros sel est utilis\u00e9, \u00e0 la fin duquel le fruit acquiert un aspect de raisin sec, tandis que sa conservation est assur\u00e9e dans la saumure. Le produit final est un fruit doux aux caract\u00e9ristiques gustatives fortes, pour lequel l&rsquo;appellation d&rsquo;origine prot\u00e9g\u00e9e d\u2019olive de table a \u00e9t\u00e9 reconnue sous le nom \u00ab\u00a0Throumpa de Ambadia &#8211; R\u00e9thymnon\u00a0\u00bb<\/p>\n<p style=\"text-align: justify;\">Enfin, Tsounati ou Mouratolia fleurit de fin avril \u00e0 fin mai et produit une huile d&rsquo;olive d&rsquo;excellente qualit\u00e9.<\/p>\n<p>[\/et_pb_accordion_item][et_pb_accordion_item title=\u00a0\u00bbVin\u00a0\u00bb _builder_version=\u00a0\u00bb4.21.0&Prime; _module_preset=\u00a0\u00bbdefault\u00a0\u00bb global_colors_info=\u00a0\u00bb{}\u00a0\u00bb open=\u00a0\u00bboff\u00a0\u00bb]<\/p>\n<p style=\"text-align: justify;\"><img loading=\"lazy\" decoding=\"async\" class=\"wp-image-24764  alignleft\" src=\"https:\/\/www.discoveramari.gr\/wp-content\/uploads\/2023\/06\/still-life-wine-carafe-table-1024x684.jpg\" alt=\"\" width=\"423\" height=\"282\" \/>En Cr\u00e8te, la culture de la vigne et la production de vin ont lieu depuis des milliers d&rsquo;ann\u00e9es. La qualit\u00e9 des vins cr\u00e9tois est en hausse. Au cours des derni\u00e8res d\u00e9cennies, les vignerons ont produit des vins d&rsquo;excellente qualit\u00e9, ayant dans leur carquois la connaissance, l&rsquo;exp\u00e9rience et aussi un lieu b\u00e9ni avec la diversit\u00e9 du relief g\u00e9ographique et le climat b\u00e9n\u00e9fique pour la culture des vari\u00e9t\u00e9s indig\u00e8nes.<\/p>\n<p>La vari\u00e9t\u00e9 la plus populaire trouv\u00e9e dans les montagnes d&rsquo;Amari, dans le Psiloritis occidental, est le Vidiano. Elle produit des vins blancs \u00e0 forte personnalit\u00e9. Ar\u00f4mes distincts rappelant la p\u00eache m\u00fbre et l&rsquo;abricot, avec des notes d&rsquo;herbes aromatiques et un long arri\u00e8re-go\u00fbt gras. Ce vin porte l&rsquo;appellation IGP (Indication G\u00e9ographique Prot\u00e9g\u00e9e) de R\u00e9thymnon comme d&rsquo;autres vins issus de c\u00e9pages indig\u00e8nes (Vilana, Moschato Spinas, Thrapsathiri, Liatiko).<\/p>\n<p>Dans la production de vins rouges et ros\u00e9s, le c\u00e9page rouge Liatiko domine. C&rsquo;est un c\u00e9page ancien qui trouve son origine au IIIe si\u00e8cle avant JC et le c\u00e9page rouge le plus cultiv\u00e9 de l&rsquo;\u00eele. Il produit des vins rouges de couleur claire avec un caract\u00e8re fruit\u00e9 intense principalement de fruits rouges et noirs.<\/p>\n<p>Il convient \u00e9galement de mentionner le c\u00e9page extr\u00eamement rare Melissaki, qui se trouve \u00e9galement \u00e0 Amari, en Cr\u00e8te et produit un vin blanc avec un ar\u00f4me de miel, d&rsquo;agrumes doux et un arri\u00e8re-go\u00fbt \u00e9pic\u00e9.<\/p>\n<p>En plus des plantations de c\u00e9pages indig\u00e8nes en Cr\u00e8te, il existe \u00e9galement des c\u00e9pages internationaux tels que le Sauvignon Blanc, le Chardonnay, le Cabernet Sauvignon et la Syrah, etc. mais aussi l&rsquo;Assyrtiko, un c\u00e9page indig\u00e8ne de Santorin.<\/p>\n<p>[\/et_pb_accordion_item][et_pb_accordion_item title=\u00a0\u00bbMiel\u00a0\u00bb _builder_version=\u00a0\u00bb4.21.0&Prime; _module_preset=\u00a0\u00bbdefault\u00a0\u00bb global_colors_info=\u00a0\u00bb{}\u00a0\u00bb open=\u00a0\u00bboff\u00a0\u00bb]<\/p>\n<p style=\"text-align: justify;\"><img loading=\"lazy\" decoding=\"async\" class=\"wp-image-24760  alignleft\" src=\"https:\/\/www.discoveramari.gr\/wp-content\/uploads\/2023\/06\/high-angle-wooden-honey-dipper-jar-honey.jpg\" alt=\"\" width=\"288\" height=\"432\" srcset=\"https:\/\/www.discoveramari.gr\/wp-content\/uploads\/2023\/06\/high-angle-wooden-honey-dipper-jar-honey.jpg 480w, https:\/\/www.discoveramari.gr\/wp-content\/uploads\/2023\/06\/high-angle-wooden-honey-dipper-jar-honey-200x300.jpg 200w\" sizes=\"(max-width: 288px) 100vw, 288px\" \/>En Cr\u00e8te et plus particuli\u00e8rement \u00e0 Amari de R\u00e9thymnon, les producteurs locaux produisent un miel biologique d&rsquo;excellente qualit\u00e9. Le go\u00fbt particulier et la qualit\u00e9 du miel sont principalement dus aux caract\u00e9ristiques g\u00e9omorphologiques de l&rsquo;\u00eele, \u00e0 la flore et \u00e0 la faune end\u00e9miques et \u00e0 l&rsquo;absence de culture intensive.<\/p>\n<p style=\"text-align: justify;\">Le miel est un produit pr\u00e9cieux avec une activit\u00e9 antioxydante, riche en vitamines, acides amin\u00e9s et nutriments. Le miel produit \u00e0 Amari de R\u00e9thymnon a un ar\u00f4me fort, une couleur dor\u00e9e et un go\u00fbt unique. Bien que les quantit\u00e9s soient limit\u00e9es et toujours proportionnelles au nombre de ruches exploit\u00e9es par les apiculteurs locaux ainsi qu&rsquo;aux conditions climatiques, le chemin de la ruche au conditionnement se fait dans le respect du produit, sans aucune alt\u00e9ration et toujours en respectant les r\u00e8gles d\u2019hygi\u00e8ne. En d&rsquo;autres termes, il s&rsquo;agit d&rsquo;un produit naturel pur, non transform\u00e9 et de haute qualit\u00e9, avec des \u00e9l\u00e9ments nutritionnels uniques de la terre cr\u00e9toise.<\/p>\n<p>[\/et_pb_accordion_item][et_pb_accordion_item title=\u00a0\u00bbCaroube\u00a0\u00bb _builder_version=\u00a0\u00bb4.21.0&Prime; _module_preset=\u00a0\u00bbdefault\u00a0\u00bb global_colors_info=\u00a0\u00bb{}\u00a0\u00bb open=\u00a0\u00bboff\u00a0\u00bb]<\/p>\n<p style=\"text-align: justify;\"><img loading=\"lazy\" decoding=\"async\" class=\"wp-image-24740  alignleft\" src=\"https:\/\/www.discoveramari.gr\/wp-content\/uploads\/2023\/06\/carob-tree-pods-wooden-table-top-view-closeup-healthy-organic-sweet-carob-pods-1024x683.jpg\" alt=\"\" width=\"414\" height=\"276\" \/>\u0397Le caroubier est l&rsquo;un des arbres les plus r\u00e9pandus en Cr\u00e8te. On le trouve \u00e9galement dans les villages d&rsquo;Amari, jusque sur les trottoirs, offrant leur ombrage dense. Leur nom est d\u00fb \u00e0 la forme de leur fruit, la caroube, qui ressemble \u00e0 une corne de bois (xylokerato). C&rsquo;est un arbre \u00e0 feuilles persistantes qui peut atteindre une hauteur de 18m. et l&rsquo;\u00e2ge de 100 ans, alors que ses feuilles sont rondes, dures et denses. Autrefois, les habitants de Cr\u00e8te mangeaient des caroubes comme dessert, alors que c&rsquo;est encore un substitut sain au chocolat. De plus, faire bouillir les caroubes produit du miel de caroube, un extrait, qui est utilis\u00e9 comme \u00e9dulcorant principal. D&rsquo;autres les cuisent, les broient et m\u00e9langent leur poudre avec de la farine pour faire du pain. Dans la m\u00e9decine traditionnelle, il est utilis\u00e9 en d\u00e9coction pour ceux qui souffrent de bronchite ou de coqueluche, tandis que d&rsquo;autres le font bouillir avec des figues et des raisins secs et le boivent comme m\u00e9dicament antitussif. Enfin, une substance collante (gomme) est extraite des graines de caroube, qui est utilis\u00e9e dans l&rsquo;industrie du papier, ainsi que comme fixateur dans divers aliments.<\/p>\n<p>[\/et_pb_accordion_item][et_pb_accordion_item title=\u00a0\u00bbCerises (Gerakari)\u00a0\u00bb _builder_version=\u00a0\u00bb4.21.0&Prime; _module_preset=\u00a0\u00bbdefault\u00a0\u00bb global_colors_info=\u00a0\u00bb{}\u00a0\u00bb open=\u00a0\u00bboff\u00a0\u00bb]<\/p>\n<p style=\"text-align: justify;\"><img loading=\"lazy\" decoding=\"async\" class=\"wp-image-24756  alignleft\" src=\"https:\/\/www.discoveramari.gr\/wp-content\/uploads\/2023\/06\/DSC_5422-1024x556.jpg\" alt=\"\" width=\"317\" height=\"172\" \/>Le village de Gerakari est situ\u00e9 dans la vall\u00e9e d&rsquo;Amari et est l&rsquo;un des villages les plus productifs d&rsquo;Amari. Ses habitants pratiquent principalement l&rsquo;arboriculture. Ils produisent les fameuses cerises de Gerakari, qui sont en fait le principal produit de la r\u00e9gion. Elles sont particuli\u00e8rement parfum\u00e9es et sucr\u00e9es avec un go\u00fbt incomparable. Surtout pendant la p\u00e9riode de mai o\u00f9 les arbres regorgent de cerises, les habitants d&rsquo;Amari les incluent dans leur alimentation m\u00eame dans leurs activit\u00e9s les plus quotidiennes, comme boire du raki ou jouer au backgammon, en d\u00e9gustant les cerises d\u00e9licieuses et croquantes. \u00c0 partir des cerises pourpres et rondes de Gerakari, en Cr\u00e8te, d&rsquo;excellents confis de fruits et de boissons rafra\u00eechissantes sont pr\u00e9par\u00e9s.<\/p>\n<p>[\/et_pb_accordion_item][et_pb_accordion_item title=\u00a0\u00bbPlantes et herbes aromatiques (en Psiloritis)\u00a0\u00bb _builder_version=\u00a0\u00bb4.21.0&Prime; _module_preset=\u00a0\u00bbdefault\u00a0\u00bb global_colors_info=\u00a0\u00bb{}\u00a0\u00bb open=\u00a0\u00bboff\u00a0\u00bb]<\/p>\n<p style=\"text-align: justify;\"><img loading=\"lazy\" decoding=\"async\" class=\"wp-image-24752  alignleft\" src=\"https:\/\/www.discoveramari.gr\/wp-content\/uploads\/2023\/06\/diktamo.jpg\" alt=\"\" width=\"426\" height=\"213\" \/><\/p>\n<p>Les plantes aromatiques sont une grande tradition en Cr\u00e8te. Des \u00e9tudes botaniques r\u00e9v\u00e8lent que l&rsquo;\u00eele poss\u00e8de l&rsquo;un des \u00e9cosyst\u00e8mes les plus riches et les plus int\u00e9ressants d&rsquo;Europe. Une plante embl\u00e9matique, originaire uniquement de Cr\u00e8te, est le Dictame (origanum diktamus L.) connue depuis l&rsquo;Antiquit\u00e9 pour ses propri\u00e9t\u00e9s antiseptiques. De plus, c&rsquo;est un excellent m\u00e9dicament contre le rhume et la toux. Herbe end\u00e9mique embl\u00e9matique de la Cr\u00e8te, c&rsquo;est aussi le th\u00e9 de montagne ou <em>malotiras<\/em> (siderites syrioca), qui pousse \u00e0 Psiloritis et dans les Montagnes Blanches, \u00e0 une altitude de 900 \u00e0 2000 m. C&rsquo;est une herbe tonique et elle est consid\u00e9r\u00e9e comme excellente contre les rhumes, les bronchites et tous maladies respiratoires, et aussi excellente pour la digestion. Ainsi, sur l&rsquo;\u00eele de Cr\u00e8te, il existe une multitude d&rsquo;herbes aux excellentes propri\u00e9t\u00e9s curatives. Elles poussent dans les montagnes escarp\u00e9es de l&rsquo;\u00eele et sont collect\u00e9es par des collecteurs exp\u00e9riment\u00e9s pour \u00eatre naturellement s\u00e9ch\u00e9es et transport\u00e9es vers les installations de conditionnement modernes, sans aucun traitement chimique ou autre.<\/p>\n<p>[\/et_pb_accordion_item][et_pb_accordion_item title=\u00a0\u00bbFromagerie Traditionnelle\u00a0\u00bb _builder_version=\u00a0\u00bb4.21.0&Prime; _module_preset=\u00a0\u00bbdefault\u00a0\u00bb global_colors_info=\u00a0\u00bb{}\u00a0\u00bb open=\u00a0\u00bboff\u00a0\u00bb]<\/p>\n<p style=\"text-align: justify;\"><img loading=\"lazy\" decoding=\"async\" class=\"wp-image-24744  alignleft\" src=\"https:\/\/www.discoveramari.gr\/wp-content\/uploads\/2023\/06\/cheese-wood-1024x683.jpg\" alt=\"\" width=\"470\" height=\"313\" \/>Amari est particuli\u00e8rement connue pour ses produits fromagers de haute qualit\u00e9. De petites unit\u00e9s familiales avec de nombreuses ann\u00e9es d&rsquo;exp\u00e9rience dans le domaine de la fabrication du fromage, coop\u00e8rent avec des \u00e9leveurs s\u00e9lectionn\u00e9s et locaux qui \u00e9l\u00e8vent les ch\u00e8vres et les moutons avec d\u2019amour et de soin particuliers, produisant une vari\u00e9t\u00e9 de fromages d&rsquo;excellente qualit\u00e9 et respectant les proc\u00e9dures sanitaires requises pour la collecte des mati\u00e8res premi\u00e8res. Le lait de ch\u00e8vre et de brebis est collect\u00e9 quotidiennement par les producteurs et sa qualit\u00e9 est contr\u00f4l\u00e9e. Il est ensuite transf\u00e9r\u00e9 dans les cuves de stockage et de mont\u00e9e en temp\u00e9rature rapide. Ensuite, la fabrication de chaque produit est effectu\u00e9e, qui sont plac\u00e9s dans le moule appropri\u00e9, puis transf\u00e9r\u00e9s dans un espace configur\u00e9 de mani\u00e8re appropri\u00e9e avec les conditions de temp\u00e9rature prescrites pour m\u00fbrir. Les conditions d&rsquo;affinage de chaque lot sont syst\u00e9matiquement contr\u00f4l\u00e9es gr\u00e2ce aux syst\u00e8mes m\u00e9caniques install\u00e9s. Une fois jug\u00e9 pr\u00eat et sa qualit\u00e9 v\u00e9rifi\u00e9e, le produit final est conditionn\u00e9 et distribu\u00e9 aux points de vente et aux entreprises partenaires. Particuli\u00e8rement connus pour leur qualit\u00e9, qui ont \u00e9t\u00e9 d\u00e9sign\u00e9s comme AOP (produit avec une appellation d&rsquo;origine prot\u00e9g\u00e9e) et proviennent d&rsquo;Amari, en Cr\u00e8te, sont le Graviera cr\u00e9tois, m\u00fbri naturellement d&rsquo;au moins 3 mois avec son go\u00fbt extr\u00eamement riche, et le Xinomyzithra avec sa texture granuleuse et son go\u00fbt agr\u00e9ablement acidul\u00e9, qui devient sucr\u00e9 \u00e0 la cuisson.<\/p>\n<p>[\/et_pb_accordion_item][\/et_pb_accordion][\/et_pb_column][\/et_pb_row][\/et_pb_section]<\/p>\n","protected":false},"excerpt":{"rendered":"<p>L&rsquo;\u00eele de Cr\u00e8te est envahie d&rsquo;oliviers, qui couvrent la majeure partie de sa surface cultiv\u00e9e. En particulier, la r\u00e9gion d&rsquo;Amari est particuli\u00e8rement connue pour sa vaste oliveraie, qui r\u00e9pond pleinement aux besoins de la population locale des zones environnantes et au-del\u00e0. La culture de l&rsquo;olivier, comme on le sait aujourd&rsquo;hui, remonte \u00e0 l&rsquo;\u00e8re n\u00e9olithique (7000 [&hellip;]<\/p>\n","protected":false},"author":4,"featured_media":0,"parent":0,"menu_order":0,"comment_status":"closed","ping_status":"closed","template":"","meta":{"_et_pb_use_builder":"on","_et_pb_old_content":"","_et_gb_content_width":"","footnotes":""},"class_list":["post-24791","page","type-page","status-publish","hentry"],"_links":{"self":[{"href":"https:\/\/www.discoveramari.gr\/fr\/wp-json\/wp\/v2\/pages\/24791","targetHints":{"allow":["GET"]}}],"collection":[{"href":"https:\/\/www.discoveramari.gr\/fr\/wp-json\/wp\/v2\/pages"}],"about":[{"href":"https:\/\/www.discoveramari.gr\/fr\/wp-json\/wp\/v2\/types\/page"}],"author":[{"embeddable":true,"href":"https:\/\/www.discoveramari.gr\/fr\/wp-json\/wp\/v2\/users\/4"}],"replies":[{"embeddable":true,"href":"https:\/\/www.discoveramari.gr\/fr\/wp-json\/wp\/v2\/comments?post=24791"}],"version-history":[{"count":9,"href":"https:\/\/www.discoveramari.gr\/fr\/wp-json\/wp\/v2\/pages\/24791\/revisions"}],"predecessor-version":[{"id":25501,"href":"https:\/\/www.discoveramari.gr\/fr\/wp-json\/wp\/v2\/pages\/24791\/revisions\/25501"}],"wp:attachment":[{"href":"https:\/\/www.discoveramari.gr\/fr\/wp-json\/wp\/v2\/media?parent=24791"}],"curies":[{"name":"wp","href":"https:\/\/api.w.org\/{rel}","templated":true}]}}