{"id":25037,"date":"2023-02-21T16:02:54","date_gmt":"2023-02-21T13:02:54","guid":{"rendered":"https:\/\/www.discoveramari.gr\/%ce%b4%ce%ae%ce%bc%ce%bf%cf%82-%ce%b1%ce%bc%ce%b1%cf%81%ce%af%ce%bf%cf%85\/"},"modified":"2023-07-10T11:24:44","modified_gmt":"2023-07-10T08:24:44","slug":"municipalite-damari","status":"publish","type":"page","link":"https:\/\/www.discoveramari.gr\/fr\/municipalite-damari\/","title":{"rendered":"Municipalit\u00e9 d&rsquo;Amari"},"content":{"rendered":"<p>[et_pb_section fb_built=\u00a0\u00bb1&Prime; _builder_version=\u00a0\u00bb4.21.0&Prime; _module_preset=\u00a0\u00bbdefault\u00a0\u00bb background_color=\u00a0\u00bb#d7dcc5&Prime; global_colors_info=\u00a0\u00bb{}\u00a0\u00bb][et_pb_row _builder_version=\u00a0\u00bb4.21.0&Prime; _module_preset=\u00a0\u00bbdefault\u00a0\u00bb background_color=\u00a0\u00bb#FFFFFF\u00a0\u00bb custom_padding=\u00a0\u00bb60px|60px|60px|60px|true|true\u00a0\u00bb global_colors_info=\u00a0\u00bb{}\u00a0\u00bb][et_pb_column type=\u00a0\u00bb4_4&Prime; _builder_version=\u00a0\u00bb4.20.0&Prime; _module_preset=\u00a0\u00bbdefault\u00a0\u00bb global_colors_info=\u00a0\u00bb{}\u00a0\u00bb][et_pb_post_title meta=\u00a0\u00bboff\u00a0\u00bb featured_image=\u00a0\u00bboff\u00a0\u00bb _builder_version=\u00a0\u00bb4.21.0&Prime; _module_preset=\u00a0\u00bbdefault\u00a0\u00bb title_font=\u00a0\u00bbsports_tourism_font||||||||\u00a0\u00bb hover_enabled=\u00a0\u00bb0&Prime; global_colors_info=\u00a0\u00bb{}\u00a0\u00bb sticky_enabled=\u00a0\u00bb0&Prime;][\/et_pb_post_title][et_pb_text _builder_version=\u00a0\u00bb4.21.0&Prime; _module_preset=\u00a0\u00bbdefault\u00a0\u00bb global_colors_info=\u00a0\u00bb{}\u00a0\u00bb]<\/p>\n<p><img loading=\"lazy\" decoding=\"async\" class=\"wp-image-22491 alignleft \" src=\"https:\/\/www.discoveramari.gr\/wp-content\/uploads\/2023\/05\/logof4english-300x123.jpg\" alt=\"\" width=\"251\" height=\"103\" \/><\/p>\n<p style=\"text-align: left;\">Elle appartient \u00e0 la r\u00e9gion de Cr\u00e8te et rel\u00e8ve administrativement de l&rsquo;unit\u00e9 r\u00e9gionale de R\u00e9thymnon. Elle a \u00e9t\u00e9 cr\u00e9\u00e9e le 1er janvier 2011, avec la loi 3852\/2010 sur l&rsquo;architecture de l&rsquo;autonomie et de l&rsquo;administration d\u00e9centralis\u00e9e &#8211; Projet Kallikratis\u00a0\u00bb et r\u00e9sulte de la fusion des municipalit\u00e9s pr\u00e9existantes de Syvritos et de Kourites. Elle s&rsquo;\u00e9tend au centre de la pr\u00e9fecture de R\u00e9thymnon, occupant une superficie de 278.85 kilom\u00e8tres carr\u00e9s et borde au nord avec les municipalit\u00e9s de R\u00e9thymnon et de Mylopotamos, tandis qu&rsquo;au sud avec les municipalit\u00e9s de Faistos et d\u2019Agios Vassilios. Le si\u00e8ge de la municipalit\u00e9 est Agia Fotini, tandis que le si\u00e8ge historique est Fourfouras. Selon les donn\u00e9es du dernier recensement de l\u2019autorit\u00e9 statistique grecque ELSTAT (2021), la population permanente d&rsquo;Amari s&rsquo;\u00e9l\u00e8ve \u00e0 5 607 r\u00e9sidents permanents.<\/p>\n<p>[\/et_pb_text][et_pb_text admin_label=\u00a0\u00bb\u03a0\u03c9\u03c2 \u03b8\u03b1 \u03c6\u03c4\u03ac\u03c3\u03b5\u03c4\u03b5 \u03c3\u03c4\u03bf \u0391\u03bc\u03ac\u03c1\u03b9\u00a0\u00bb _builder_version=\u00a0\u00bb4.21.0&Prime; _module_preset=\u00a0\u00bbdefault\u00a0\u00bb global_colors_info=\u00a0\u00bb{}\u00a0\u00bb]<\/p>\n<h2>Comment se rendre \u00e0 Amari<\/h2>\n<p>[\/et_pb_text][et_pb_text _builder_version=\u00a0\u00bb4.21.0&Prime; _module_preset=\u00a0\u00bbdefault\u00a0\u00bb global_colors_info=\u00a0\u00bb{}\u00a0\u00bb]<\/p>\n<p>La municipalit\u00e9 d&rsquo;Amari est \u00e0 environ 35 km au sud de la ville de R\u00e9thymnon et est situ\u00e9e \u00e0 la fronti\u00e8re avec l&rsquo;unit\u00e9 r\u00e9gionale d&rsquo;H\u00e9raklion. Elle est bord\u00e9e au nord par les municipalit\u00e9s de R\u00e9thymnon et de Mylopotamos, tandis qu&rsquo;au sud par les municipalit\u00e9s de Faistos et d\u2019Agios Vassilios.<\/p>\n<p>Vous pouvez venir dans les villages d&rsquo;Amari avec une voiture priv\u00e9e, sinon vous avez la possibilit\u00e9 de prendre l\u2019autobus interurbain (KTEL), car il existe des routes directes depuis la ville de R\u00e9thymnon.<\/p>\n<p style=\"text-align: left;\">.<\/p>\n<p>[\/et_pb_text][et_pb_text admin_label=\u00a0\u00bb\u03a7\u03c1\u03ae\u03c3\u03b9\u03bc\u03b1 \u03a4\u03b7\u03bb\u03ad\u03c6\u03c9\u03bd\u03b1\u00a0\u00bb _builder_version=\u00a0\u00bb4.21.0&Prime; _module_preset=\u00a0\u00bbdefault\u00a0\u00bb global_colors_info=\u00a0\u00bb{}\u00a0\u00bb]<\/p>\n<h2>Num\u00e9ros de t\u00e9l\u00e9phone utiles<\/h2>\n<p>[\/et_pb_text][et_pb_text _builder_version=\u00a0\u00bb4.21.0&Prime; _module_preset=\u00a0\u00bbdefault\u00a0\u00bb global_colors_info=\u00a0\u00bb{}\u00a0\u00bb]<\/p>\n<p>Municipalit\u00e9 d&rsquo;Amari, R\u00e9gion de R\u00e9thymnon<br \/>Agia Fotini d\u2019Amari, \u03a4\u039a.74061<br \/>T\u00e9l\u00e9phones: 2833340201, \u03a6\u03b1\u03be: 2833022104<br \/>Bureau du maire: 2833340212<br \/>Police touristique: +30 28310 53450<br \/>Police de la route: +30 28310 22589<br \/>Centre de sant\u00e9 d\u2019Agia Fotini: +30 28333 40000 \u03ad\u03c9\u03c2 40011<br \/>Autobus interurbains (Chania): +30 28210 93052<br \/>Autobus interurbains (R\u00e9thymnon): +30 28310 22212<br \/>Autobus interurbains H\u00e9raklion &#8211; Lassithi: +30 2810 24502<\/p>\n<p>[\/et_pb_text][\/et_pb_column][\/et_pb_row][\/et_pb_section]<\/p>\n","protected":false},"excerpt":{"rendered":"<p>Elle appartient \u00e0 la r\u00e9gion de Cr\u00e8te et rel\u00e8ve administrativement de l&rsquo;unit\u00e9 r\u00e9gionale de R\u00e9thymnon. Elle a \u00e9t\u00e9 cr\u00e9\u00e9e le 1er janvier 2011, avec la loi 3852\/2010 sur l&rsquo;architecture de l&rsquo;autonomie et de l&rsquo;administration d\u00e9centralis\u00e9e &#8211; Projet Kallikratis\u00a0\u00bb et r\u00e9sulte de la fusion des municipalit\u00e9s pr\u00e9existantes de Syvritos et de Kourites. Elle s&rsquo;\u00e9tend au centre [&hellip;]<\/p>\n","protected":false},"author":4,"featured_media":0,"parent":0,"menu_order":0,"comment_status":"closed","ping_status":"closed","template":"","meta":{"_et_pb_use_builder":"on","_et_pb_old_content":"","_et_gb_content_width":"","footnotes":""},"class_list":["post-25037","page","type-page","status-publish","hentry"],"_links":{"self":[{"href":"https:\/\/www.discoveramari.gr\/fr\/wp-json\/wp\/v2\/pages\/25037","targetHints":{"allow":["GET"]}}],"collection":[{"href":"https:\/\/www.discoveramari.gr\/fr\/wp-json\/wp\/v2\/pages"}],"about":[{"href":"https:\/\/www.discoveramari.gr\/fr\/wp-json\/wp\/v2\/types\/page"}],"author":[{"embeddable":true,"href":"https:\/\/www.discoveramari.gr\/fr\/wp-json\/wp\/v2\/users\/4"}],"replies":[{"embeddable":true,"href":"https:\/\/www.discoveramari.gr\/fr\/wp-json\/wp\/v2\/comments?post=25037"}],"version-history":[{"count":6,"href":"https:\/\/www.discoveramari.gr\/fr\/wp-json\/wp\/v2\/pages\/25037\/revisions"}],"predecessor-version":[{"id":25523,"href":"https:\/\/www.discoveramari.gr\/fr\/wp-json\/wp\/v2\/pages\/25037\/revisions\/25523"}],"wp:attachment":[{"href":"https:\/\/www.discoveramari.gr\/fr\/wp-json\/wp\/v2\/media?parent=25037"}],"curies":[{"name":"wp","href":"https:\/\/api.w.org\/{rel}","templated":true}]}}