{"id":25390,"date":"2015-07-27T11:38:55","date_gmt":"2015-07-27T11:38:55","guid":{"rendered":"https:\/\/www.discoveramari.gr\/%cf%8c%cf%81%ce%bf%ce%b9-%cf%87%cf%81%ce%ae%cf%83%ce%b7%cf%82\/"},"modified":"2023-07-12T16:40:03","modified_gmt":"2023-07-12T13:40:03","slug":"%cf%8c%cf%81%ce%bf%ce%b9-%cf%87%cf%81%ce%ae%cf%83%ce%b7%cf%82","status":"publish","type":"page","link":"https:\/\/www.discoveramari.gr\/fr\/%cf%8c%cf%81%ce%bf%ce%b9-%cf%87%cf%81%ce%ae%cf%83%ce%b7%cf%82\/","title":{"rendered":"Conditions d&rsquo;utilisation"},"content":{"rendered":"<p>Ce site Web www.discoveramari.gr (\u00ab\u00a0Site\u00a0\u00bb) appartient \u00e0 la \u00ab\u00a0Municipalit\u00e9 d&rsquo;Amari\u00a0\u00bb (\u00ab\u00a0Municipalit\u00e9\u00a0\u00bb) et son utilisation est soumise aux conditions suivantes\u00a0:<\/p>\n<p>1) Le \u00ab\u00a0Site\u00a0\u00bb comprend un contenu (\u00ab\u00a0Contenu\u00a0\u00bb) qui est la propri\u00e9t\u00e9 intellectuelle de la \u00ab\u00a0Municipalit\u00e9\u00a0\u00bb et est prot\u00e9g\u00e9 par les dispositions pertinentes du droit grec et europ\u00e9en, ainsi que par les conventions internationales pertinentes. Ce \u00ab\u00a0Contenu\u00a0\u00bb comprend, mais sans s&rsquo;y limiter, les textes, images et vid\u00e9os appartenant \u00e0 la \u00ab\u00a0Municipalit\u00e9\u00a0\u00bb qui sont tous prot\u00e9g\u00e9s par les lois sur le droit d&rsquo;auteur applicables.<\/p>\n<p>2) La Municipalit\u00e9 encourage l&rsquo;utilisation priv\u00e9e du Site et du Contenu \u00e0 des fins d&rsquo;information personnelle, ainsi que l&rsquo;utilisation \u00e0 des fins \u00e9ducatives ou de recherche. L&rsquo;utilisation dans le cadre d&rsquo;une entreprise ou d&rsquo;un service ou d&rsquo;une organisation n&rsquo;est pas une utilisation priv\u00e9e. \u00c0 des fins \u00e9ducatives ou de recherche uniquement, la reproduction ou le stockage de pages ou de donn\u00e9es individuelles est autoris\u00e9, \u00e0 la condition n\u00e9cessaire que leur origine soit indiqu\u00e9e par le \u00ab\u00a0Site\u00a0\u00bb (www.discoveramari.gr).<\/p>\n<p>3) Il est strictement interdit de stocker, reproduire, republier, transmettre ou distribuer toute partie du \u00ab\u00a0Contenu\u00a0\u00bb du \u00ab\u00a0Site\u00a0\u00bb \u00e0 des fins commerciales ou pour toute autre utilisation qui ne rel\u00e8ve pas du paragraphe 2.<\/p>\n<p>4) L&rsquo;utilisation du \u00ab\u00a0Site\u00a0\u00bb doit \u00eatre faite exclusivement \u00e0 des fins l\u00e9gales et d&rsquo;une mani\u00e8re qui ne limite ni n&#8217;emp\u00eache son utilisation par des tiers. Le visiteur\/utilisateur doit se conformer aux r\u00e8gles et dispositions applicables du droit grec, europ\u00e9en et international et est tenu d&rsquo;utiliser le \u00ab\u00a0Site\u00a0\u00bb conform\u00e9ment \u00e0 la loi, aux bonnes moeurs et aux pr\u00e9sentes Conditions d&rsquo;utilisation. Le visiteur\/utilisateur est tenu de s&rsquo;abstenir de tout comportement ill\u00e9gal et abusif lors de son utilisation et en relation avec celui-ci, et assume la responsabilit\u00e9 de tout dommage caus\u00e9 \u00e0 la \u00ab\u00a0Municipalit\u00e9\u00a0\u00bb et\/ou \u00e0 un tiers du fait d&rsquo;une utilisation mauvaise ou d\u00e9loyale du \u00ab\u00a0Site \u00a0\u00bb et\/ou les services connexes offerts par son interm\u00e9diaire.<\/p>\n<p>5) La \u00ab\u00a0Municipalit\u00e9\u00a0\u00bb d\u00e9clare qu&rsquo;elle met tout en oeuvre pour que tous les contenus et informations affich\u00e9s sur le \u00ab\u00a0Site\u00a0\u00bb soient caract\u00e9ris\u00e9s, dans la mesure du possible, par l&rsquo;exactitude, la clart\u00e9, la pr\u00e9cision, l&rsquo;exhaustivit\u00e9, l&rsquo;actualit\u00e9 et la disponibilit\u00e9, sans toutefois garantir que les pages, services, options et contenus seront fournis sans interruption et sans erreur, et que les erreurs seront corrig\u00e9es\u00a0; De plus, la \u00ab\u00a0Municipalit\u00e9\u00a0\u00bb ne garantit pas que le m\u00eame site Web ou tout autre site Web connexe ou les serveurs (\u00ab\u00a0serveurs\u00a0\u00bb) par lesquels ils sont plac\u00e9s au visiteur\/utilisateur sont fournis sans \u00ab\u00a0virus\u00a0\u00bb ou autres composants nuisibles. La \u00ab\u00a0Municipalit\u00e9\u00a0\u00bb n&rsquo;est pas responsable de toute forme de dommage subi par le visiteur\/utilisateur des pages, services, options et contenus du \u00ab\u00a0Site\u00a0\u00bb dans lequel il proc\u00e8de de sa propre initiative et en connaissance des Conditions d&rsquo;utilisation.<\/p>\n<p>6) Les donn\u00e9es personnelles que les utilisateurs peuvent entrer pour envoyer des messages \u00e9lectroniques au Communication du \u00ab\u00a0Site\u00a0\u00bb, sont incluses dans les fichiers de la \u00ab\u00a0Municipalit\u00e9\u00a0\u00bb, sont utilis\u00e9es exclusivement pour un meilleur service et mise \u00e0 jour et ne sont en aucun cas reproduites ou mises \u00e0 la disposition de tiers.<\/p>\n<p>Tout traitement de donn\u00e9es personnelles est toujours effectu\u00e9 dans l&rsquo;int\u00e9r\u00eat des utilisateurs, en respectant les principes de l\u00e9galit\u00e9, de transparence, d&rsquo;exactitude, de disponibilit\u00e9 et d&rsquo;int\u00e9grit\u00e9 sous toutes ses formes, ainsi que cela, en pleine harmonie avec le r\u00e8glement europ\u00e9en sur la protection des donn\u00e9es personnelles (RGPD) met en \u0153uvre des Mesures Techniques et Organisationnelles Appropri\u00e9es pour prot\u00e9ger les donn\u00e9es personnelles des utilisateurs et assurer leur confidentialit\u00e9.<\/p>\n<p>7) La \u00ab\u00a0Municipalit\u00e9\u00a0\u00bb se r\u00e9serve le droit de modifier \u00e0 tout moment et sans pr\u00e9avis les Conditions d&rsquo;Utilisation du \u00ab\u00a0Site\u00a0\u00bb et de les publier sur cette page.<\/p>\n","protected":false},"excerpt":{"rendered":"<p>Ce site Web www.discoveramari.gr (\u00ab\u00a0Site\u00a0\u00bb) appartient \u00e0 la \u00ab\u00a0Municipalit\u00e9 d&rsquo;Amari\u00a0\u00bb (\u00ab\u00a0Municipalit\u00e9\u00a0\u00bb) et son utilisation est soumise aux conditions suivantes\u00a0: 1) Le \u00ab\u00a0Site\u00a0\u00bb comprend un contenu (\u00ab\u00a0Contenu\u00a0\u00bb) qui est la propri\u00e9t\u00e9 intellectuelle de la \u00ab\u00a0Municipalit\u00e9\u00a0\u00bb et est prot\u00e9g\u00e9 par les dispositions pertinentes du droit grec et europ\u00e9en, ainsi que par les conventions internationales pertinentes. Ce \u00ab\u00a0Contenu\u00a0\u00bb [&hellip;]<\/p>\n","protected":false},"author":4,"featured_media":0,"parent":0,"menu_order":0,"comment_status":"open","ping_status":"closed","template":"","meta":{"_et_pb_use_builder":"off","_et_pb_old_content":"","_et_gb_content_width":"","footnotes":""},"class_list":["post-25390","page","type-page","status-publish","hentry"],"_links":{"self":[{"href":"https:\/\/www.discoveramari.gr\/fr\/wp-json\/wp\/v2\/pages\/25390","targetHints":{"allow":["GET"]}}],"collection":[{"href":"https:\/\/www.discoveramari.gr\/fr\/wp-json\/wp\/v2\/pages"}],"about":[{"href":"https:\/\/www.discoveramari.gr\/fr\/wp-json\/wp\/v2\/types\/page"}],"author":[{"embeddable":true,"href":"https:\/\/www.discoveramari.gr\/fr\/wp-json\/wp\/v2\/users\/4"}],"replies":[{"embeddable":true,"href":"https:\/\/www.discoveramari.gr\/fr\/wp-json\/wp\/v2\/comments?post=25390"}],"version-history":[{"count":2,"href":"https:\/\/www.discoveramari.gr\/fr\/wp-json\/wp\/v2\/pages\/25390\/revisions"}],"predecessor-version":[{"id":25699,"href":"https:\/\/www.discoveramari.gr\/fr\/wp-json\/wp\/v2\/pages\/25390\/revisions\/25699"}],"wp:attachment":[{"href":"https:\/\/www.discoveramari.gr\/fr\/wp-json\/wp\/v2\/media?parent=25390"}],"curies":[{"name":"wp","href":"https:\/\/api.w.org\/{rel}","templated":true}]}}