{"id":25633,"date":"2023-03-20T10:16:20","date_gmt":"2023-03-20T07:16:20","guid":{"rendered":"https:\/\/www.discoveramari.gr\/amari-green-festival\/"},"modified":"2023-07-12T15:19:45","modified_gmt":"2023-07-12T12:19:45","slug":"amari-green-festival","status":"publish","type":"page","link":"https:\/\/www.discoveramari.gr\/fr\/amari-green-festival\/","title":{"rendered":"Amari Green Festival"},"content":{"rendered":"<p>[et_pb_section fb_built=\u00a0\u00bb1&Prime; admin_label=\u00a0\u00bbsection\u00a0\u00bb _builder_version=\u00a0\u00bb4.16&Prime; global_colors_info=\u00a0\u00bb{}\u00a0\u00bb][et_pb_row admin_label=\u00a0\u00bbrow\u00a0\u00bb _builder_version=\u00a0\u00bb4.16&Prime; background_size=\u00a0\u00bbinitial\u00a0\u00bb background_position=\u00a0\u00bbtop_left\u00a0\u00bb background_repeat=\u00a0\u00bbrepeat\u00a0\u00bb global_colors_info=\u00a0\u00bb{}\u00a0\u00bb][et_pb_column type=\u00a0\u00bb4_4&Prime; _builder_version=\u00a0\u00bb4.16&Prime; custom_padding=\u00a0\u00bb|||\u00a0\u00bb global_colors_info=\u00a0\u00bb{}\u00a0\u00bb custom_padding__hover=\u00a0\u00bb|||\u00a0\u00bb][et_pb_post_title meta=\u00a0\u00bboff\u00a0\u00bb featured_image=\u00a0\u00bboff\u00a0\u00bb _builder_version=\u00a0\u00bb4.21.0&Prime; _module_preset=\u00a0\u00bbdefault\u00a0\u00bb title_font=\u00a0\u00bbsports_tourism_font||||||||\u00a0\u00bb global_colors_info=\u00a0\u00bb{}\u00a0\u00bb][\/et_pb_post_title][et_pb_text admin_label=\u00a0\u00bbText\u00a0\u00bb _builder_version=\u00a0\u00bb4.21.0&Prime; background_size=\u00a0\u00bbinitial\u00a0\u00bb background_position=\u00a0\u00bbtop_left\u00a0\u00bb background_repeat=\u00a0\u00bbrepeat\u00a0\u00bb hover_enabled=\u00a0\u00bb0&Prime; global_colors_info=\u00a0\u00bb{}\u00a0\u00bb sticky_enabled=\u00a0\u00bb0&Prime;]<\/p>\n<p style=\"text-align: justify;\">Il se tient chaque \u00e9t\u00e9 \u00e0 Amari depuis quelques ann\u00e9es et est aujourd&rsquo;hui \u00e9tabli. C&rsquo;est l&rsquo;un des plus grands festivals de Cr\u00e8te avec une large participation, organis\u00e9 par la municipalit\u00e9 d&rsquo;Amari, la soci\u00e9t\u00e9 d&rsquo;utilit\u00e9 publique de la municipalit\u00e9 d&rsquo;Amari et la soci\u00e9t\u00e9 culturelle Eidomen, alors que les co-organisateurs sont la r\u00e9gion de Cr\u00e8te, l&rsquo;unit\u00e9 r\u00e9gionale de R\u00e9thymnon et la Chambre de R\u00e9thymnon.<\/p>\n<p style=\"text-align: justify;\">Il est d\u00e9di\u00e9 \u00e0 la tradition cr\u00e9toise et son but est de pr\u00e9server et de mettre en valeur l&rsquo;h\u00e9ritage culturel du lieu. Le festival Amari Green comprend un large \u00e9ventail d&rsquo;\u00e9v\u00e9nements culturels et d&rsquo;autres activit\u00e9s telles que des concerts, des repr\u00e9sentations th\u00e9\u00e2trales, des spectacles de danse, des renouveaux des coutumes, des activit\u00e9s pour les enfants, des journ\u00e9es scientifiques, des randonn\u00e9es et bien d&rsquo;autres.<\/p>\n<p>[\/et_pb_text][\/et_pb_column][\/et_pb_row][\/et_pb_section]<\/p>\n","protected":false},"excerpt":{"rendered":"<p>Il se tient chaque \u00e9t\u00e9 \u00e0 Amari depuis quelques ann\u00e9es et est aujourd&rsquo;hui \u00e9tabli. C&rsquo;est l&rsquo;un des plus grands festivals de Cr\u00e8te avec une large participation, organis\u00e9 par la municipalit\u00e9 d&rsquo;Amari, la soci\u00e9t\u00e9 d&rsquo;utilit\u00e9 publique de la municipalit\u00e9 d&rsquo;Amari et la soci\u00e9t\u00e9 culturelle Eidomen, alors que les co-organisateurs sont la r\u00e9gion de Cr\u00e8te, l&rsquo;unit\u00e9 r\u00e9gionale [&hellip;]<\/p>\n","protected":false},"author":4,"featured_media":0,"parent":0,"menu_order":0,"comment_status":"closed","ping_status":"closed","template":"","meta":{"_et_pb_use_builder":"on","_et_pb_old_content":"<p>\u03a0\u03c1\u03b1\u03b3\u03bc\u03b1\u03c4\u03bf\u03c0\u03bf\u03b9\u03b5\u03af\u03c4\u03b1\u03b9 \u03c4\u03b1 \u03c4\u03b5\u03bb\u03b5\u03c5\u03c4\u03b1\u03af\u03b1 \u03c7\u03c1\u03cc\u03bd\u03b9\u03b1 \u03ba\u03ac\u03b8\u03b5 \u03ba\u03b1\u03bb\u03bf\u03ba\u03b1\u03af\u03c1\u03b9 \u03c3\u03c4\u03bf \u0391\u03bc\u03ac\u03c1\u03b9 \u03ba\u03b1\u03b9 \u03ad\u03c7\u03b5\u03b9 \u03b3\u03af\u03bd\u03b5\u03b9 \u03c0\u03bb\u03ad\u03bf\u03bd \u03b8\u03b5\u03c3\u03bc\u03cc\u03c2. \u03a0\u03c1\u03cc\u03ba\u03b5\u03b9\u03c4\u03b1\u03b9 \u03b3\u03b9\u03b1 \u03ad\u03bd\u03b1 \u03b1\u03c0\u03cc \u03c4\u03b1 \u03bc\u03b5\u03b3\u03b1\u03bb\u03cd\u03c4\u03b5\u03c1\u03b1 \u03c6\u03b5\u03c3\u03c4\u03b9\u03b2\u03ac\u03bb \u03c4\u03b7\u03c2 \u039a\u03c1\u03ae\u03c4\u03b7\u03c2 \u03bc\u03b5 \u03bc\u03b5\u03b3\u03ac\u03bb\u03b7 \u03c3\u03c5\u03bc\u03bc\u03b5\u03c4\u03bf\u03c7\u03ae, \u03c4\u03bf \u03bf\u03c0\u03bf\u03af\u03bf \u03b4\u03b9\u03bf\u03c1\u03b3\u03b1\u03bd\u03ce\u03bd\u03bf\u03c5\u03bd \u03bf \u0394\u03ae\u03bc\u03bf\u03c2 \u0391\u03bc\u03b1\u03c1\u03af\u03bf\u03c5, \u03b7 \u039a\u03bf\u03b9\u03bd\u03c9\u03c6\u03b5\u03bb\u03ae\u03c2 \u0395\u03c4\u03b1\u03b9\u03c1\u03b5\u03af\u03b1 \u03c4\u03bf\u03c5 \u0394\u03ae\u03bc\u03bf\u03c5 \u0391\u03bc\u03b1\u03c1\u03af\u03bf\u03c5 \u03ba\u03b1\u03b9 \u03b7 \u03a0\u03bf\u03bb\u03b9\u03c4\u03b9\u03c3\u03c4\u03b9\u03ba\u03ae \u0395\u03c4\u03b1\u03b9\u03c1\u03b5\u03af\u03b1 \u0395\u03af\u03b4\u03bf\u03bc\u03b5\u03bd, \u03b5\u03bd\u03ce \u03c3\u03c5\u03bd\u03b4\u03b9\u03bf\u03c1\u03b3\u03b1\u03bd\u03c9\u03c4\u03ad\u03c2 \u03b5\u03af\u03bd\u03b1\u03b9 \u03b7 \u03a0\u03b5\u03c1\u03b9\u03c6\u03ad\u03c1\u03b5\u03b9\u03b1 \u039a\u03c1\u03ae\u03c4\u03b7\u03c2, \u03b7 \u03a0\u03b5\u03c1\u03b9\u03c6\u03b5\u03c1\u03b5\u03b9\u03b1\u03ba\u03ae \u0395\u03bd\u03cc\u03c4\u03b7\u03c4\u03b1 \u03a1\u03b5\u03b8\u03cd\u03bc\u03bd\u03bf\u03c5 \u03ba\u03b1\u03b9 \u03c4\u03bf \u0395\u03c0\u03b9\u03bc\u03b5\u03bb\u03b7\u03c4\u03ae\u03c1\u03b9\u03bf \u03a1\u03b5\u03b8\u03cd\u03bc\u03bd\u03b7\u03c2.<\/p><p>\u0395\u03af\u03bd\u03b1\u03b9 \u03b1\u03c6\u03b9\u03b5\u03c1\u03c9\u03bc\u03ad\u03bd\u03bf \u03c3\u03c4\u03b7\u03bd \u039a\u03c1\u03b7\u03c4\u03b9\u03ba\u03ae \u03c0\u03b1\u03c1\u03ac\u03b4\u03bf\u03c3\u03b7 \u03ba\u03b1\u03b9 \u03c3\u03ba\u03bf\u03c0\u03cc\u03c2 \u03c4\u03bf\u03c5 \u03b5\u03af\u03bd\u03b1\u03b9 \u03bd\u03b1 \u03b4\u03b9\u03b1\u03c4\u03b7\u03c1\u03ae\u03c3\u03b5\u03b9 \u03ba\u03b1\u03b9 \u03bd\u03b1 \u03b1\u03bd\u03b1\u03b4\u03b5\u03af\u03be\u03b5\u03b9 \u03c4\u03b7\u03bd \u03c0\u03bf\u03bb\u03b9\u03c4\u03b9\u03c3\u03c4\u03b9\u03ba\u03ae \u03c0\u03b1\u03c1\u03b1\u03ba\u03b1\u03c4\u03b1\u03b8\u03ae\u03ba\u03b7 \u03c4\u03bf\u03c5 \u03c4\u03cc\u03c0\u03bf\u03c5. \u03a4\u03bf Amari Green festival \u03c0\u03b5\u03c1\u03b9\u03bb\u03b1\u03bc\u03b2\u03ac\u03bd\u03b5\u03b9 \u03bc\u03b9\u03b1 \u03b5\u03c5\u03c1\u03b5\u03af\u03b1 \u03b3\u03ba\u03ac\u03bc\u03b1 \u03c0\u03bf\u03bb\u03b9\u03c4\u03b9\u03c3\u03c4\u03b9\u03ba\u03ce\u03bd \u03b5\u03ba\u03b4\u03b7\u03bb\u03ce\u03c3\u03b5\u03c9\u03bd \u03ba\u03b1\u03b9 \u03ac\u03bb\u03bb\u03c9\u03bd \u03b4\u03c1\u03ac\u03c3\u03b5\u03c9\u03bd \u03cc\u03c0\u03c9\u03c2 \u03c3\u03c5\u03bd\u03b1\u03c5\u03bb\u03af\u03b5\u03c2 , \u03b8\u03b5\u03b1\u03c4\u03c1\u03b9\u03ba\u03ad\u03c2 \u03c0\u03b1\u03c1\u03b1\u03c3\u03c4\u03ac\u03c3\u03b5\u03b9\u03c2, \u03c0\u03b1\u03c1\u03b1\u03c3\u03c4\u03ac\u03c3\u03b5\u03b9\u03c2 \u03c7\u03bf\u03c1\u03bf\u03cd, \u03b1\u03bd\u03b1\u03b2\u03b9\u03ce\u03c3\u03b5\u03b9\u03c2 \u03b5\u03b8\u03af\u03bc\u03c9\u03bd, \u03b4\u03c1\u03ac\u03c3\u03b5\u03b9\u03c2 \u03b3\u03b9\u03b1 \u03c0\u03b1\u03b9\u03b4\u03b9\u03ac, \u03b5\u03c0\u03b9\u03c3\u03c4\u03b7\u03bc\u03bf\u03bd\u03b9\u03ba\u03ad\u03c2 \u03b7\u03bc\u03b5\u03c1\u03af\u03b4\u03b5\u03c2, \u03c0\u03b5\u03b6\u03bf\u03c0\u03bf\u03c1\u03af\u03b5\u03c2 \u03ba\u03b1\u03b9 \u03ac\u03bb\u03bb\u03b1 \u03c0\u03bf\u03bb\u03bb\u03ac.<\/p><p>\u03a0\u03b5\u03c1\u03b9\u03c3\u03c3\u03cc\u03c4\u03b5\u03c1\u03b1 \u03b3\u03b9\u03b1 \u03c4\u03bf \u03a6\u03b5\u03c3\u03c4\u03b9\u03b2\u03ac\u03bb \u03b5\u03b4\u03ce <a href=\"https:\/\/www.amari.gr\/amari-green-festival\/\">https:\/\/www.amari.gr\/amari-green-festival\/<\/a><\/p>","_et_gb_content_width":"","footnotes":""},"class_list":["post-25633","page","type-page","status-publish","hentry"],"_links":{"self":[{"href":"https:\/\/www.discoveramari.gr\/fr\/wp-json\/wp\/v2\/pages\/25633","targetHints":{"allow":["GET"]}}],"collection":[{"href":"https:\/\/www.discoveramari.gr\/fr\/wp-json\/wp\/v2\/pages"}],"about":[{"href":"https:\/\/www.discoveramari.gr\/fr\/wp-json\/wp\/v2\/types\/page"}],"author":[{"embeddable":true,"href":"https:\/\/www.discoveramari.gr\/fr\/wp-json\/wp\/v2\/users\/4"}],"replies":[{"embeddable":true,"href":"https:\/\/www.discoveramari.gr\/fr\/wp-json\/wp\/v2\/comments?post=25633"}],"version-history":[{"count":1,"href":"https:\/\/www.discoveramari.gr\/fr\/wp-json\/wp\/v2\/pages\/25633\/revisions"}],"predecessor-version":[{"id":25638,"href":"https:\/\/www.discoveramari.gr\/fr\/wp-json\/wp\/v2\/pages\/25633\/revisions\/25638"}],"wp:attachment":[{"href":"https:\/\/www.discoveramari.gr\/fr\/wp-json\/wp\/v2\/media?parent=25633"}],"curies":[{"name":"wp","href":"https:\/\/api.w.org\/{rel}","templated":true}]}}